{"id":3587,"date":"2020-02-11T13:59:47","date_gmt":"2020-02-11T18:59:47","guid":{"rendered":"https:\/\/lions.financial\/?page_id=3587"},"modified":"2022-10-19T22:07:58","modified_gmt":"2022-10-20T03:07:58","slug":"technology-consulting-services","status":"publish","type":"page","link":"https:\/\/lions.financial\/fr\/technology-consulting-services\/","title":{"rendered":"Services de conseil en technologie"},"content":{"rendered":"<div data-elementor-type=\"wp-page\" data-elementor-id=\"3587\" class=\"elementor elementor-3587\" data-elementor-post-type=\"page\">\n\t\t\t\t\t\t<section class=\"elementor-section elementor-top-section elementor-element elementor-element-7b214ebe elementor-section-boxed elementor-section-height-default elementor-section-height-default\" data-id=\"7b214ebe\" data-element_type=\"section\" data-e-type=\"section\" data-settings=\"{&quot;background_background&quot;:&quot;classic&quot;}\">\n\t\t\t\t\t\t<div class=\"elementor-container elementor-column-gap-default\">\n\t\t\t\t\t<div class=\"elementor-column elementor-col-100 elementor-top-column elementor-element elementor-element-861f36e\" data-id=\"861f36e\" data-element_type=\"column\" data-e-type=\"column\">\n\t\t\t<div class=\"elementor-widget-wrap elementor-element-populated\">\n\t\t\t\t\t\t<div class=\"elementor-element elementor-element-9c96656 elementor-widget elementor-widget-spacer\" data-id=\"9c96656\" data-element_type=\"widget\" data-e-type=\"widget\" data-widget_type=\"spacer.default\">\n\t\t\t\t<div class=\"elementor-widget-container\">\n\t\t\t\t\t\t\t<div class=\"elementor-spacer\">\n\t\t\t<div class=\"elementor-spacer-inner\"><\/div>\n\t\t<\/div>\n\t\t\t\t\t\t<\/div>\n\t\t\t\t<\/div>\n\t\t\t\t<div class=\"elementor-element elementor-element-4f0e31f5 elementor-widget elementor-widget-heading\" data-id=\"4f0e31f5\" data-element_type=\"widget\" data-e-type=\"widget\" data-widget_type=\"heading.default\">\n\t\t\t\t<div class=\"elementor-widget-container\">\n\t\t\t\t\t<h1 class=\"elementor-heading-title elementor-size-default\">Services technologiques<\/h1>\t\t\t\t<\/div>\n\t\t\t\t<\/div>\n\t\t\t\t<div class=\"elementor-element elementor-element-2a9cdd9 elementor-widget-divider--view-line elementor-widget elementor-widget-divider\" data-id=\"2a9cdd9\" data-element_type=\"widget\" data-e-type=\"widget\" data-widget_type=\"divider.default\">\n\t\t\t\t<div class=\"elementor-widget-container\">\n\t\t\t\t\t\t\t<div class=\"elementor-divider\">\n\t\t\t<span class=\"elementor-divider-separator\">\n\t\t\t\t\t\t<\/span>\n\t\t<\/div>\n\t\t\t\t\t\t<\/div>\n\t\t\t\t<\/div>\n\t\t\t\t<section class=\"elementor-section elementor-inner-section elementor-element elementor-element-274df30a elementor-section-boxed elementor-section-height-default elementor-section-height-default\" data-id=\"274df30a\" data-element_type=\"section\" data-e-type=\"section\">\n\t\t\t\t\t\t<div class=\"elementor-container elementor-column-gap-default\">\n\t\t\t\t\t<div class=\"elementor-column elementor-col-50 elementor-inner-column elementor-element elementor-element-2150d257\" data-id=\"2150d257\" data-element_type=\"column\" data-e-type=\"column\">\n\t\t\t<div class=\"elementor-widget-wrap elementor-element-populated\">\n\t\t\t\t\t\t<div class=\"elementor-element elementor-element-37fa7b93 elementor-widget elementor-widget-heading\" data-id=\"37fa7b93\" data-element_type=\"widget\" data-e-type=\"widget\" data-widget_type=\"heading.default\">\n\t\t\t\t<div class=\"elementor-widget-container\">\n\t\t\t\t\t<h3 class=\"elementor-heading-title elementor-size-default\">Analyses et donn\u00e9es<\/h3>\t\t\t\t<\/div>\n\t\t\t\t<\/div>\n\t\t\t\t<div class=\"elementor-element elementor-element-13ce49e5 elementor-widget elementor-widget-text-editor\" data-id=\"13ce49e5\" data-element_type=\"widget\" data-e-type=\"widget\" data-widget_type=\"text-editor.default\">\n\t\t\t\t<div class=\"elementor-widget-container\">\n\t\t\t\t\t\t\t\t\t<p><b><em>Analytique<\/em> et <\/b><em><span style=\"font-size: 20px; font-weight: bold;\">Donn\u00e9es\u00a0<\/span><\/em><b style=\"font-style: inherit;\">\u00a0sont devenues une priorit\u00e9 pour les entreprises. Les entreprises doivent \u00eatre capables d'identifier, de combiner et de g\u00e9rer de multiples sources de donn\u00e9es tout en cr\u00e9ant une feuille de route pour l'avenir.<\/b><\/p>\t\t\t\t\t\t\t\t<\/div>\n\t\t\t\t<\/div>\n\t\t\t\t\t<\/div>\n\t\t<\/div>\n\t\t\t\t<div class=\"elementor-column elementor-col-50 elementor-inner-column elementor-element elementor-element-6925fa91\" data-id=\"6925fa91\" data-element_type=\"column\" data-e-type=\"column\">\n\t\t\t<div class=\"elementor-widget-wrap elementor-element-populated\">\n\t\t\t\t\t\t<div class=\"elementor-element elementor-element-40e9abcc elementor-widget elementor-widget-heading\" data-id=\"40e9abcc\" data-element_type=\"widget\" data-e-type=\"widget\" data-widget_type=\"heading.default\">\n\t\t\t\t<div class=\"elementor-widget-container\">\n\t\t\t\t\t<h3 class=\"elementor-heading-title elementor-size-default\">Gestion et strat\u00e9gie de projet <\/h3>\t\t\t\t<\/div>\n\t\t\t\t<\/div>\n\t\t\t\t<div class=\"elementor-element elementor-element-21c81899 elementor-widget elementor-widget-text-editor\" data-id=\"21c81899\" data-element_type=\"widget\" data-e-type=\"widget\" data-widget_type=\"text-editor.default\">\n\t\t\t\t<div class=\"elementor-widget-container\">\n\t\t\t\t\t\t\t\t\t<p><b>Nous aidons les entreprises, qu'elles soient B2B ou B2C, \u00e0 \u00e9laborer des strat\u00e9gies et \u00e0 prendre des d\u00e9cisions plus judicieuses en mati\u00e8re de technologie, de marketing, d'op\u00e9rations et de conception organisationnelle, tout en mettant \u00e0 leur disposition un gestionnaire de projet qui fait office de point de contact unique afin d'\u00e9liminer les goulets d'\u00e9tranglement en mati\u00e8re de planification et d'ex\u00e9cution.\u00a0\u00a0<\/b><\/p>\t\t\t\t\t\t\t\t<\/div>\n\t\t\t\t<\/div>\n\t\t\t\t\t<\/div>\n\t\t<\/div>\n\t\t\t\t\t<\/div>\n\t\t<\/section>\n\t\t\t\t<section class=\"elementor-section elementor-inner-section elementor-element elementor-element-16d3e60c elementor-section-boxed elementor-section-height-default elementor-section-height-default\" data-id=\"16d3e60c\" data-element_type=\"section\" data-e-type=\"section\">\n\t\t\t\t\t\t<div class=\"elementor-container elementor-column-gap-default\">\n\t\t\t\t\t<div class=\"elementor-column elementor-col-50 elementor-inner-column elementor-element elementor-element-424b7fe0\" data-id=\"424b7fe0\" data-element_type=\"column\" data-e-type=\"column\">\n\t\t\t<div class=\"elementor-widget-wrap elementor-element-populated\">\n\t\t\t\t\t\t<div class=\"elementor-element elementor-element-41a16bac elementor-widget elementor-widget-heading\" data-id=\"41a16bac\" data-element_type=\"widget\" data-e-type=\"widget\" data-widget_type=\"heading.default\">\n\t\t\t\t<div class=\"elementor-widget-container\">\n\t\t\t\t\t<h3 class=\"elementor-heading-title elementor-size-default\">\nM\u00e9dias num\u00e9riques et marketing<\/h3>\t\t\t\t<\/div>\n\t\t\t\t<\/div>\n\t\t\t\t<div class=\"elementor-element elementor-element-1593031e elementor-widget elementor-widget-text-editor\" data-id=\"1593031e\" data-element_type=\"widget\" data-e-type=\"widget\" data-widget_type=\"text-editor.default\">\n\t\t\t\t<div class=\"elementor-widget-container\">\n\t\t\t\t\t\t\t\t\t<p><b>Nous aidons \u00e0 construire des r\u00e9seaux num\u00e9riques int\u00e9gr\u00e9s et performants.\u00a0<em>marketing<\/em>\u00a0plans et citations en ligne. Du site web \u00e0 la recherche, de l'e-mail aux r\u00e9seaux sociaux, et des citations locales \u00e0 la carte...<\/b><span style=\"font-size: 20px; font-style: normal; font-weight: bold;\">nous savons comment aider votre entreprise \u00e0 g\u00e9n\u00e9rer des prospects.<\/span><\/p>\t\t\t\t\t\t\t\t<\/div>\n\t\t\t\t<\/div>\n\t\t\t\t\t<\/div>\n\t\t<\/div>\n\t\t\t\t<div class=\"elementor-column elementor-col-50 elementor-inner-column elementor-element elementor-element-5861eaa5\" data-id=\"5861eaa5\" data-element_type=\"column\" data-e-type=\"column\">\n\t\t\t<div class=\"elementor-widget-wrap elementor-element-populated\">\n\t\t\t\t\t\t<div class=\"elementor-element elementor-element-67b47dff elementor-widget elementor-widget-heading\" data-id=\"67b47dff\" data-element_type=\"widget\" data-e-type=\"widget\" data-widget_type=\"heading.default\">\n\t\t\t\t<div class=\"elementor-widget-container\">\n\t\t\t\t\t<h3 class=\"elementor-heading-title elementor-size-default\">\nConseil en ressources humaines<\/h3>\t\t\t\t<\/div>\n\t\t\t\t<\/div>\n\t\t\t\t<div class=\"elementor-element elementor-element-3ba90862 elementor-widget elementor-widget-text-editor\" data-id=\"3ba90862\" data-element_type=\"widget\" data-e-type=\"widget\" data-widget_type=\"text-editor.default\">\n\t\t\t\t<div class=\"elementor-widget-container\">\n\t\t\t\t\t\t\t\t\t<div class=\"icon_text\"><p><strong>Nous proc\u00e9dons \u00e0 l'analyse de la situation actuelle de l'entreprise\u00a0<em>RH<\/em>\u00a0les besoins et recommander des solutions. Nous savons comment construire des \u00e9quipes et aider une entreprise \u00e0 r\u00e9ussir \u00e0 ajouter des talents pour atteindre ses objectifs commerciaux. Qu'il s'agisse de programmes de stages, d'ind\u00e9pendants, d'embauches \u00e0 temps partiel ou \u00e0 temps plein.<\/strong><\/p><\/div>\t\t\t\t\t\t\t\t<\/div>\n\t\t\t\t<\/div>\n\t\t\t\t\t<\/div>\n\t\t<\/div>\n\t\t\t\t\t<\/div>\n\t\t<\/section>\n\t\t\t\t<section class=\"elementor-section elementor-inner-section elementor-element elementor-element-ce47d10 elementor-section-boxed elementor-section-height-default elementor-section-height-default\" data-id=\"ce47d10\" data-element_type=\"section\" data-e-type=\"section\">\n\t\t\t\t\t\t<div class=\"elementor-container elementor-column-gap-default\">\n\t\t\t\t\t<div class=\"elementor-column elementor-col-50 elementor-inner-column elementor-element elementor-element-767446\" data-id=\"767446\" data-element_type=\"column\" data-e-type=\"column\">\n\t\t\t<div class=\"elementor-widget-wrap elementor-element-populated\">\n\t\t\t\t\t\t<div class=\"elementor-element elementor-element-12227f05 elementor-widget elementor-widget-heading\" data-id=\"12227f05\" data-element_type=\"widget\" data-e-type=\"widget\" data-widget_type=\"heading.default\">\n\t\t\t\t<div class=\"elementor-widget-container\">\n\t\t\t\t\t<h3 class=\"elementor-heading-title elementor-size-default\">Optimisation des moteurs de recherche<\/h3>\t\t\t\t<\/div>\n\t\t\t\t<\/div>\n\t\t\t\t<div class=\"elementor-element elementor-element-d6da267 elementor-widget elementor-widget-text-editor\" data-id=\"d6da267\" data-element_type=\"widget\" data-e-type=\"widget\" data-widget_type=\"text-editor.default\">\n\t\t\t\t<div class=\"elementor-widget-container\">\n\t\t\t\t\t\t\t\t\t<div class=\"icon_text\"><p><b>L'optimisation pour les moteurs de recherche augmente la visibilit\u00e9 d'un site web sur les plus grands moteurs de recherche d'Internet tels que Google, Bing et Yahoo.  Optimisez les mots-cl\u00e9s de votre entreprise et aidez vos clients potentiels \u00e0 trouver votre entreprise en ligne.<\/b><\/p><\/div>\t\t\t\t\t\t\t\t<\/div>\n\t\t\t\t<\/div>\n\t\t\t\t\t<\/div>\n\t\t<\/div>\n\t\t\t\t<div class=\"elementor-column elementor-col-50 elementor-inner-column elementor-element elementor-element-3f66f07f\" data-id=\"3f66f07f\" data-element_type=\"column\" data-e-type=\"column\">\n\t\t\t<div class=\"elementor-widget-wrap elementor-element-populated\">\n\t\t\t\t\t\t<div class=\"elementor-element elementor-element-74ebfcdb elementor-widget elementor-widget-heading\" data-id=\"74ebfcdb\" data-element_type=\"widget\" data-e-type=\"widget\" data-widget_type=\"heading.default\">\n\t\t\t\t<div class=\"elementor-widget-container\">\n\t\t\t\t\t<h3 class=\"elementor-heading-title elementor-size-default\">Conception et optimisation de sites web<\/h3>\t\t\t\t<\/div>\n\t\t\t\t<\/div>\n\t\t\t\t<div class=\"elementor-element elementor-element-75d1868b elementor-widget elementor-widget-text-editor\" data-id=\"75d1868b\" data-element_type=\"widget\" data-e-type=\"widget\" data-widget_type=\"text-editor.default\">\n\t\t\t\t<div class=\"elementor-widget-container\">\n\t\t\t\t\t\t\t\t\t<p><b>Nous offrons\u00a0<em>Conception de sites Web WordPress<\/em>\u00a0qui est ax\u00e9 sur l'esth\u00e9tique, le r\u00e9f\u00e9rencement et la convertibilit\u00e9. Notre \u00e9quipe de conception de sites Web cr\u00e9era une solution personnalis\u00e9e qui r\u00e9pondra aux besoins sp\u00e9cifiques de votre entreprise.<\/b><\/p>\t\t\t\t\t\t\t\t<\/div>\n\t\t\t\t<\/div>\n\t\t\t\t\t<\/div>\n\t\t<\/div>\n\t\t\t\t\t<\/div>\n\t\t<\/section>\n\t\t\t\t<div class=\"elementor-element elementor-element-5f195b25 elementor-widget elementor-widget-spacer\" data-id=\"5f195b25\" data-element_type=\"widget\" data-e-type=\"widget\" data-widget_type=\"spacer.default\">\n\t\t\t\t<div class=\"elementor-widget-container\">\n\t\t\t\t\t\t\t<div class=\"elementor-spacer\">\n\t\t\t<div class=\"elementor-spacer-inner\"><\/div>\n\t\t<\/div>\n\t\t\t\t\t\t<\/div>\n\t\t\t\t<\/div>\n\t\t\t\t\t<\/div>\n\t\t<\/div>\n\t\t\t\t\t<\/div>\n\t\t<\/section>\n\t\t\t\t<\/div>","protected":false},"excerpt":{"rendered":"<p>Technology Services Analytics and Data Analytics and Data\u00a0\u00a0have climbed to the top of the corporate agenda. Companies must be able to identify, combine, and manage [&hellip;]<\/p>\n","protected":false},"author":8,"featured_media":0,"parent":0,"menu_order":0,"comment_status":"closed","ping_status":"closed","template":"","meta":{"_acf_changed":false,"content-type":"","site-sidebar-layout":"no-sidebar","site-content-layout":"page-builder","ast-site-content-layout":"default","site-content-style":"default","site-sidebar-style":"default","ast-global-header-display":"","ast-banner-title-visibility":"","ast-main-header-display":"","ast-hfb-above-header-display":"","ast-hfb-below-header-display":"","ast-hfb-mobile-header-display":"","site-post-title":"disabled","ast-breadcrumbs-content":"","ast-featured-img":"disabled","footer-sml-layout":"","theme-transparent-header-meta":"default","adv-header-id-meta":"","stick-header-meta":"default","header-above-stick-meta":"","header-main-stick-meta":"","header-below-stick-meta":"","astra-migrate-meta-layouts":"default","ast-page-background-enabled":"default","ast-page-background-meta":{"desktop":{"background-color":"","background-image":"","background-repeat":"repeat","background-position":"center center","background-size":"auto","background-attachment":"scroll","background-type":"","background-media":"","overlay-type":"","overlay-color":"","overlay-opacity":"","overlay-gradient":""},"tablet":{"background-color":"","background-image":"","background-repeat":"repeat","background-position":"center center","background-size":"auto","background-attachment":"scroll","background-type":"","background-media":"","overlay-type":"","overlay-color":"","overlay-opacity":"","overlay-gradient":""},"mobile":{"background-color":"","background-image":"","background-repeat":"repeat","background-position":"center center","background-size":"auto","background-attachment":"scroll","background-type":"","background-media":"","overlay-type":"","overlay-color":"","overlay-opacity":"","overlay-gradient":""}},"ast-content-background-meta":{"desktop":{"background-color":"var(--ast-global-color-5)","background-image":"","background-repeat":"repeat","background-position":"center center","background-size":"auto","background-attachment":"scroll","background-type":"","background-media":"","overlay-type":"","overlay-color":"","overlay-opacity":"","overlay-gradient":""},"tablet":{"background-color":"var(--ast-global-color-5)","background-image":"","background-repeat":"repeat","background-position":"center center","background-size":"auto","background-attachment":"scroll","background-type":"","background-media":"","overlay-type":"","overlay-color":"","overlay-opacity":"","overlay-gradient":""},"mobile":{"background-color":"var(--ast-global-color-5)","background-image":"","background-repeat":"repeat","background-position":"center center","background-size":"auto","background-attachment":"scroll","background-type":"","background-media":"","overlay-type":"","overlay-color":"","overlay-opacity":"","overlay-gradient":""}},"footnotes":""},"class_list":["post-3587","page","type-page","status-publish","hentry"],"acf":[],"_links":{"self":[{"href":"https:\/\/lions.financial\/fr\/wp-json\/wp\/v2\/pages\/3587","targetHints":{"allow":["GET"]}}],"collection":[{"href":"https:\/\/lions.financial\/fr\/wp-json\/wp\/v2\/pages"}],"about":[{"href":"https:\/\/lions.financial\/fr\/wp-json\/wp\/v2\/types\/page"}],"author":[{"embeddable":true,"href":"https:\/\/lions.financial\/fr\/wp-json\/wp\/v2\/users\/8"}],"replies":[{"embeddable":true,"href":"https:\/\/lions.financial\/fr\/wp-json\/wp\/v2\/comments?post=3587"}],"version-history":[{"count":9,"href":"https:\/\/lions.financial\/fr\/wp-json\/wp\/v2\/pages\/3587\/revisions"}],"predecessor-version":[{"id":6974,"href":"https:\/\/lions.financial\/fr\/wp-json\/wp\/v2\/pages\/3587\/revisions\/6974"}],"wp:attachment":[{"href":"https:\/\/lions.financial\/fr\/wp-json\/wp\/v2\/media?parent=3587"}],"curies":[{"name":"wp","href":"https:\/\/api.w.org\/{rel}","templated":true}]}}