{"id":3558,"date":"2020-02-11T13:33:56","date_gmt":"2020-02-11T18:33:56","guid":{"rendered":"https:\/\/lions.financial\/?page_id=3558"},"modified":"2022-10-19T02:31:04","modified_gmt":"2022-10-19T07:31:04","slug":"ariel-serber","status":"publish","type":"page","link":"https:\/\/lions.financial\/fr\/our-team\/ariel-serber\/","title":{"rendered":"Ariel Serber"},"content":{"rendered":"<div data-elementor-type=\"wp-page\" data-elementor-id=\"3558\" class=\"elementor elementor-3558\" data-elementor-post-type=\"page\">\n\t\t\t\t\t\t<section class=\"elementor-section elementor-top-section elementor-element elementor-element-31ecc41 elementor-section-boxed elementor-section-height-default elementor-section-height-default\" data-id=\"31ecc41\" data-element_type=\"section\" data-e-type=\"section\" data-settings=\"{&quot;background_background&quot;:&quot;classic&quot;}\">\n\t\t\t\t\t\t<div class=\"elementor-container elementor-column-gap-default\">\n\t\t\t\t\t<div class=\"elementor-column elementor-col-100 elementor-top-column elementor-element elementor-element-862014b\" data-id=\"862014b\" data-element_type=\"column\" data-e-type=\"column\">\n\t\t\t<div class=\"elementor-widget-wrap elementor-element-populated\">\n\t\t\t\t\t\t<section class=\"elementor-section elementor-inner-section elementor-element elementor-element-52f45f4 elementor-section-boxed elementor-section-height-default elementor-section-height-default\" data-id=\"52f45f4\" data-element_type=\"section\" data-e-type=\"section\">\n\t\t\t\t\t\t<div class=\"elementor-container elementor-column-gap-default\">\n\t\t\t\t\t<div class=\"elementor-column elementor-col-100 elementor-inner-column elementor-element elementor-element-0ed6405\" data-id=\"0ed6405\" data-element_type=\"column\" data-e-type=\"column\" data-settings=\"{&quot;background_background&quot;:&quot;classic&quot;}\">\n\t\t\t<div class=\"elementor-widget-wrap elementor-element-populated\">\n\t\t\t\t\t\t<div class=\"elementor-element elementor-element-f01b475 elementor-position-left elementor-vertical-align-middle elementor-widget elementor-widget-image-box\" data-id=\"f01b475\" data-element_type=\"widget\" data-e-type=\"widget\" data-widget_type=\"image-box.default\">\n\t\t\t\t<div class=\"elementor-widget-container\">\n\t\t\t\t\t<div class=\"elementor-image-box-wrapper\"><figure class=\"elementor-image-box-img\"><a href=\"http:\/\/35.227.21.112\/staff\/ariel-serber\/\" tabindex=\"-1\"><img fetchpriority=\"high\" decoding=\"async\" width=\"600\" height=\"600\" src=\"https:\/\/lions.financial\/wp-content\/uploads\/2020\/02\/Ariel-Serber.jpeg\" class=\"attachment-full size-full wp-image-3580\" alt=\"\" srcset=\"https:\/\/lions.financial\/wp-content\/uploads\/2020\/02\/Ariel-Serber.jpeg 600w, https:\/\/lions.financial\/wp-content\/uploads\/2020\/02\/Ariel-Serber-300x300.jpeg 300w, https:\/\/lions.financial\/wp-content\/uploads\/2020\/02\/Ariel-Serber-150x150.jpeg 150w\" sizes=\"(max-width: 600px) 100vw, 600px\" \/><\/a><\/figure><div class=\"elementor-image-box-content\"><h1 class=\"elementor-image-box-title\"><a href=\"http:\/\/35.227.21.112\/staff\/ariel-serber\/\">Ariel Serber<\/a><\/h1><p class=\"elementor-image-box-description\">Directeur - Gestion des risques<\/p><\/div><\/div>\t\t\t\t<\/div>\n\t\t\t\t<\/div>\n\t\t\t\t<div class=\"elementor-element elementor-element-2263b5b elementor-widget elementor-widget-spacer\" data-id=\"2263b5b\" data-element_type=\"widget\" data-e-type=\"widget\" data-widget_type=\"spacer.default\">\n\t\t\t\t<div class=\"elementor-widget-container\">\n\t\t\t\t\t\t\t<div class=\"elementor-spacer\">\n\t\t\t<div class=\"elementor-spacer-inner\"><\/div>\n\t\t<\/div>\n\t\t\t\t\t\t<\/div>\n\t\t\t\t<\/div>\n\t\t\t\t<div class=\"elementor-element elementor-element-00d263a elementor-widget elementor-widget-text-editor\" data-id=\"00d263a\" data-element_type=\"widget\" data-e-type=\"widget\" data-widget_type=\"text-editor.default\">\n\t\t\t\t<div class=\"elementor-widget-container\">\n\t\t\t\t\t\t\t\t\t<p><strong style=\"font-size: 17px;\">Ariel Serber est directeur chez Lions Financial, o\u00f9 il s'efforce d'aider ses clients en leur fournissant des services financiers ax\u00e9s sur la gestion des risques. Il est sp\u00e9cialis\u00e9 dans les \u00e9l\u00e9ments cl\u00e9s \u00e0 prendre en compte lors de l'\u00e9valuation de polices d'assurance complexes et dans la gestion des r\u00e9gimes d'avantages sociaux collectifs. Il aide les entreprises \u00e0 att\u00e9nuer les risques auxquels elles sont confront\u00e9es en mettant en \u0153uvre des strat\u00e9gies et des produits pour les r\u00e9gimes de protection des personnes cl\u00e9s, les avantages sociaux des cadres et les placements de retraite. En trois ans chez Lions Financial, Ariel a aid\u00e9 avec succ\u00e8s des cadres de grandes organisations et de petites entreprises \u00e0 atteindre leurs objectifs et \u00e0 s'adapter \u00e0 un march\u00e9 dynamique. Il travaille \u00e9galement en partenariat avec d'autres conseillers professionnels pour fournir des produits d'assurance sur mesure et \u00e9laborer des plans financiers et successoraux ainsi que des plans de gestion d'actifs et de patrimoine r\u00e9alisables.<\/strong><\/p><p><strong style=\"font-size: 17px;\">Avant de rejoindre Lions Financial, Ariel a \u00e9t\u00e9 responsable de la gestion de patrimoine chez AXA advisory pendant huit ans. Pendant cette p\u00e9riode, il a aid\u00e9 les clients \u00e0 cr\u00e9er et \u00e0 mettre en \u0153uvre un plan d'action pour atteindre leurs objectifs financiers. Ariel a travaill\u00e9 pour MetLife en tant que repr\u00e9sentant des services financiers. Il a travaill\u00e9 avec des entreprises et des professionnels pour construire un large r\u00e9seau au sein de l'industrie des services financiers. Ariel poss\u00e8de de solides bases en mati\u00e8re de conseil financier, avec des comp\u00e9tences agiles qui lui permettent de s'adapter \u00e0 l'\u00e9volution de l'environnement commercial et de s'assurer qu'il reste concentr\u00e9 sur les besoins r\u00e9els du client en mati\u00e8re de gestion des risques.<\/strong><\/p><p><strong style=\"font-size: 17px;\">Avec plus de 15 ans d'exp\u00e9rience dans les domaines de l'entrepreneuriat, de la gestion, de la planification d'entreprise, de l'analyse financi\u00e8re, des op\u00e9rations et de l'analyse d\u00e9cisionnelle, Ariel poss\u00e8de l'\u00e9tendue et la profondeur de l'exp\u00e9rience n\u00e9cessaire pour comprendre rapidement les activit\u00e9s des entrepreneurs. Il se concentre sur le maintien de la relation avec les clients afin de revoir en permanence la mise en \u0153uvre de la solution financi\u00e8re. Il pense que la technologie \u00e9volue rapidement, mais que les relations humaines sont importantes pour \u00e9laborer le plan le plus adapt\u00e9 \u00e0 la situation des clients, ce qui est toujours ce qui compte le plus dans ce secteur.<\/strong><\/p>\t\t\t\t\t\t\t\t<\/div>\n\t\t\t\t<\/div>\n\t\t\t\t\t<\/div>\n\t\t<\/div>\n\t\t\t\t\t<\/div>\n\t\t<\/section>\n\t\t\t\t\t<\/div>\n\t\t<\/div>\n\t\t\t\t\t<\/div>\n\t\t<\/section>\n\t\t\t\t<\/div>","protected":false},"excerpt":{"rendered":"<p>Ariel Serber Director-Risk Management Ariel Serber is a Director at Lions Financial, where he works to benefit his clients by providing financial services with a [&hellip;]<\/p>\n","protected":false},"author":8,"featured_media":0,"parent":2253,"menu_order":0,"comment_status":"closed","ping_status":"closed","template":"","meta":{"_acf_changed":false,"content-type":"","site-sidebar-layout":"no-sidebar","site-content-layout":"page-builder","ast-site-content-layout":"default","site-content-style":"default","site-sidebar-style":"default","ast-global-header-display":"","ast-banner-title-visibility":"","ast-main-header-display":"","ast-hfb-above-header-display":"","ast-hfb-below-header-display":"","ast-hfb-mobile-header-display":"","site-post-title":"disabled","ast-breadcrumbs-content":"","ast-featured-img":"disabled","footer-sml-layout":"","ast-disable-related-posts":"","theme-transparent-header-meta":"default","adv-header-id-meta":"","stick-header-meta":"default","header-above-stick-meta":"","header-main-stick-meta":"","header-below-stick-meta":"","astra-migrate-meta-layouts":"default","ast-page-background-enabled":"default","ast-page-background-meta":{"desktop":{"background-color":"","background-image":"","background-repeat":"repeat","background-position":"center center","background-size":"auto","background-attachment":"scroll","background-type":"","background-media":"","overlay-type":"","overlay-color":"","overlay-opacity":"","overlay-gradient":""},"tablet":{"background-color":"","background-image":"","background-repeat":"repeat","background-position":"center center","background-size":"auto","background-attachment":"scroll","background-type":"","background-media":"","overlay-type":"","overlay-color":"","overlay-opacity":"","overlay-gradient":""},"mobile":{"background-color":"","background-image":"","background-repeat":"repeat","background-position":"center center","background-size":"auto","background-attachment":"scroll","background-type":"","background-media":"","overlay-type":"","overlay-color":"","overlay-opacity":"","overlay-gradient":""}},"ast-content-background-meta":{"desktop":{"background-color":"var(--ast-global-color-5)","background-image":"","background-repeat":"repeat","background-position":"center center","background-size":"auto","background-attachment":"scroll","background-type":"","background-media":"","overlay-type":"","overlay-color":"","overlay-opacity":"","overlay-gradient":""},"tablet":{"background-color":"var(--ast-global-color-5)","background-image":"","background-repeat":"repeat","background-position":"center center","background-size":"auto","background-attachment":"scroll","background-type":"","background-media":"","overlay-type":"","overlay-color":"","overlay-opacity":"","overlay-gradient":""},"mobile":{"background-color":"var(--ast-global-color-5)","background-image":"","background-repeat":"repeat","background-position":"center center","background-size":"auto","background-attachment":"scroll","background-type":"","background-media":"","overlay-type":"","overlay-color":"","overlay-opacity":"","overlay-gradient":""}},"footnotes":""},"class_list":["post-3558","page","type-page","status-publish","hentry"],"acf":[],"_links":{"self":[{"href":"https:\/\/lions.financial\/fr\/wp-json\/wp\/v2\/pages\/3558","targetHints":{"allow":["GET"]}}],"collection":[{"href":"https:\/\/lions.financial\/fr\/wp-json\/wp\/v2\/pages"}],"about":[{"href":"https:\/\/lions.financial\/fr\/wp-json\/wp\/v2\/types\/page"}],"author":[{"embeddable":true,"href":"https:\/\/lions.financial\/fr\/wp-json\/wp\/v2\/users\/8"}],"replies":[{"embeddable":true,"href":"https:\/\/lions.financial\/fr\/wp-json\/wp\/v2\/comments?post=3558"}],"version-history":[{"count":6,"href":"https:\/\/lions.financial\/fr\/wp-json\/wp\/v2\/pages\/3558\/revisions"}],"predecessor-version":[{"id":6904,"href":"https:\/\/lions.financial\/fr\/wp-json\/wp\/v2\/pages\/3558\/revisions\/6904"}],"up":[{"embeddable":true,"href":"https:\/\/lions.financial\/fr\/wp-json\/wp\/v2\/pages\/2253"}],"wp:attachment":[{"href":"https:\/\/lions.financial\/fr\/wp-json\/wp\/v2\/media?parent=3558"}],"curies":[{"name":"wp","href":"https:\/\/api.w.org\/{rel}","templated":true}]}}