{"id":3554,"date":"2020-02-11T13:33:20","date_gmt":"2020-02-11T18:33:20","guid":{"rendered":"https:\/\/lions.financial\/?page_id=3554"},"modified":"2022-10-19T02:34:33","modified_gmt":"2022-10-19T07:34:33","slug":"michael-kikoz","status":"publish","type":"page","link":"https:\/\/lions.financial\/fr\/our-team\/michael-kikoz\/","title":{"rendered":"Michael Kikoz"},"content":{"rendered":"<div data-elementor-type=\"wp-page\" data-elementor-id=\"3554\" class=\"elementor elementor-3554\" data-elementor-post-type=\"page\">\n\t\t\t\t\t\t<section class=\"elementor-section elementor-top-section elementor-element elementor-element-cf113b5 elementor-section-boxed elementor-section-height-default elementor-section-height-default\" data-id=\"cf113b5\" data-element_type=\"section\" data-e-type=\"section\" data-settings=\"{&quot;background_background&quot;:&quot;classic&quot;}\">\n\t\t\t\t\t\t<div class=\"elementor-container elementor-column-gap-default\">\n\t\t\t\t\t<div class=\"elementor-column elementor-col-100 elementor-top-column elementor-element elementor-element-e19d888\" data-id=\"e19d888\" data-element_type=\"column\" data-e-type=\"column\">\n\t\t\t<div class=\"elementor-widget-wrap elementor-element-populated\">\n\t\t\t\t\t\t<section class=\"elementor-section elementor-inner-section elementor-element elementor-element-2bc0be5 elementor-section-boxed elementor-section-height-default elementor-section-height-default\" data-id=\"2bc0be5\" data-element_type=\"section\" data-e-type=\"section\">\n\t\t\t\t\t\t<div class=\"elementor-container elementor-column-gap-default\">\n\t\t\t\t\t<div class=\"elementor-column elementor-col-100 elementor-inner-column elementor-element elementor-element-4497951\" data-id=\"4497951\" data-element_type=\"column\" data-e-type=\"column\" data-settings=\"{&quot;background_background&quot;:&quot;classic&quot;}\">\n\t\t\t<div class=\"elementor-widget-wrap elementor-element-populated\">\n\t\t\t\t\t\t<div class=\"elementor-element elementor-element-165c6af elementor-position-left elementor-vertical-align-middle elementor-widget elementor-widget-image-box\" data-id=\"165c6af\" data-element_type=\"widget\" data-e-type=\"widget\" data-widget_type=\"image-box.default\">\n\t\t\t\t<div class=\"elementor-widget-container\">\n\t\t\t\t\t<div class=\"elementor-image-box-wrapper\"><figure class=\"elementor-image-box-img\"><a href=\"http:\/\/35.227.21.112\/staff\/ariel-serber\/\" tabindex=\"-1\"><img fetchpriority=\"high\" decoding=\"async\" width=\"635\" height=\"582\" src=\"https:\/\/lions.financial\/wp-content\/uploads\/2020\/02\/Profile-1.jpg\" class=\"attachment-full size-full wp-image-3572\" alt=\"\" srcset=\"https:\/\/lions.financial\/wp-content\/uploads\/2020\/02\/Profile-1.jpg 635w, https:\/\/lions.financial\/wp-content\/uploads\/2020\/02\/Profile-1-300x275.jpg 300w\" sizes=\"(max-width: 635px) 100vw, 635px\" \/><\/a><\/figure><div class=\"elementor-image-box-content\"><h1 class=\"elementor-image-box-title\"><a href=\"http:\/\/35.227.21.112\/staff\/ariel-serber\/\">Michael Kikoz<\/a><\/h1><p class=\"elementor-image-box-description\">Directeur g\u00e9n\u00e9ral de la technologie<\/p><\/div><\/div>\t\t\t\t<\/div>\n\t\t\t\t<\/div>\n\t\t\t\t<div class=\"elementor-element elementor-element-bc917bd elementor-widget elementor-widget-spacer\" data-id=\"bc917bd\" data-element_type=\"widget\" data-e-type=\"widget\" data-widget_type=\"spacer.default\">\n\t\t\t\t<div class=\"elementor-widget-container\">\n\t\t\t\t\t\t\t<div class=\"elementor-spacer\">\n\t\t\t<div class=\"elementor-spacer-inner\"><\/div>\n\t\t<\/div>\n\t\t\t\t\t\t<\/div>\n\t\t\t\t<\/div>\n\t\t\t\t<div class=\"elementor-element elementor-element-6c86698 elementor-widget elementor-widget-text-editor\" data-id=\"6c86698\" data-element_type=\"widget\" data-e-type=\"widget\" data-widget_type=\"text-editor.default\">\n\t\t\t\t<div class=\"elementor-widget-container\">\n\t\t\t\t\t\t\t\t\t<p><strong style=\"font-size: 17px;\">Michael est le directeur de la technologie de Lions Financial, et il dirige l'\u00e9quipe de la\u00a0<\/strong><span style=\"font-size: 17px; font-style: normal; font-weight: bold;\">La division Hasmo Consulting (notre\u00a0<\/span><span style=\"font-size: 17px; font-style: normal; font-weight: bold;\">division conseil en technologie)<\/span><span style=\"font-style: normal; font-size: 17px; font-weight: bold;\">\u00a0comme le\u00a0<\/span><span style=\"font-style: normal; font-size: 17px; font-weight: bold;\">Directeur de la technologie et des op\u00e9rations.\u00a0<\/span><strong style=\"font-size: 17px;\">Il se concentre sur la consultation des clients pour d\u00e9velopper des strat\u00e9gies op\u00e9rationnelles et fournir des solutions technologiques personnalis\u00e9es pour leurs entreprises. \u00c0 la Financi\u00e8re Lions, Michael cr\u00e9e et analyse des plans et des objectifs d'affaires tout en mettant en \u0153uvre des solutions technologiques pour s'assurer que l'entreprise et ses clients atteignent leurs buts et objectifs. Il fournit une analyse compl\u00e8te des syst\u00e8mes et une conception des technologies d'entreprise tout en participant \u00e0 la planification et \u00e0 l'ex\u00e9cution des solutions pour les initiatives des clients. Michael a travaill\u00e9 avec des clients dans les secteurs de l'automobile, de la beaut\u00e9, de l'\u00e9nergie, de la finance, de l'h\u00f4tellerie, de la logistique, de la fabrication, de la vente au d\u00e9tail et des voyages.<\/strong><\/p><p><strong style=\"font-size: 17px;\">Avant de rejoindre Lions Financial, Michael \u00e9tait responsable de l'administration de l'informatique et de la s\u00e9curit\u00e9 chez Gold Buyers at The Mall,\u00a0<\/strong><span style=\"font-size: 17px;\"><b>une entreprise qui a \u00e9t\u00e9 la premi\u00e8re \u00e0 lancer sur le march\u00e9 une op\u00e9ration de 325 (+) magasins avec 250 RMU et 75 sites en ligne qui ont employ\u00e9 une \u00e9quipe de 22 directeurs de district, 2 directeurs r\u00e9gionaux et plus de 750 employ\u00e9s \u00e0 travers 32 \u00e9tats.<\/b><\/span><strong style=\"font-size: 17px;\">\u00a0Au cours de sa carri\u00e8re, il a \u00e9labor\u00e9 des strat\u00e9gies et des proc\u00e9dures en mati\u00e8re de conformit\u00e9 et de cybers\u00e9curit\u00e9 et a r\u00e9alis\u00e9 des \u00e9valuations techniques de l'infrastructure des syst\u00e8mes. Il a \u00e9galement con\u00e7u des bases de donn\u00e9es et des syst\u00e8mes de protection contre la fraude et le vol. En outre, il a mis en place des rapports avanc\u00e9s pour l'\u00e9quipe de direction afin d'aider \u00e0 la prise de d\u00e9cision et \u00e0 la pr\u00e9vention des pertes. Michael \u00e9tait \u00e9galement responsable de la maintenance des serveurs et de la mise en \u0153uvre de la technologie \"cloud\" pour le si\u00e8ge social et les magasins de d\u00e9tail. En plus du travail technique effectu\u00e9, il a aid\u00e9 l'\u00e9quipe de direction \u00e0 analyser et \u00e0 cr\u00e9er un budget informatique et de s\u00e9curit\u00e9 afin d'atteindre les objectifs de co\u00fbts optimaux. Ce travail a permis \u00e0 Michael d'enrichir sa compr\u00e9hension de l'int\u00e9gration des technologies pour les grandes organisations et de mieux comprendre les mesures de s\u00e9curit\u00e9 requises dans un environnement commercial \u00e0 grande \u00e9chelle.<\/strong><\/p><p><strong style=\"font-size: 17px;\">La technologie \u00e9tant de plus en plus int\u00e9gr\u00e9e dans les op\u00e9rations quotidiennes de tous les secteurs d'activit\u00e9, le paysage num\u00e9rique est essentiel \u00e0 la r\u00e9ussite de nombreuses entreprises.  Gr\u00e2ce \u00e0 son exp\u00e9rience et \u00e0 sa compr\u00e9hension des nouvelles technologies et des nouveaux outils disponibles sur le march\u00e9 aujourd'hui, Michael est en mesure de fournir des solutions technologiques agiles et de pointe \u00e0 ses clients, tout en leur prodiguant des conseils pr\u00e9cieux en mati\u00e8re de strat\u00e9gie et d'op\u00e9rations commerciales int\u00e9gr\u00e9es. Michael est \u00e9galement sp\u00e9cialis\u00e9 dans l'optimisation des sites web et des moteurs de recherche, la technologie cloud, l'analyse des donn\u00e9es, le commerce \u00e9lectronique, la technologie marketing, les ressources humaines et la gestion de projet.\u00a0<\/strong><\/p>\t\t\t\t\t\t\t\t<\/div>\n\t\t\t\t<\/div>\n\t\t\t\t\t<\/div>\n\t\t<\/div>\n\t\t\t\t\t<\/div>\n\t\t<\/section>\n\t\t\t\t\t<\/div>\n\t\t<\/div>\n\t\t\t\t\t<\/div>\n\t\t<\/section>\n\t\t\t\t<\/div>","protected":false},"excerpt":{"rendered":"<p>Michael Kikoz Chief Technology Officer Michael is the Chief Technology Officer at Lions Financial, and leads the\u00a0Hasmo Consulting division (our\u00a0technology consulting division)\u00a0as the\u00a0Director of Technology [&hellip;]<\/p>\n","protected":false},"author":8,"featured_media":0,"parent":2253,"menu_order":0,"comment_status":"closed","ping_status":"closed","template":"","meta":{"_acf_changed":false,"content-type":"","site-sidebar-layout":"no-sidebar","site-content-layout":"page-builder","ast-site-content-layout":"default","site-content-style":"default","site-sidebar-style":"default","ast-global-header-display":"","ast-banner-title-visibility":"","ast-main-header-display":"","ast-hfb-above-header-display":"","ast-hfb-below-header-display":"","ast-hfb-mobile-header-display":"","site-post-title":"disabled","ast-breadcrumbs-content":"","ast-featured-img":"disabled","footer-sml-layout":"","ast-disable-related-posts":"","theme-transparent-header-meta":"default","adv-header-id-meta":"","stick-header-meta":"default","header-above-stick-meta":"","header-main-stick-meta":"","header-below-stick-meta":"","astra-migrate-meta-layouts":"default","ast-page-background-enabled":"default","ast-page-background-meta":{"desktop":{"background-color":"","background-image":"","background-repeat":"repeat","background-position":"center center","background-size":"auto","background-attachment":"scroll","background-type":"","background-media":"","overlay-type":"","overlay-color":"","overlay-opacity":"","overlay-gradient":""},"tablet":{"background-color":"","background-image":"","background-repeat":"repeat","background-position":"center center","background-size":"auto","background-attachment":"scroll","background-type":"","background-media":"","overlay-type":"","overlay-color":"","overlay-opacity":"","overlay-gradient":""},"mobile":{"background-color":"","background-image":"","background-repeat":"repeat","background-position":"center center","background-size":"auto","background-attachment":"scroll","background-type":"","background-media":"","overlay-type":"","overlay-color":"","overlay-opacity":"","overlay-gradient":""}},"ast-content-background-meta":{"desktop":{"background-color":"var(--ast-global-color-5)","background-image":"","background-repeat":"repeat","background-position":"center center","background-size":"auto","background-attachment":"scroll","background-type":"","background-media":"","overlay-type":"","overlay-color":"","overlay-opacity":"","overlay-gradient":""},"tablet":{"background-color":"var(--ast-global-color-5)","background-image":"","background-repeat":"repeat","background-position":"center center","background-size":"auto","background-attachment":"scroll","background-type":"","background-media":"","overlay-type":"","overlay-color":"","overlay-opacity":"","overlay-gradient":""},"mobile":{"background-color":"var(--ast-global-color-5)","background-image":"","background-repeat":"repeat","background-position":"center center","background-size":"auto","background-attachment":"scroll","background-type":"","background-media":"","overlay-type":"","overlay-color":"","overlay-opacity":"","overlay-gradient":""}},"footnotes":""},"class_list":["post-3554","page","type-page","status-publish","hentry"],"acf":[],"_links":{"self":[{"href":"https:\/\/lions.financial\/fr\/wp-json\/wp\/v2\/pages\/3554","targetHints":{"allow":["GET"]}}],"collection":[{"href":"https:\/\/lions.financial\/fr\/wp-json\/wp\/v2\/pages"}],"about":[{"href":"https:\/\/lions.financial\/fr\/wp-json\/wp\/v2\/types\/page"}],"author":[{"embeddable":true,"href":"https:\/\/lions.financial\/fr\/wp-json\/wp\/v2\/users\/8"}],"replies":[{"embeddable":true,"href":"https:\/\/lions.financial\/fr\/wp-json\/wp\/v2\/comments?post=3554"}],"version-history":[{"count":7,"href":"https:\/\/lions.financial\/fr\/wp-json\/wp\/v2\/pages\/3554\/revisions"}],"predecessor-version":[{"id":11708,"href":"https:\/\/lions.financial\/fr\/wp-json\/wp\/v2\/pages\/3554\/revisions\/11708"}],"up":[{"embeddable":true,"href":"https:\/\/lions.financial\/fr\/wp-json\/wp\/v2\/pages\/2253"}],"wp:attachment":[{"href":"https:\/\/lions.financial\/fr\/wp-json\/wp\/v2\/media?parent=3554"}],"curies":[{"name":"wp","href":"https:\/\/api.w.org\/{rel}","templated":true}]}}