{"id":2779,"date":"2019-03-04T13:26:37","date_gmt":"2019-03-04T18:26:37","guid":{"rendered":"http:\/\/www.lions.financial\/?page_id=2779"},"modified":"2022-10-19T02:48:05","modified_gmt":"2022-10-19T07:48:05","slug":"risk-management-key-person-coverage","status":"publish","type":"page","link":"https:\/\/lions.financial\/fr\/risk-management-key-person-coverage\/","title":{"rendered":"Couverture des personnes cl\u00e9s"},"content":{"rendered":"<div data-elementor-type=\"wp-post\" data-elementor-id=\"2779\" class=\"elementor elementor-2779\" data-elementor-post-type=\"page\">\n\t\t\t\t\t\t<section class=\"elementor-section elementor-top-section elementor-element elementor-element-6a738e32 elementor-section-height-min-height elementor-section-boxed elementor-section-height-default elementor-section-items-middle\" data-id=\"6a738e32\" data-element_type=\"section\" data-e-type=\"section\" data-settings=\"{&quot;background_background&quot;:&quot;classic&quot;,&quot;shape_divider_bottom&quot;:&quot;triangle-asymmetrical&quot;,&quot;shape_divider_bottom_negative&quot;:&quot;yes&quot;}\">\n\t\t\t\t\t<div class=\"elementor-shape elementor-shape-bottom\" aria-hidden=\"true\" data-negative=\"true\">\n\t\t\t<svg xmlns=\"http:\/\/www.w3.org\/2000\/svg\" viewbox=\"0 0 1000 100\" preserveaspectratio=\"none\">\n\t<path class=\"elementor-shape-fill\" d=\"M737.9,94.7L0,0v100h1000V0L737.9,94.7z\"\/>\n<\/svg>\t\t<\/div>\n\t\t\t\t\t<div class=\"elementor-container elementor-column-gap-default\">\n\t\t\t\t\t<div class=\"elementor-column elementor-col-100 elementor-top-column elementor-element elementor-element-527d7554\" data-id=\"527d7554\" data-element_type=\"column\" data-e-type=\"column\">\n\t\t\t<div class=\"elementor-widget-wrap elementor-element-populated\">\n\t\t\t\t\t\t<div class=\"elementor-element elementor-element-77249224 elementor-widget elementor-widget-heading\" data-id=\"77249224\" data-element_type=\"widget\" data-e-type=\"widget\" data-widget_type=\"heading.default\">\n\t\t\t\t<div class=\"elementor-widget-container\">\n\t\t\t\t\t<h1 class=\"elementor-heading-title elementor-size-default\">Couverture des personnes cl\u00e9s<\/h1>\t\t\t\t<\/div>\n\t\t\t\t<\/div>\n\t\t\t\t\t<\/div>\n\t\t<\/div>\n\t\t\t\t\t<\/div>\n\t\t<\/section>\n\t\t\t\t<section class=\"elementor-section elementor-top-section elementor-element elementor-element-6ae4b1d elementor-section-boxed elementor-section-height-default elementor-section-height-default\" data-id=\"6ae4b1d\" data-element_type=\"section\" data-e-type=\"section\">\n\t\t\t\t\t\t<div class=\"elementor-container elementor-column-gap-wider\">\n\t\t\t\t\t<div class=\"elementor-column elementor-col-66 elementor-top-column elementor-element elementor-element-e730360\" data-id=\"e730360\" data-element_type=\"column\" data-e-type=\"column\">\n\t\t\t<div class=\"elementor-widget-wrap elementor-element-populated\">\n\t\t\t\t\t\t<div class=\"elementor-element elementor-element-47e2099 elementor-widget elementor-widget-text-editor\" data-id=\"47e2099\" data-element_type=\"widget\" data-e-type=\"widget\" data-widget_type=\"text-editor.default\">\n\t\t\t\t<div class=\"elementor-widget-container\">\n\t\t\t\t\t\t\t\t\t<div style=\"user-select: text; -webkit-user-drag: none; -webkit-tap-highlight-color: transparent; overflow: visible; cursor: text; clear: both; position: relative; direction: ltr; font-family: 'Segoe UI', 'Segoe UI Web', Arial, Verdana, sans-serif; font-size: 17px; font-style: normal; font-weight: 400;\">\n<p>L'assurance personne cl\u00e9 couvre un employ\u00e9 qui est essentiel au succ\u00e8s de l'entreprise. Cette strat\u00e9gie d'assurance permet de prot\u00e9ger une entreprise contre une perte \u00e9conomique lorsqu'un employ\u00e9 important n'est pas en mesure de fonctionner normalement au sein de l'entreprise. Pour de nombreuses petites et moyennes entreprises, les personnes cl\u00e9s sont les propri\u00e9taires et la planification de l'assurance doit prendre en compte les risques auxquels ils sont confront\u00e9s.<\/p>\n<p style=\"text-align: center;\"><strong style=\"font-size: 17px;\">Que peut faire la Financi\u00e8re Lions pour vous ?<\/strong><\/p>\n<p>La Financi\u00e8re Lions aide ses clients \u00e0 trouver la solution ad\u00e9quate pour la planification de l'assurance des personnes cl\u00e9s. Nous conseillons ensuite nos clients sur ce qu'ils peuvent faire \u00e0 chaque \u00e9tape pour obtenir les meilleurs r\u00e9sultats. Pour vous aider au mieux, nous avons appliqu\u00e9 le processus SIRE en quatre \u00e9tapes afin de cr\u00e9er de la valeur pour vous.<\/p>\n<ul>\n<li><strong>S<\/strong>urvey : Nous commencerons le processus par un questionnaire afin d'avoir une compr\u00e9hension g\u00e9n\u00e9rale de votre entreprise et d'identifier la composition unique des employ\u00e9s cl\u00e9s. Nous clarifions vos objectifs commerciaux et comprenons les probl\u00e8mes actuels uniques qui doivent \u00eatre r\u00e9solus.<\/li>\n<li><strong>I<\/strong>nsight : Afin d'avoir une vision approfondie de votre entreprise, nous effectuerons des recherches sur le secteur, d\u00e9terminerons les offres de produits disponibles aupr\u00e8s de nombreuses sources, cr\u00e9erons un bilan et une \u00e9valuation des options de plan structurel pour les personnes cl\u00e9s de votre entreprise.<\/li>\n<li><strong>R<\/strong>ecommandation : Ensuite, nous vous proposerons des solutions pour un programme d'assurance personne cl\u00e9 adapt\u00e9 \u00e0 votre entreprise. En tant que cabinet ind\u00e9pendant, nous pouvons pr\u00e9senter plusieurs fournisseurs pour cr\u00e9er un plan qui contribue \u00e0 cr\u00e9er de la valeur en attirant et en retenant les talents dans votre entreprise.<\/li>\n<li><strong>E<\/strong>x\u00e9cution : Nous mettons en \u0153uvre la strat\u00e9gie que votre entreprise souhaite appliquer en fonction des options propos\u00e9es et du budget disponible. Nous vous aidons \u00e0 obtenir un meilleur r\u00e9sultat gr\u00e2ce \u00e0 notre exp\u00e9rience professionnelle, \u00e0 l'int\u00e9gration de la technologie, \u00e0 la compr\u00e9hension de votre secteur d'activit\u00e9 et au respect des exigences en mati\u00e8re de conformit\u00e9 et de r\u00e9glementation.<\/li>\n<\/ul>\n<p style=\"text-align: center;\"><strong>Les \u00e9l\u00e9ments cl\u00e9s \u00e0 prendre en compte<\/strong><strong> dans l'assurance personne cl\u00e9<\/strong><\/p>\n<ul>\n<li><strong><em>Comment d\u00e9finir une personne cl\u00e9 <\/em><\/strong><\/li>\n<\/ul>\n<p>Une personne cl\u00e9 dans l'entreprise est une personne qui apporte une valeur significative actuellement et qui est un \u00e9l\u00e9ment de la r\u00e9ussite financi\u00e8re actuelle. La personne cl\u00e9 peut \u00eatre l'un des propri\u00e9taires de l'entreprise. Il existe un risque pour l'entreprise si cette personne est inactive, ce qui peut entra\u00eener des cons\u00e9quences n\u00e9gatives pour l'entreprise, mesur\u00e9es par des pertes financi\u00e8res.<\/p>\n<ul>\n<li><strong><em>L'importance d'avoir cette assurance<\/em><\/strong><\/li>\n<\/ul>\n<p>Les entreprises risquent de souffrir de l'incapacit\u00e9 d'un employ\u00e9 cl\u00e9 \u00e0 accomplir son travail. Il est important de comprendre qu'une personne cl\u00e9 poss\u00e8de des comp\u00e9tences et une exp\u00e9rience sp\u00e9cifiques en mati\u00e8re de gestion qui peuvent ne pas \u00eatre remplac\u00e9es dans un court laps de temps. Une perte importante peut influencer la prise de d\u00e9cision de la direction si l'entreprise est confront\u00e9e \u00e0 une affaire importante. L'interruption des activit\u00e9s peut entra\u00eener des retards pour les clients, les partenariats et l'\u00e9valuation des lignes de cr\u00e9dit. L'assurance personne cl\u00e9 peut \u00eatre un bon choix pour att\u00e9nuer les risques financiers qui seraient attribu\u00e9s \u00e0 ces pertes.<strong style=\"font-size: 17px;\"><em>&nbsp;<\/em><\/strong><\/p>\n<ul>\n<li><strong><em>Avantage de l'assurance homme-cl\u00e9<\/em><\/strong><\/li>\n<\/ul>\n<p>Si l'employ\u00e9 cl\u00e9 est propri\u00e9taire de l'entreprise, la police peut aider \u00e0 financer le rachat de sa participation dans l'entreprise en cas d'invalidit\u00e9 ou de d\u00e9c\u00e8s.<strong style=\"font-size: 17px;\"><em>&nbsp;<\/em><\/strong><\/p>\n<ul>\n<li><strong><em>Processus de couverture<\/em><\/strong><\/li>\n<li>Identifier la personne cl\u00e9<\/li>\n<li>Pr\u00e9venir l'employ\u00e9 de son intention de souscrire l'assurance.<\/li>\n<li>Obtenir le consentement de l'employ\u00e9 cl\u00e9<\/li>\n<li>L'assureur verse le montant de la police<\/li>\n<li>Examiner les facteurs li\u00e9s \u00e0 la fiscalit\u00e9<strong style=\"font-size: 17px;\">&nbsp;<\/strong><\/li>\n<\/ul>\n<p style=\"text-align: center;\"><strong>Quelle est la prochaine \u00e9tape ?<\/strong><\/p>\n<p>Contactez Lions Financial pour trouver une meilleure strat\u00e9gie et un plan global pour vous. La Financi\u00e8re Lions aide les dirigeants d'entreprise, en collaboration avec leurs conseillers fiscaux et juridiques, \u00e0 \u00e9laborer les solutions financi\u00e8res optimales pour r\u00e9ussir. Contactez-nous pour une consultation initiale afin de r\u00e9pondre aux besoins actuels de votre entreprise.<\/p>\n<\/div>\t\t\t\t\t\t\t\t<\/div>\n\t\t\t\t<\/div>\n\t\t\t\t\t<\/div>\n\t\t<\/div>\n\t\t\t\t<div class=\"elementor-column elementor-col-33 elementor-top-column elementor-element elementor-element-8b9d1a5\" data-id=\"8b9d1a5\" data-element_type=\"column\" data-e-type=\"column\" data-settings=\"{&quot;background_background&quot;:&quot;classic&quot;}\">\n\t\t\t<div class=\"elementor-widget-wrap elementor-element-populated\">\n\t\t\t\t\t\t<div class=\"elementor-element elementor-element-e4c05c5 elementor-widget elementor-widget-heading\" data-id=\"e4c05c5\" data-element_type=\"widget\" data-e-type=\"widget\" data-widget_type=\"heading.default\">\n\t\t\t\t<div class=\"elementor-widget-container\">\n\t\t\t\t\t<h2 class=\"elementor-heading-title elementor-size-default\">Partager :<\/h2>\t\t\t\t<\/div>\n\t\t\t\t<\/div>\n\t\t\t\t<div class=\"elementor-element elementor-element-7403423 elementor-share-buttons--view-icon elementor-grid-tablet-3 elementor-grid-mobile-0 elementor-share-buttons--skin-gradient elementor-share-buttons--shape-square elementor-grid-0 elementor-share-buttons--color-official elementor-widget elementor-widget-share-buttons\" data-id=\"7403423\" data-element_type=\"widget\" data-e-type=\"widget\" data-widget_type=\"share-buttons.default\">\n\t\t\t\t<div class=\"elementor-widget-container\">\n\t\t\t\t\t\t\t<div class=\"elementor-grid\" role=\"list\">\n\t\t\t\t\t\t\t\t<div class=\"elementor-grid-item\" role=\"listitem\">\n\t\t\t\t\t\t<div class=\"elementor-share-btn elementor-share-btn_facebook\" role=\"button\" tabindex=\"0\" aria-label=\"Partager sur facebook\">\n\t\t\t\t\t\t\t\t\t\t\t\t\t\t\t<span class=\"elementor-share-btn__icon\">\n\t\t\t\t\t\t\t\t<i class=\"fab fa-facebook\" aria-hidden=\"true\"><\/i>\t\t\t\t\t\t\t<\/span>\n\t\t\t\t\t\t\t\t\t\t\t\t\t\t\t\t\t\t\t\t<\/div>\n\t\t\t\t\t<\/div>\n\t\t\t\t\t\t\t\t\t<div class=\"elementor-grid-item\" role=\"listitem\">\n\t\t\t\t\t\t<div class=\"elementor-share-btn elementor-share-btn_twitter\" role=\"button\" tabindex=\"0\" aria-label=\"Partager sur twitter\">\n\t\t\t\t\t\t\t\t\t\t\t\t\t\t\t<span class=\"elementor-share-btn__icon\">\n\t\t\t\t\t\t\t\t<i class=\"fab fa-twitter\" aria-hidden=\"true\"><\/i>\t\t\t\t\t\t\t<\/span>\n\t\t\t\t\t\t\t\t\t\t\t\t\t\t\t\t\t\t\t\t<\/div>\n\t\t\t\t\t<\/div>\n\t\t\t\t\t\t\t\t\t<div class=\"elementor-grid-item\" role=\"listitem\">\n\t\t\t\t\t\t<div class=\"elementor-share-btn elementor-share-btn_linkedin\" role=\"button\" tabindex=\"0\" aria-label=\"Partager sur linkedin\">\n\t\t\t\t\t\t\t\t\t\t\t\t\t\t\t<span class=\"elementor-share-btn__icon\">\n\t\t\t\t\t\t\t\t<i class=\"fab fa-linkedin\" aria-hidden=\"true\"><\/i>\t\t\t\t\t\t\t<\/span>\n\t\t\t\t\t\t\t\t\t\t\t\t\t\t\t\t\t\t\t\t<\/div>\n\t\t\t\t\t<\/div>\n\t\t\t\t\t\t\t\t\t<div class=\"elementor-grid-item\" role=\"listitem\">\n\t\t\t\t\t\t<div class=\"elementor-share-btn elementor-share-btn_whatsapp\" role=\"button\" tabindex=\"0\" aria-label=\"Partager sur whatsapp\">\n\t\t\t\t\t\t\t\t\t\t\t\t\t\t\t<span class=\"elementor-share-btn__icon\">\n\t\t\t\t\t\t\t\t<i class=\"fab fa-whatsapp\" aria-hidden=\"true\"><\/i>\t\t\t\t\t\t\t<\/span>\n\t\t\t\t\t\t\t\t\t\t\t\t\t\t\t\t\t\t\t\t<\/div>\n\t\t\t\t\t<\/div>\n\t\t\t\t\t\t<\/div>\n\t\t\t\t\t\t<\/div>\n\t\t\t\t<\/div>\n\t\t\t\t<div class=\"elementor-element elementor-element-f2f3516 elementor-widget elementor-widget-video\" data-id=\"f2f3516\" data-element_type=\"widget\" data-e-type=\"widget\" data-settings=\"{&quot;youtube_url&quot;:&quot;https:\\\/\\\/youtu.be\\\/DHhEILmqnZU&quot;,&quot;video_type&quot;:&quot;youtube&quot;,&quot;controls&quot;:&quot;yes&quot;}\" data-widget_type=\"video.default\">\n\t\t\t\t<div class=\"elementor-widget-container\">\n\t\t\t\t\t\t\t<div class=\"elementor-wrapper elementor-open-inline\">\n\t\t\t<div class=\"elementor-video\"><\/div>\t\t<\/div>\n\t\t\t\t\t\t<\/div>\n\t\t\t\t<\/div>\n\t\t\t\t<div class=\"elementor-element elementor-element-c72322a elementor-widget elementor-widget-spacer\" data-id=\"c72322a\" data-element_type=\"widget\" data-e-type=\"widget\" data-widget_type=\"spacer.default\">\n\t\t\t\t<div class=\"elementor-widget-container\">\n\t\t\t\t\t\t\t<div class=\"elementor-spacer\">\n\t\t\t<div class=\"elementor-spacer-inner\"><\/div>\n\t\t<\/div>\n\t\t\t\t\t\t<\/div>\n\t\t\t\t<\/div>\n\t\t\t\t<div class=\"elementor-element elementor-element-1519eff elementor-widget elementor-widget-heading\" data-id=\"1519eff\" data-element_type=\"widget\" data-e-type=\"widget\" data-widget_type=\"heading.default\">\n\t\t\t\t<div class=\"elementor-widget-container\">\n\t\t\t\t\t<h2 class=\"elementor-heading-title elementor-size-default\">Services : <\/h2>\t\t\t\t<\/div>\n\t\t\t\t<\/div>\n\t\t\t\t<div class=\"elementor-element elementor-element-26c1f13 elementor-nav-menu--dropdown-tablet elementor-nav-menu__text-align-aside elementor-nav-menu--toggle elementor-nav-menu--burger elementor-widget elementor-widget-nav-menu\" data-id=\"26c1f13\" data-element_type=\"widget\" data-e-type=\"widget\" data-settings=\"{&quot;layout&quot;:&quot;vertical&quot;,&quot;submenu_icon&quot;:{&quot;value&quot;:&quot;&lt;i class=\\&quot;fas fa-caret-down\\&quot; aria-hidden=\\&quot;true\\&quot;&gt;&lt;\\\/i&gt;&quot;,&quot;library&quot;:&quot;fa-solid&quot;},&quot;toggle&quot;:&quot;burger&quot;}\" data-widget_type=\"nav-menu.default\">\n\t\t\t\t<div class=\"elementor-widget-container\">\n\t\t\t\t\t\t\t\t<nav aria-label=\"Menu\" class=\"elementor-nav-menu--main elementor-nav-menu__container elementor-nav-menu--layout-vertical e--pointer-underline e--animation-fade\">\n\t\t\t\t<ul id=\"menu-1-26c1f13\" class=\"elementor-nav-menu sm-vertical\"><li class=\"menu-item menu-item-type-post_type menu-item-object-page menu-item-2957\"><a href=\"https:\/\/lions.financial\/fr\/contact\/\" class=\"elementor-item menu-link\">Nous contacter<\/a><\/li>\n<li class=\"menu-item menu-item-type-post_type menu-item-object-page menu-item-2540\"><a href=\"https:\/\/lions.financial\/fr\/services\/business-plan\/\" class=\"elementor-item menu-link\">Plan d'affaires - Lions Financial<\/a><\/li>\n<li class=\"menu-item menu-item-type-post_type menu-item-object-page menu-item-2541\"><a href=\"https:\/\/lions.financial\/fr\/business-advisory-buy-sell-agreements\/\" class=\"elementor-item menu-link\">Contrats d'achat-vente<\/a><\/li>\n<li class=\"menu-item menu-item-type-post_type menu-item-object-page menu-item-2542\"><a href=\"https:\/\/lions.financial\/fr\/services\/business-advisory-deferred-compensation\/\" class=\"elementor-item menu-link\">R\u00e9mun\u00e9ration diff\u00e9r\u00e9e<\/a><\/li>\n<li class=\"menu-item menu-item-type-post_type menu-item-object-page menu-item-2543\"><a href=\"https:\/\/lions.financial\/fr\/services\/business-advisory-employee-benefits\/\" class=\"elementor-item menu-link\">Avantages collectifs des employ\u00e9s<\/a><\/li>\n<li class=\"menu-item menu-item-type-post_type menu-item-object-page menu-item-2544\"><a href=\"https:\/\/lions.financial\/fr\/services\/business-advisory-executive-compensation-tax-strategies\/\" class=\"elementor-item menu-link\">R\u00e9mun\u00e9ration des dirigeants<\/a><\/li>\n<li class=\"menu-item menu-item-type-post_type menu-item-object-page menu-item-2545\"><a href=\"https:\/\/lions.financial\/fr\/services\/business-advisory-succession-planning\/\" class=\"elementor-item menu-link\">Planification de la succession<\/a><\/li>\n<li class=\"menu-item menu-item-type-post_type menu-item-object-page menu-item-2949\"><a href=\"https:\/\/lions.financial\/fr\/services-risk-management\/\" class=\"elementor-item menu-link\">Service de conseil en gestion des risques<\/a><\/li>\n<li class=\"menu-item menu-item-type-post_type menu-item-object-page menu-item-2947\"><a href=\"https:\/\/lions.financial\/fr\/services-risk-management-premium-financing\/\" class=\"elementor-item menu-link\">Financement des primes<\/a><\/li>\n<li class=\"menu-item menu-item-type-post_type menu-item-object-page menu-item-2948\"><a href=\"https:\/\/lions.financial\/fr\/risk-management-key-person-coverage\/\" class=\"elementor-item menu-link\">Couverture des personnes cl\u00e9s<\/a><\/li>\n<li class=\"menu-item menu-item-type-post_type menu-item-object-page menu-item-2951\"><a href=\"https:\/\/lions.financial\/fr\/capital-markets\/\" class=\"elementor-item menu-link\">March\u00e9s des capitaux<\/a><\/li>\n<li class=\"menu-item menu-item-type-post_type menu-item-object-page menu-item-2955\"><a href=\"https:\/\/lions.financial\/fr\/services\/capital-markets-mergers-and-acquisitions\/\" class=\"elementor-item menu-link\">Fusions et acquisitions<\/a><\/li>\n<li class=\"menu-item menu-item-type-post_type menu-item-object-page menu-item-2950\"><a href=\"https:\/\/lions.financial\/fr\/due-diligence-and-valuation\/\" class=\"elementor-item menu-link\">Diligence raisonnable et \u00e9valuation<\/a><\/li>\n<li class=\"menu-item menu-item-type-post_type menu-item-object-page menu-item-2956\"><a href=\"https:\/\/lions.financial\/fr\/our-team\/\" class=\"elementor-item menu-link\">Notre \u00e9quipe<\/a><\/li>\n<li class=\"menu-item menu-item-type-post_type menu-item-object-page menu-item-2953\"><a href=\"https:\/\/lions.financial\/fr\/insights-professional-alliance-program\/\" class=\"elementor-item menu-link\">Programme d'alliance professionnelle<\/a><\/li>\n<\/ul>\t\t\t<\/nav>\n\t\t\t\t\t<div class=\"elementor-menu-toggle\" role=\"button\" tabindex=\"0\" aria-label=\"Permuter le menu\" aria-expanded=\"false\">\n\t\t\t<i aria-hidden=\"true\" role=\"presentation\" class=\"elementor-menu-toggle__icon--open eicon-menu-bar\"><\/i><i aria-hidden=\"true\" role=\"presentation\" class=\"elementor-menu-toggle__icon--close eicon-close\"><\/i>\t\t<\/div>\n\t\t\t\t\t<nav class=\"elementor-nav-menu--dropdown elementor-nav-menu__container\" aria-hidden=\"true\">\n\t\t\t\t<ul id=\"menu-2-26c1f13\" class=\"elementor-nav-menu sm-vertical\"><li class=\"menu-item menu-item-type-post_type menu-item-object-page menu-item-2957\"><a href=\"https:\/\/lions.financial\/fr\/contact\/\" class=\"elementor-item menu-link\" tabindex=\"-1\">Nous contacter<\/a><\/li>\n<li class=\"menu-item menu-item-type-post_type menu-item-object-page menu-item-2540\"><a href=\"https:\/\/lions.financial\/fr\/services\/business-plan\/\" class=\"elementor-item menu-link\" tabindex=\"-1\">Plan d'affaires - Lions Financial<\/a><\/li>\n<li class=\"menu-item menu-item-type-post_type menu-item-object-page menu-item-2541\"><a href=\"https:\/\/lions.financial\/fr\/business-advisory-buy-sell-agreements\/\" class=\"elementor-item menu-link\" tabindex=\"-1\">Contrats d'achat-vente<\/a><\/li>\n<li class=\"menu-item menu-item-type-post_type menu-item-object-page menu-item-2542\"><a href=\"https:\/\/lions.financial\/fr\/services\/business-advisory-deferred-compensation\/\" class=\"elementor-item menu-link\" tabindex=\"-1\">R\u00e9mun\u00e9ration diff\u00e9r\u00e9e<\/a><\/li>\n<li class=\"menu-item menu-item-type-post_type menu-item-object-page menu-item-2543\"><a href=\"https:\/\/lions.financial\/fr\/services\/business-advisory-employee-benefits\/\" class=\"elementor-item menu-link\" tabindex=\"-1\">Avantages collectifs des employ\u00e9s<\/a><\/li>\n<li class=\"menu-item menu-item-type-post_type menu-item-object-page menu-item-2544\"><a href=\"https:\/\/lions.financial\/fr\/services\/business-advisory-executive-compensation-tax-strategies\/\" class=\"elementor-item menu-link\" tabindex=\"-1\">R\u00e9mun\u00e9ration des dirigeants<\/a><\/li>\n<li class=\"menu-item menu-item-type-post_type menu-item-object-page menu-item-2545\"><a href=\"https:\/\/lions.financial\/fr\/services\/business-advisory-succession-planning\/\" class=\"elementor-item menu-link\" tabindex=\"-1\">Planification de la succession<\/a><\/li>\n<li class=\"menu-item menu-item-type-post_type menu-item-object-page menu-item-2949\"><a href=\"https:\/\/lions.financial\/fr\/services-risk-management\/\" class=\"elementor-item menu-link\" tabindex=\"-1\">Service de conseil en gestion des risques<\/a><\/li>\n<li class=\"menu-item menu-item-type-post_type menu-item-object-page menu-item-2947\"><a href=\"https:\/\/lions.financial\/fr\/services-risk-management-premium-financing\/\" class=\"elementor-item menu-link\" tabindex=\"-1\">Financement des primes<\/a><\/li>\n<li class=\"menu-item menu-item-type-post_type menu-item-object-page menu-item-2948\"><a href=\"https:\/\/lions.financial\/fr\/risk-management-key-person-coverage\/\" class=\"elementor-item menu-link\" tabindex=\"-1\">Couverture des personnes cl\u00e9s<\/a><\/li>\n<li class=\"menu-item menu-item-type-post_type menu-item-object-page menu-item-2951\"><a href=\"https:\/\/lions.financial\/fr\/capital-markets\/\" class=\"elementor-item menu-link\" tabindex=\"-1\">March\u00e9s des capitaux<\/a><\/li>\n<li class=\"menu-item menu-item-type-post_type menu-item-object-page menu-item-2955\"><a href=\"https:\/\/lions.financial\/fr\/services\/capital-markets-mergers-and-acquisitions\/\" class=\"elementor-item menu-link\" tabindex=\"-1\">Fusions et acquisitions<\/a><\/li>\n<li class=\"menu-item menu-item-type-post_type menu-item-object-page menu-item-2950\"><a href=\"https:\/\/lions.financial\/fr\/due-diligence-and-valuation\/\" class=\"elementor-item menu-link\" tabindex=\"-1\">Diligence raisonnable et \u00e9valuation<\/a><\/li>\n<li class=\"menu-item menu-item-type-post_type menu-item-object-page menu-item-2956\"><a href=\"https:\/\/lions.financial\/fr\/our-team\/\" class=\"elementor-item menu-link\" tabindex=\"-1\">Notre \u00e9quipe<\/a><\/li>\n<li class=\"menu-item menu-item-type-post_type menu-item-object-page menu-item-2953\"><a href=\"https:\/\/lions.financial\/fr\/insights-professional-alliance-program\/\" class=\"elementor-item menu-link\" tabindex=\"-1\">Programme d'alliance professionnelle<\/a><\/li>\n<\/ul>\t\t\t<\/nav>\n\t\t\t\t\t\t<\/div>\n\t\t\t\t<\/div>\n\t\t\t\t<div class=\"elementor-element elementor-element-64e5bca elementor-widget elementor-widget-spacer\" data-id=\"64e5bca\" data-element_type=\"widget\" data-e-type=\"widget\" data-widget_type=\"spacer.default\">\n\t\t\t\t<div class=\"elementor-widget-container\">\n\t\t\t\t\t\t\t<div class=\"elementor-spacer\">\n\t\t\t<div class=\"elementor-spacer-inner\"><\/div>\n\t\t<\/div>\n\t\t\t\t\t\t<\/div>\n\t\t\t\t<\/div>\n\t\t\t\t\t<\/div>\n\t\t<\/div>\n\t\t\t\t\t<\/div>\n\t\t<\/section>\n\t\t\t\t<\/div>","protected":false},"excerpt":{"rendered":"<p>Key Person Coverage Key person insurance covers an employee who is crucial to the success of the business. This insurance strategy helps protect a business [&hellip;]<\/p>\n","protected":false},"author":3,"featured_media":0,"parent":0,"menu_order":0,"comment_status":"closed","ping_status":"closed","template":"","meta":{"_acf_changed":false,"content-type":"","site-sidebar-layout":"no-sidebar","site-content-layout":"page-builder","ast-site-content-layout":"default","site-content-style":"default","site-sidebar-style":"default","ast-global-header-display":"","ast-banner-title-visibility":"","ast-main-header-display":"","ast-hfb-above-header-display":"","ast-hfb-below-header-display":"","ast-hfb-mobile-header-display":"","site-post-title":"disabled","ast-breadcrumbs-content":"","ast-featured-img":"disabled","footer-sml-layout":"","theme-transparent-header-meta":"default","adv-header-id-meta":"","stick-header-meta":"default","header-above-stick-meta":"","header-main-stick-meta":"","header-below-stick-meta":"","astra-migrate-meta-layouts":"default","ast-page-background-enabled":"default","ast-page-background-meta":{"desktop":{"background-color":"","background-image":"","background-repeat":"repeat","background-position":"center center","background-size":"auto","background-attachment":"scroll","background-type":"","background-media":"","overlay-type":"","overlay-color":"","overlay-opacity":"","overlay-gradient":""},"tablet":{"background-color":"","background-image":"","background-repeat":"repeat","background-position":"center center","background-size":"auto","background-attachment":"scroll","background-type":"","background-media":"","overlay-type":"","overlay-color":"","overlay-opacity":"","overlay-gradient":""},"mobile":{"background-color":"","background-image":"","background-repeat":"repeat","background-position":"center center","background-size":"auto","background-attachment":"scroll","background-type":"","background-media":"","overlay-type":"","overlay-color":"","overlay-opacity":"","overlay-gradient":""}},"ast-content-background-meta":{"desktop":{"background-color":"var(--ast-global-color-5)","background-image":"","background-repeat":"repeat","background-position":"center center","background-size":"auto","background-attachment":"scroll","background-type":"","background-media":"","overlay-type":"","overlay-color":"","overlay-opacity":"","overlay-gradient":""},"tablet":{"background-color":"var(--ast-global-color-5)","background-image":"","background-repeat":"repeat","background-position":"center center","background-size":"auto","background-attachment":"scroll","background-type":"","background-media":"","overlay-type":"","overlay-color":"","overlay-opacity":"","overlay-gradient":""},"mobile":{"background-color":"var(--ast-global-color-5)","background-image":"","background-repeat":"repeat","background-position":"center center","background-size":"auto","background-attachment":"scroll","background-type":"","background-media":"","overlay-type":"","overlay-color":"","overlay-opacity":"","overlay-gradient":""}},"footnotes":""},"class_list":["post-2779","page","type-page","status-publish","hentry"],"acf":[],"_links":{"self":[{"href":"https:\/\/lions.financial\/fr\/wp-json\/wp\/v2\/pages\/2779","targetHints":{"allow":["GET"]}}],"collection":[{"href":"https:\/\/lions.financial\/fr\/wp-json\/wp\/v2\/pages"}],"about":[{"href":"https:\/\/lions.financial\/fr\/wp-json\/wp\/v2\/types\/page"}],"author":[{"embeddable":true,"href":"https:\/\/lions.financial\/fr\/wp-json\/wp\/v2\/users\/3"}],"replies":[{"embeddable":true,"href":"https:\/\/lions.financial\/fr\/wp-json\/wp\/v2\/comments?post=2779"}],"version-history":[{"count":16,"href":"https:\/\/lions.financial\/fr\/wp-json\/wp\/v2\/pages\/2779\/revisions"}],"predecessor-version":[{"id":6926,"href":"https:\/\/lions.financial\/fr\/wp-json\/wp\/v2\/pages\/2779\/revisions\/6926"}],"wp:attachment":[{"href":"https:\/\/lions.financial\/fr\/wp-json\/wp\/v2\/media?parent=2779"}],"curies":[{"name":"wp","href":"https:\/\/api.w.org\/{rel}","templated":true}]}}