{"id":2765,"date":"2019-03-04T12:22:59","date_gmt":"2019-03-04T17:22:59","guid":{"rendered":"http:\/\/www.lions.financial\/?page_id=2765"},"modified":"2023-01-31T07:27:33","modified_gmt":"2023-01-31T12:27:33","slug":"services-risk-management","status":"publish","type":"page","link":"https:\/\/lions.financial\/fr\/services-risk-management\/","title":{"rendered":"Service de conseil en gestion des risques"},"content":{"rendered":"<div data-elementor-type=\"wp-post\" data-elementor-id=\"2765\" class=\"elementor elementor-2765\" data-elementor-post-type=\"page\">\n\t\t\t\t\t\t<section class=\"elementor-section elementor-top-section elementor-element elementor-element-58dc58a6 elementor-section-height-min-height elementor-section-boxed elementor-section-height-default elementor-section-items-middle\" data-id=\"58dc58a6\" data-element_type=\"section\" data-e-type=\"section\" data-settings=\"{&quot;background_background&quot;:&quot;classic&quot;,&quot;shape_divider_bottom&quot;:&quot;triangle-asymmetrical&quot;,&quot;shape_divider_bottom_negative&quot;:&quot;yes&quot;}\">\n\t\t\t\t\t<div class=\"elementor-shape elementor-shape-bottom\" aria-hidden=\"true\" data-negative=\"true\">\n\t\t\t<svg xmlns=\"http:\/\/www.w3.org\/2000\/svg\" viewbox=\"0 0 1000 100\" preserveaspectratio=\"none\">\n\t<path class=\"elementor-shape-fill\" d=\"M737.9,94.7L0,0v100h1000V0L737.9,94.7z\"\/>\n<\/svg>\t\t<\/div>\n\t\t\t\t\t<div class=\"elementor-container elementor-column-gap-default\">\n\t\t\t\t\t<div class=\"elementor-column elementor-col-100 elementor-top-column elementor-element elementor-element-7b530dcd\" data-id=\"7b530dcd\" data-element_type=\"column\" data-e-type=\"column\">\n\t\t\t<div class=\"elementor-widget-wrap elementor-element-populated\">\n\t\t\t\t\t\t<div class=\"elementor-element elementor-element-5da023f8 elementor-widget elementor-widget-heading\" data-id=\"5da023f8\" data-element_type=\"widget\" data-e-type=\"widget\" data-widget_type=\"heading.default\">\n\t\t\t\t<div class=\"elementor-widget-container\">\n\t\t\t\t\t<h1 class=\"elementor-heading-title elementor-size-default\">Gestion des risques<\/h1>\t\t\t\t<\/div>\n\t\t\t\t<\/div>\n\t\t\t\t\t<\/div>\n\t\t<\/div>\n\t\t\t\t\t<\/div>\n\t\t<\/section>\n\t\t\t\t<section class=\"elementor-section elementor-top-section elementor-element elementor-element-26b0b58 elementor-section-boxed elementor-section-height-default elementor-section-height-default\" data-id=\"26b0b58\" data-element_type=\"section\" data-e-type=\"section\">\n\t\t\t\t\t\t<div class=\"elementor-container elementor-column-gap-wider\">\n\t\t\t\t\t<div class=\"elementor-column elementor-col-66 elementor-top-column elementor-element elementor-element-56ddba3\" data-id=\"56ddba3\" data-element_type=\"column\" data-e-type=\"column\">\n\t\t\t<div class=\"elementor-widget-wrap elementor-element-populated\">\n\t\t\t\t\t\t<div class=\"elementor-element elementor-element-99353dd elementor-widget elementor-widget-text-editor\" data-id=\"99353dd\" data-element_type=\"widget\" data-e-type=\"widget\" data-widget_type=\"text-editor.default\">\n\t\t\t\t<div class=\"elementor-widget-container\">\n\t\t\t\t\t\t\t\t\t<div style=\"user-select: text; -webkit-user-drag: none; -webkit-tap-highlight-color: transparent; overflow: visible; cursor: text; clear: both; position: relative; direction: ltr; font-family: 'Segoe UI', 'Segoe UI Web', Arial, Verdana, sans-serif; font-size: 17px; font-style: normal; font-weight: 400;\">\n\nLes entreprises sont confront\u00e9es \u00e0 de nombreux risques, tout comme les personnes qui les exploitent. Pour atteindre les objectifs de l'entreprise, la gestion des risques doit \u00eatre au centre de la planification.\u00a0<span style=\"font-size: 17px; font-style: normal; font-weight: 400;\">Le risque est d\u00e9fini comme l'incertitude d'un \u00e9v\u00e9nement ou de ses cons\u00e9quences potentielles.<\/span><span style=\"font-size: 17px; font-style: normal; font-weight: 400;\">\u00a0<\/span><span style=\"font-size: 17px;\">La gestion des risques est la pratique consistant \u00e0 identifier, \u00e9valuer et \u00e9laborer des plans strat\u00e9giques pour att\u00e9nuer l'incertitude. La planification de la gestion des risques vous aide \u00e0 r\u00e9partir vos actifs plus efficacement, \u00e0 am\u00e9liorer la prise de d\u00e9cision et \u00e0 minimiser les risques de perte. Pour faire face aux risques, vous pouvez envisager de les transf\u00e9rer, ce qui se fait g\u00e9n\u00e9ralement par le biais de produits d'assurance. Dans ces conditions, il est essentiel de choisir le bon plan d'assurance pour se prot\u00e9ger contre le risque.<\/span>\n<h2 style=\"text-align: center;\"><span style=\"font-size: 17px;\"><b>Comment nous travaillons ?\n<\/b><\/span><\/h2>\n<p style=\"text-align: center;\"><span style=\"font-size: 17px;\">La Financi\u00e8re Lions suit plusieurs \u00e9tapes pour aider ses clients \u00e0 b\u00e9n\u00e9ficier de services de gestion des risques efficaces :<\/span><\/p>\n<p style=\"text-align: center;\"><strong>\u00c9tape 1 :\n<\/strong>R\u00e9aliser une enqu\u00eate standard et avoir une connaissance approfondie de la situation des clients<\/p>\n<p style=\"text-align: center;\"><strong>\u00c9tape 2 :\n<\/strong>Identifier et d\u00e9couvrir les risques qui peuvent affecter les r\u00e9sultats.<\/p>\n<p style=\"text-align: center;\"><strong>\u00c9tape 3<\/strong>:\n- \u00c9valuer ou classer le risque<\/p>\n<p style=\"text-align: center;\">- D\u00e9terminer l'ampleur du risque<\/p>\n<p style=\"text-align: center;\">- Identifier la probabilit\u00e9 et les cons\u00e9quences<\/p>\n<p style=\"text-align: center;\">- \u00c9valuer la tol\u00e9rance au risque<\/p>\n<p style=\"text-align: center;\"><strong>\u00c9tape 4<\/strong>:\n\u00c9valuer le risque le plus \u00e9lev\u00e9<\/p>\n<p style=\"text-align: center;\"><strong>\u00c9tape 5 :<\/strong>\nCr\u00e9er un plan et une strat\u00e9gie pour traiter le risque<\/p>\n<p style=\"text-align: center;\"><strong>\u00c9tape 6 :<\/strong>\nMettre en \u0153uvre la m\u00e9thode et fournir un produit exploitable<\/p>\n<p style=\"text-align: center;\"><strong>\u00c9tape 7 :<\/strong>\nSurveiller et revoir le risque<\/p>\n<p style=\"text-align: center;\"><strong>Les services que nous proposons <\/strong><\/p>\n\n<ul>\n \t<li><strong>Financement des primes<\/strong><\/li>\n<\/ul>\nLe financement des primes est une strat\u00e9gie faisant appel \u00e0 des pr\u00eateurs tiers pour payer les primes d'une police d'assurance-vie. <a href=\"https:\/\/lions.financial\/fr\/premium-financing\/\"><em><span style=\"text-decoration: underline;\">En savoir plus<\/span><\/em><\/a>\n<ul>\n \t<li><strong>Couverture des personnes cl\u00e9s<\/strong><\/li>\n<\/ul>\nL'assurance homme cl\u00e9 couvre la vie de l'employ\u00e9 qui est essentiel au succ\u00e8s de l'entreprise. Cette assurance permet de rembourser une entreprise pour la perte \u00e9conomique lorsqu'un employ\u00e9 important n'est pas en mesure de fonctionner dans l'entreprise.<a href=\"https:\/\/lions.financial\/fr\/key-person-insurance\/\"><em><u> En savoir plus<\/u><\/em><\/a>\n<ul>\n \t<li><b>Organisation professionnelle d'employeurs (OPE)<\/b><\/li>\n<\/ul>\nUne organisation professionnelle d'employeurs dans une soci\u00e9t\u00e9 d'externalisation qui fournit un service complet de ressources humaines aux petites et moyennes entreprises.<a href=\"https:\/\/lions.financial\/fr\/professional-employer-organizations\/\"><em><u> En savoir plus<\/u><\/em><\/a>\n<h2 style=\"text-align: center;\"><strong><span style=\"font-size: 17px;\">Clients avec lesquels nous travaillons<\/strong><\/h2>\n<ul>\n \t<li>Dirig\u00e9 par un entrepreneur et d\u00e9tenu par des particuliers<\/li>\n \t<li>Entreprise individuelle, familiale ou en partenariat<\/li>\n \t<li>Fond\u00e9e depuis au moins trois ans, g\u00e9n\u00e9rant un chiffre d'affaires annuel compris entre $3 millions -$50 millions et en mode croissance.<\/li>\n<\/ul>\n<p style=\"text-align: center;\"><strong>Le fournisseur de capital avec lequel nous sommes partenaires*<\/strong><\/p>\n\n<ul>\n \t<li>Banques d'investissement<\/li>\n \t<li>Soci\u00e9t\u00e9s de capital-investissement<\/li>\n \t<li>Soci\u00e9t\u00e9s de capital-risque<\/li>\n \t<li>Soci\u00e9t\u00e9s de conseil en capital<\/li>\n \t<li>Plateformes pour investisseurs accr\u00e9dit\u00e9s<\/li>\n \t<li>Soci\u00e9t\u00e9s de financement sp\u00e9cialis\u00e9<\/li>\n \t<li>Banques commerciales<\/li>\n<\/ul>\n*LAF soutient les personnes enregistr\u00e9es<span style=\"font-size: 17px; font-style: normal; font-weight: 400;\">\u00a0<\/span><a href=\"https:\/\/www.finra.org\/#\/\" target=\"_blank\" rel=\"noopener\">FINRA<\/a>\/<a href=\"https:\/\/www.sipc.org\/\" target=\"_blank\" rel=\"noopener\">SIPC<\/a>\u00a0membres en r\u00e8gle, et qui sont\u00a0<span style=\"font-size: 17px; font-style: normal; font-weight: 400;\">Conforme \u00e0 la SEC<\/span>\n<p style=\"text-align: center;\"><strong>Industrie sur laquelle nous nous concentrons<\/strong><\/p>\n\n<ul>\n \t<li>Automobile et camionnage<\/li>\n \t<li>Immobilier commercial<\/li>\n \t<li>Hospitalit\u00e9<\/li>\n \t<li>Vente au d\u00e9tail et commerce \u00e9lectronique<\/li>\n \t<li>Services financiers<\/li>\n \t<li>Bio-pharmaceutique + Sant\u00e9<\/li>\n \t<li>Marketing + Publicit\u00e9<\/li>\n \t<li>Ing\u00e9nierie\/\u00c9nergie renouvelable<\/li> \n<\/ul>\n<\/div>\t\t\t\t\t\t\t\t<\/div>\n\t\t\t\t<\/div>\n\t\t\t\t\t<\/div>\n\t\t<\/div>\n\t\t\t\t<div class=\"elementor-column elementor-col-33 elementor-top-column elementor-element elementor-element-8f16a68\" data-id=\"8f16a68\" data-element_type=\"column\" data-e-type=\"column\" data-settings=\"{&quot;background_background&quot;:&quot;classic&quot;}\">\n\t\t\t<div class=\"elementor-widget-wrap elementor-element-populated\">\n\t\t\t\t\t\t<div class=\"elementor-element elementor-element-1956901 elementor-widget elementor-widget-heading\" data-id=\"1956901\" data-element_type=\"widget\" data-e-type=\"widget\" data-widget_type=\"heading.default\">\n\t\t\t\t<div class=\"elementor-widget-container\">\n\t\t\t\t\t<h2 class=\"elementor-heading-title elementor-size-default\">Partager :<\/h2>\t\t\t\t<\/div>\n\t\t\t\t<\/div>\n\t\t\t\t<div class=\"elementor-element elementor-element-0085072 elementor-share-buttons--view-icon elementor-grid-tablet-3 elementor-grid-mobile-0 elementor-share-buttons--skin-gradient elementor-share-buttons--shape-square elementor-grid-0 elementor-share-buttons--color-official elementor-widget elementor-widget-share-buttons\" data-id=\"0085072\" data-element_type=\"widget\" data-e-type=\"widget\" data-widget_type=\"share-buttons.default\">\n\t\t\t\t<div class=\"elementor-widget-container\">\n\t\t\t\t\t\t\t<div class=\"elementor-grid\" role=\"list\">\n\t\t\t\t\t\t\t\t<div class=\"elementor-grid-item\" role=\"listitem\">\n\t\t\t\t\t\t<div class=\"elementor-share-btn elementor-share-btn_facebook\" role=\"button\" tabindex=\"0\" aria-label=\"Partager sur facebook\">\n\t\t\t\t\t\t\t\t\t\t\t\t\t\t\t<span class=\"elementor-share-btn__icon\">\n\t\t\t\t\t\t\t\t<i class=\"fab fa-facebook\" aria-hidden=\"true\"><\/i>\t\t\t\t\t\t\t<\/span>\n\t\t\t\t\t\t\t\t\t\t\t\t\t\t\t\t\t\t\t\t<\/div>\n\t\t\t\t\t<\/div>\n\t\t\t\t\t\t\t\t\t<div class=\"elementor-grid-item\" role=\"listitem\">\n\t\t\t\t\t\t<div class=\"elementor-share-btn elementor-share-btn_twitter\" role=\"button\" tabindex=\"0\" aria-label=\"Partager sur twitter\">\n\t\t\t\t\t\t\t\t\t\t\t\t\t\t\t<span class=\"elementor-share-btn__icon\">\n\t\t\t\t\t\t\t\t<i class=\"fab fa-twitter\" aria-hidden=\"true\"><\/i>\t\t\t\t\t\t\t<\/span>\n\t\t\t\t\t\t\t\t\t\t\t\t\t\t\t\t\t\t\t\t<\/div>\n\t\t\t\t\t<\/div>\n\t\t\t\t\t\t\t\t\t<div class=\"elementor-grid-item\" role=\"listitem\">\n\t\t\t\t\t\t<div class=\"elementor-share-btn elementor-share-btn_linkedin\" role=\"button\" tabindex=\"0\" aria-label=\"Partager sur linkedin\">\n\t\t\t\t\t\t\t\t\t\t\t\t\t\t\t<span class=\"elementor-share-btn__icon\">\n\t\t\t\t\t\t\t\t<i class=\"fab fa-linkedin\" aria-hidden=\"true\"><\/i>\t\t\t\t\t\t\t<\/span>\n\t\t\t\t\t\t\t\t\t\t\t\t\t\t\t\t\t\t\t\t<\/div>\n\t\t\t\t\t<\/div>\n\t\t\t\t\t\t\t\t\t<div class=\"elementor-grid-item\" role=\"listitem\">\n\t\t\t\t\t\t<div class=\"elementor-share-btn elementor-share-btn_whatsapp\" role=\"button\" tabindex=\"0\" aria-label=\"Partager sur whatsapp\">\n\t\t\t\t\t\t\t\t\t\t\t\t\t\t\t<span class=\"elementor-share-btn__icon\">\n\t\t\t\t\t\t\t\t<i class=\"fab fa-whatsapp\" aria-hidden=\"true\"><\/i>\t\t\t\t\t\t\t<\/span>\n\t\t\t\t\t\t\t\t\t\t\t\t\t\t\t\t\t\t\t\t<\/div>\n\t\t\t\t\t<\/div>\n\t\t\t\t\t\t<\/div>\n\t\t\t\t\t\t<\/div>\n\t\t\t\t<\/div>\n\t\t\t\t<div class=\"elementor-element elementor-element-eef7279 elementor-widget elementor-widget-spacer\" data-id=\"eef7279\" data-element_type=\"widget\" data-e-type=\"widget\" data-widget_type=\"spacer.default\">\n\t\t\t\t<div class=\"elementor-widget-container\">\n\t\t\t\t\t\t\t<div class=\"elementor-spacer\">\n\t\t\t<div class=\"elementor-spacer-inner\"><\/div>\n\t\t<\/div>\n\t\t\t\t\t\t<\/div>\n\t\t\t\t<\/div>\n\t\t\t\t<div class=\"elementor-element elementor-element-5112a09 elementor-widget elementor-widget-heading\" data-id=\"5112a09\" data-element_type=\"widget\" data-e-type=\"widget\" data-widget_type=\"heading.default\">\n\t\t\t\t<div class=\"elementor-widget-container\">\n\t\t\t\t\t<h2 class=\"elementor-heading-title elementor-size-default\">Services : <\/h2>\t\t\t\t<\/div>\n\t\t\t\t<\/div>\n\t\t\t\t<div class=\"elementor-element elementor-element-d2b23ad elementor-nav-menu--dropdown-tablet elementor-nav-menu__text-align-aside elementor-nav-menu--toggle elementor-nav-menu--burger elementor-widget elementor-widget-nav-menu\" data-id=\"d2b23ad\" data-element_type=\"widget\" data-e-type=\"widget\" data-settings=\"{&quot;layout&quot;:&quot;vertical&quot;,&quot;submenu_icon&quot;:{&quot;value&quot;:&quot;&lt;i class=\\&quot;fas fa-caret-down\\&quot; aria-hidden=\\&quot;true\\&quot;&gt;&lt;\\\/i&gt;&quot;,&quot;library&quot;:&quot;fa-solid&quot;},&quot;toggle&quot;:&quot;burger&quot;}\" data-widget_type=\"nav-menu.default\">\n\t\t\t\t<div class=\"elementor-widget-container\">\n\t\t\t\t\t\t\t\t<nav aria-label=\"Menu\" class=\"elementor-nav-menu--main elementor-nav-menu__container elementor-nav-menu--layout-vertical e--pointer-underline e--animation-fade\">\n\t\t\t\t<ul id=\"menu-1-d2b23ad\" class=\"elementor-nav-menu sm-vertical\"><li class=\"menu-item menu-item-type-post_type menu-item-object-page menu-item-2957\"><a href=\"https:\/\/lions.financial\/fr\/contact\/\" class=\"elementor-item menu-link\">Nous contacter<\/a><\/li>\n<li class=\"menu-item menu-item-type-post_type menu-item-object-page menu-item-2540\"><a href=\"https:\/\/lions.financial\/fr\/services\/business-plan\/\" class=\"elementor-item menu-link\">Plan d'affaires - Lions Financial<\/a><\/li>\n<li class=\"menu-item menu-item-type-post_type menu-item-object-page menu-item-2541\"><a href=\"https:\/\/lions.financial\/fr\/business-advisory-buy-sell-agreements\/\" class=\"elementor-item menu-link\">Contrats d'achat-vente<\/a><\/li>\n<li class=\"menu-item menu-item-type-post_type menu-item-object-page menu-item-2542\"><a href=\"https:\/\/lions.financial\/fr\/services\/business-advisory-deferred-compensation\/\" class=\"elementor-item menu-link\">R\u00e9mun\u00e9ration diff\u00e9r\u00e9e<\/a><\/li>\n<li class=\"menu-item menu-item-type-post_type menu-item-object-page menu-item-2543\"><a href=\"https:\/\/lions.financial\/fr\/services\/business-advisory-employee-benefits\/\" class=\"elementor-item menu-link\">Avantages collectifs des employ\u00e9s<\/a><\/li>\n<li class=\"menu-item menu-item-type-post_type menu-item-object-page menu-item-2544\"><a href=\"https:\/\/lions.financial\/fr\/services\/business-advisory-executive-compensation-tax-strategies\/\" class=\"elementor-item menu-link\">R\u00e9mun\u00e9ration des dirigeants<\/a><\/li>\n<li class=\"menu-item menu-item-type-post_type menu-item-object-page menu-item-2545\"><a href=\"https:\/\/lions.financial\/fr\/services\/business-advisory-succession-planning\/\" class=\"elementor-item menu-link\">Planification de la succession<\/a><\/li>\n<li class=\"menu-item menu-item-type-post_type menu-item-object-page menu-item-2949\"><a href=\"https:\/\/lions.financial\/fr\/services-risk-management\/\" class=\"elementor-item menu-link\">Service de conseil en gestion des risques<\/a><\/li>\n<li class=\"menu-item menu-item-type-post_type menu-item-object-page menu-item-2947\"><a href=\"https:\/\/lions.financial\/fr\/services-risk-management-premium-financing\/\" class=\"elementor-item menu-link\">Financement des primes<\/a><\/li>\n<li class=\"menu-item menu-item-type-post_type menu-item-object-page menu-item-2948\"><a href=\"https:\/\/lions.financial\/fr\/risk-management-key-person-coverage\/\" class=\"elementor-item menu-link\">Couverture des personnes cl\u00e9s<\/a><\/li>\n<li class=\"menu-item menu-item-type-post_type menu-item-object-page menu-item-2951\"><a href=\"https:\/\/lions.financial\/fr\/capital-markets\/\" class=\"elementor-item menu-link\">March\u00e9s des capitaux<\/a><\/li>\n<li class=\"menu-item menu-item-type-post_type menu-item-object-page menu-item-2955\"><a href=\"https:\/\/lions.financial\/fr\/services\/capital-markets-mergers-and-acquisitions\/\" class=\"elementor-item menu-link\">Fusions et acquisitions<\/a><\/li>\n<li class=\"menu-item menu-item-type-post_type menu-item-object-page menu-item-2950\"><a href=\"https:\/\/lions.financial\/fr\/due-diligence-and-valuation\/\" class=\"elementor-item menu-link\">Diligence raisonnable et \u00e9valuation<\/a><\/li>\n<li class=\"menu-item menu-item-type-post_type menu-item-object-page menu-item-2956\"><a href=\"https:\/\/lions.financial\/fr\/our-team\/\" class=\"elementor-item menu-link\">Notre \u00e9quipe<\/a><\/li>\n<li class=\"menu-item menu-item-type-post_type menu-item-object-page menu-item-2953\"><a href=\"https:\/\/lions.financial\/fr\/insights-professional-alliance-program\/\" class=\"elementor-item menu-link\">Programme d'alliance professionnelle<\/a><\/li>\n<\/ul>\t\t\t<\/nav>\n\t\t\t\t\t<div class=\"elementor-menu-toggle\" role=\"button\" tabindex=\"0\" aria-label=\"Permuter le menu\" aria-expanded=\"false\">\n\t\t\t<i aria-hidden=\"true\" role=\"presentation\" class=\"elementor-menu-toggle__icon--open eicon-menu-bar\"><\/i><i aria-hidden=\"true\" role=\"presentation\" class=\"elementor-menu-toggle__icon--close eicon-close\"><\/i>\t\t<\/div>\n\t\t\t\t\t<nav class=\"elementor-nav-menu--dropdown elementor-nav-menu__container\" aria-hidden=\"true\">\n\t\t\t\t<ul id=\"menu-2-d2b23ad\" class=\"elementor-nav-menu sm-vertical\"><li class=\"menu-item menu-item-type-post_type menu-item-object-page menu-item-2957\"><a href=\"https:\/\/lions.financial\/fr\/contact\/\" class=\"elementor-item menu-link\" tabindex=\"-1\">Nous contacter<\/a><\/li>\n<li class=\"menu-item menu-item-type-post_type menu-item-object-page menu-item-2540\"><a href=\"https:\/\/lions.financial\/fr\/services\/business-plan\/\" class=\"elementor-item menu-link\" tabindex=\"-1\">Plan d'affaires - Lions Financial<\/a><\/li>\n<li class=\"menu-item menu-item-type-post_type menu-item-object-page menu-item-2541\"><a href=\"https:\/\/lions.financial\/fr\/business-advisory-buy-sell-agreements\/\" class=\"elementor-item menu-link\" tabindex=\"-1\">Contrats d'achat-vente<\/a><\/li>\n<li class=\"menu-item menu-item-type-post_type menu-item-object-page menu-item-2542\"><a href=\"https:\/\/lions.financial\/fr\/services\/business-advisory-deferred-compensation\/\" class=\"elementor-item menu-link\" tabindex=\"-1\">R\u00e9mun\u00e9ration diff\u00e9r\u00e9e<\/a><\/li>\n<li class=\"menu-item menu-item-type-post_type menu-item-object-page menu-item-2543\"><a href=\"https:\/\/lions.financial\/fr\/services\/business-advisory-employee-benefits\/\" class=\"elementor-item menu-link\" tabindex=\"-1\">Avantages collectifs des employ\u00e9s<\/a><\/li>\n<li class=\"menu-item menu-item-type-post_type menu-item-object-page menu-item-2544\"><a href=\"https:\/\/lions.financial\/fr\/services\/business-advisory-executive-compensation-tax-strategies\/\" class=\"elementor-item menu-link\" tabindex=\"-1\">R\u00e9mun\u00e9ration des dirigeants<\/a><\/li>\n<li class=\"menu-item menu-item-type-post_type menu-item-object-page menu-item-2545\"><a href=\"https:\/\/lions.financial\/fr\/services\/business-advisory-succession-planning\/\" class=\"elementor-item menu-link\" tabindex=\"-1\">Planification de la succession<\/a><\/li>\n<li class=\"menu-item menu-item-type-post_type menu-item-object-page menu-item-2949\"><a href=\"https:\/\/lions.financial\/fr\/services-risk-management\/\" class=\"elementor-item menu-link\" tabindex=\"-1\">Service de conseil en gestion des risques<\/a><\/li>\n<li class=\"menu-item menu-item-type-post_type menu-item-object-page menu-item-2947\"><a href=\"https:\/\/lions.financial\/fr\/services-risk-management-premium-financing\/\" class=\"elementor-item menu-link\" tabindex=\"-1\">Financement des primes<\/a><\/li>\n<li class=\"menu-item menu-item-type-post_type menu-item-object-page menu-item-2948\"><a href=\"https:\/\/lions.financial\/fr\/risk-management-key-person-coverage\/\" class=\"elementor-item menu-link\" tabindex=\"-1\">Couverture des personnes cl\u00e9s<\/a><\/li>\n<li class=\"menu-item menu-item-type-post_type menu-item-object-page menu-item-2951\"><a href=\"https:\/\/lions.financial\/fr\/capital-markets\/\" class=\"elementor-item menu-link\" tabindex=\"-1\">March\u00e9s des capitaux<\/a><\/li>\n<li class=\"menu-item menu-item-type-post_type menu-item-object-page menu-item-2955\"><a href=\"https:\/\/lions.financial\/fr\/services\/capital-markets-mergers-and-acquisitions\/\" class=\"elementor-item menu-link\" tabindex=\"-1\">Fusions et acquisitions<\/a><\/li>\n<li class=\"menu-item menu-item-type-post_type menu-item-object-page menu-item-2950\"><a href=\"https:\/\/lions.financial\/fr\/due-diligence-and-valuation\/\" class=\"elementor-item menu-link\" tabindex=\"-1\">Diligence raisonnable et \u00e9valuation<\/a><\/li>\n<li class=\"menu-item menu-item-type-post_type menu-item-object-page menu-item-2956\"><a href=\"https:\/\/lions.financial\/fr\/our-team\/\" class=\"elementor-item menu-link\" tabindex=\"-1\">Notre \u00e9quipe<\/a><\/li>\n<li class=\"menu-item menu-item-type-post_type menu-item-object-page menu-item-2953\"><a href=\"https:\/\/lions.financial\/fr\/insights-professional-alliance-program\/\" class=\"elementor-item menu-link\" tabindex=\"-1\">Programme d'alliance professionnelle<\/a><\/li>\n<\/ul>\t\t\t<\/nav>\n\t\t\t\t\t\t<\/div>\n\t\t\t\t<\/div>\n\t\t\t\t<div class=\"elementor-element elementor-element-7785b5e elementor-widget elementor-widget-spacer\" data-id=\"7785b5e\" data-element_type=\"widget\" data-e-type=\"widget\" data-widget_type=\"spacer.default\">\n\t\t\t\t<div class=\"elementor-widget-container\">\n\t\t\t\t\t\t\t<div class=\"elementor-spacer\">\n\t\t\t<div class=\"elementor-spacer-inner\"><\/div>\n\t\t<\/div>\n\t\t\t\t\t\t<\/div>\n\t\t\t\t<\/div>\n\t\t\t\t\t<\/div>\n\t\t<\/div>\n\t\t\t\t\t<\/div>\n\t\t<\/section>\n\t\t\t\t<\/div>","protected":false},"excerpt":{"rendered":"<p>Risk Management Businesses face many risks as do the individuals operating those companies, to successfully achieve company&#8217;s objectives, risk management should be at the center [&hellip;]<\/p>\n","protected":false},"author":3,"featured_media":0,"parent":0,"menu_order":0,"comment_status":"closed","ping_status":"closed","template":"","meta":{"_acf_changed":false,"content-type":"","site-sidebar-layout":"no-sidebar","site-content-layout":"page-builder","ast-site-content-layout":"default","site-content-style":"default","site-sidebar-style":"default","ast-global-header-display":"","ast-banner-title-visibility":"","ast-main-header-display":"","ast-hfb-above-header-display":"","ast-hfb-below-header-display":"","ast-hfb-mobile-header-display":"","site-post-title":"disabled","ast-breadcrumbs-content":"","ast-featured-img":"disabled","footer-sml-layout":"","ast-disable-related-posts":"","theme-transparent-header-meta":"default","adv-header-id-meta":"","stick-header-meta":"default","header-above-stick-meta":"","header-main-stick-meta":"","header-below-stick-meta":"","astra-migrate-meta-layouts":"default","ast-page-background-enabled":"default","ast-page-background-meta":{"desktop":{"background-color":"","background-image":"","background-repeat":"repeat","background-position":"center center","background-size":"auto","background-attachment":"scroll","background-type":"","background-media":"","overlay-type":"","overlay-color":"","overlay-opacity":"","overlay-gradient":""},"tablet":{"background-color":"","background-image":"","background-repeat":"repeat","background-position":"center center","background-size":"auto","background-attachment":"scroll","background-type":"","background-media":"","overlay-type":"","overlay-color":"","overlay-opacity":"","overlay-gradient":""},"mobile":{"background-color":"","background-image":"","background-repeat":"repeat","background-position":"center center","background-size":"auto","background-attachment":"scroll","background-type":"","background-media":"","overlay-type":"","overlay-color":"","overlay-opacity":"","overlay-gradient":""}},"ast-content-background-meta":{"desktop":{"background-color":"var(--ast-global-color-5)","background-image":"","background-repeat":"repeat","background-position":"center center","background-size":"auto","background-attachment":"scroll","background-type":"","background-media":"","overlay-type":"","overlay-color":"","overlay-opacity":"","overlay-gradient":""},"tablet":{"background-color":"var(--ast-global-color-5)","background-image":"","background-repeat":"repeat","background-position":"center center","background-size":"auto","background-attachment":"scroll","background-type":"","background-media":"","overlay-type":"","overlay-color":"","overlay-opacity":"","overlay-gradient":""},"mobile":{"background-color":"var(--ast-global-color-5)","background-image":"","background-repeat":"repeat","background-position":"center center","background-size":"auto","background-attachment":"scroll","background-type":"","background-media":"","overlay-type":"","overlay-color":"","overlay-opacity":"","overlay-gradient":""}},"footnotes":""},"class_list":["post-2765","page","type-page","status-publish","hentry"],"acf":[],"_links":{"self":[{"href":"https:\/\/lions.financial\/fr\/wp-json\/wp\/v2\/pages\/2765","targetHints":{"allow":["GET"]}}],"collection":[{"href":"https:\/\/lions.financial\/fr\/wp-json\/wp\/v2\/pages"}],"about":[{"href":"https:\/\/lions.financial\/fr\/wp-json\/wp\/v2\/types\/page"}],"author":[{"embeddable":true,"href":"https:\/\/lions.financial\/fr\/wp-json\/wp\/v2\/users\/3"}],"replies":[{"embeddable":true,"href":"https:\/\/lions.financial\/fr\/wp-json\/wp\/v2\/comments?post=2765"}],"version-history":[{"count":34,"href":"https:\/\/lions.financial\/fr\/wp-json\/wp\/v2\/pages\/2765\/revisions"}],"predecessor-version":[{"id":8706,"href":"https:\/\/lions.financial\/fr\/wp-json\/wp\/v2\/pages\/2765\/revisions\/8706"}],"wp:attachment":[{"href":"https:\/\/lions.financial\/fr\/wp-json\/wp\/v2\/media?parent=2765"}],"curies":[{"name":"wp","href":"https:\/\/api.w.org\/{rel}","templated":true}]}}