{"id":2124,"date":"2018-07-24T13:39:08","date_gmt":"2018-07-24T18:39:08","guid":{"rendered":"http:\/\/35.227.21.112\/?page_id=2124"},"modified":"2022-10-19T02:49:29","modified_gmt":"2022-10-19T07:49:29","slug":"insights-professional-alliance-program","status":"publish","type":"page","link":"https:\/\/lions.financial\/fr\/insights-professional-alliance-program\/","title":{"rendered":"Programme d'alliance professionnelle"},"content":{"rendered":"<div data-elementor-type=\"wp-post\" data-elementor-id=\"2124\" class=\"elementor elementor-2124\" data-elementor-post-type=\"page\">\n\t\t\t\t\t\t<section class=\"elementor-section elementor-top-section elementor-element elementor-element-1258e194 elementor-section-height-min-height elementor-section-boxed elementor-section-height-default elementor-section-items-middle\" data-id=\"1258e194\" data-element_type=\"section\" data-e-type=\"section\" data-settings=\"{&quot;background_background&quot;:&quot;classic&quot;,&quot;shape_divider_bottom&quot;:&quot;triangle-asymmetrical&quot;,&quot;shape_divider_bottom_negative&quot;:&quot;yes&quot;}\">\n\t\t\t\t\t<div class=\"elementor-shape elementor-shape-bottom\" aria-hidden=\"true\" data-negative=\"true\">\n\t\t\t<svg xmlns=\"http:\/\/www.w3.org\/2000\/svg\" viewbox=\"0 0 1000 100\" preserveaspectratio=\"none\">\n\t<path class=\"elementor-shape-fill\" d=\"M737.9,94.7L0,0v100h1000V0L737.9,94.7z\"\/>\n<\/svg>\t\t<\/div>\n\t\t\t\t\t<div class=\"elementor-container elementor-column-gap-default\">\n\t\t\t\t\t<div class=\"elementor-column elementor-col-100 elementor-top-column elementor-element elementor-element-2ff97797\" data-id=\"2ff97797\" data-element_type=\"column\" data-e-type=\"column\">\n\t\t\t<div class=\"elementor-widget-wrap elementor-element-populated\">\n\t\t\t\t\t\t<div class=\"elementor-element elementor-element-42e03793 elementor-widget elementor-widget-heading\" data-id=\"42e03793\" data-element_type=\"widget\" data-e-type=\"widget\" data-widget_type=\"heading.default\">\n\t\t\t\t<div class=\"elementor-widget-container\">\n\t\t\t\t\t<h1 class=\"elementor-heading-title elementor-size-default\">Programme d'alliance professionnelle <\/h1>\t\t\t\t<\/div>\n\t\t\t\t<\/div>\n\t\t\t\t\t<\/div>\n\t\t<\/div>\n\t\t\t\t\t<\/div>\n\t\t<\/section>\n\t\t\t\t<section class=\"elementor-section elementor-top-section elementor-element elementor-element-703bf3e elementor-section-boxed elementor-section-height-default elementor-section-height-default\" data-id=\"703bf3e\" data-element_type=\"section\" data-e-type=\"section\">\n\t\t\t\t\t\t<div class=\"elementor-container elementor-column-gap-default\">\n\t\t\t\t\t<div class=\"elementor-column elementor-col-66 elementor-top-column elementor-element elementor-element-4d2dc00\" data-id=\"4d2dc00\" data-element_type=\"column\" data-e-type=\"column\">\n\t\t\t<div class=\"elementor-widget-wrap elementor-element-populated\">\n\t\t\t\t\t\t<div class=\"elementor-element elementor-element-576f1c5 elementor-widget elementor-widget-heading\" data-id=\"576f1c5\" data-element_type=\"widget\" data-e-type=\"widget\" data-widget_type=\"heading.default\">\n\t\t\t\t<div class=\"elementor-widget-container\">\n\t\t\t\t\t<h2 class=\"elementor-heading-title elementor-size-default\">Ensemble, nous travaillons mieux\n\n<\/h2>\t\t\t\t<\/div>\n\t\t\t\t<\/div>\n\t\t\t\t<div class=\"elementor-element elementor-element-fbcb893 elementor-widget elementor-widget-text-editor\" data-id=\"fbcb893\" data-element_type=\"widget\" data-e-type=\"widget\" data-widget_type=\"text-editor.default\">\n\t\t\t\t<div class=\"elementor-widget-container\">\n\t\t\t\t\t\t\t\t\t<div style=\"user-select: text; -webkit-user-drag: none; -webkit-tap-highlight-color: transparent; overflow: visible; cursor: text; clear: both; position: relative; direction: ltr; font-family: 'Segoe UI', 'Segoe UI Web', Arial, Verdana, sans-serif; font-style: normal; font-weight: 400;\"><p>Vous voulez mieux satisfaire vos clients et \u00e9tablir un lien avec eux ? Nous vous proposons une solution simple et efficace : l'alliance avec Lions Financial ! Nous, Lions Financial, pouvons fournir \u00e0 vos clients des plans complets et personnalis\u00e9s de gestion des risques et de conseil aux entreprises, en fonction de leurs besoins et exigences sp\u00e9cifiques.<\/p><p>Le programme du r\u00e9seau d'alliances professionnelles de notre cabinet cr\u00e9e un environnement s\u00fbr dans lequel les clients du cabinet peuvent trouver des services professionnels r\u00e9put\u00e9s pour mener \u00e0 bien des activit\u00e9s commerciales telles que la structure d'entreprise, la planification successorale, les achats d'assurance et l'investissement en capital. Le mod\u00e8le d'entreprise de notre r\u00e9seau d'alliances professionnelles est bas\u00e9 sur un processus de diligence raisonnable objectif et \u00e9tendu qui vise \u00e0 s\u00e9lectionner des professionnels exp\u00e9riment\u00e9s de premier ordre dans leurs domaines d'expertise et, par la suite, \u00e0 d\u00e9velopper des relations directes \"d'entreprise \u00e0 entreprise\" au profit de nos clients.<\/p><p>Avec le programme d'alliance professionnelle, vous pouvez travailler avec notre \u00e9quipe de gestion financi\u00e8re exp\u00e9riment\u00e9e pour \u00e9largir votre menu de services et offrir \u00e0 vos clients des services plus complets, efficaces et pratiques.<\/p><p style=\"text-align: center;\"><strong>L'avantage du r\u00e9seau d'alliances professionnelles<\/strong><\/p><ul><li><strong><em>Am\u00e9liorer la fid\u00e9lit\u00e9 des clients<\/em><\/strong> en leur offrant des exp\u00e9riences de meilleure qualit\u00e9 et des services plus complets et plus pratiques.<\/li><li><strong><em>D\u00e9marquez-vous de vos concurrents<\/em><\/strong> avec les options de service \u00e9tendu sans ajouter de charge de travail.<\/li><li><strong><em>\u00c9largir votre base de consommateurs\u00a0<\/em><\/strong>en travaillant en r\u00e9seau gr\u00e2ce \u00e0 notre alliance.<\/li><li><strong><em>Votre s\u00e9curit\u00e9 est assur\u00e9e<\/em><\/strong> Toute information confidentielle au cours de notre transaction restera confidentielle.<\/li><li><strong><em>Crit\u00e8res de tarification raisonnables<\/em><\/strong><ul><li>Processus de diligence raisonnable \u00e9tendu pour identifier la meilleure tarification du secteur pour tout produit d'assurance-vie et\/ou de pr\u00eat hypoth\u00e9caire.<\/li><li>divulguer toutes les offres de prix obtenues du secteur pour tout produit d'assurance-vie et\/ou de pr\u00eat hypoth\u00e9caire<\/li><li>partager avec le professionnel les honoraires et\/ou commissions nets g\u00e9n\u00e9r\u00e9s par l'accord de pourcentage<\/li><\/ul><\/li><\/ul><\/div>\t\t\t\t\t\t\t\t<\/div>\n\t\t\t\t<\/div>\n\t\t\t\t\t<\/div>\n\t\t<\/div>\n\t\t\t\t<div class=\"elementor-column elementor-col-33 elementor-top-column elementor-element elementor-element-d129c3f\" data-id=\"d129c3f\" data-element_type=\"column\" data-e-type=\"column\" data-settings=\"{&quot;background_background&quot;:&quot;classic&quot;}\">\n\t\t\t<div class=\"elementor-widget-wrap elementor-element-populated\">\n\t\t\t\t\t\t<div class=\"elementor-element elementor-element-02c2231 elementor-widget elementor-widget-heading\" data-id=\"02c2231\" data-element_type=\"widget\" data-e-type=\"widget\" data-widget_type=\"heading.default\">\n\t\t\t\t<div class=\"elementor-widget-container\">\n\t\t\t\t\t<h2 class=\"elementor-heading-title elementor-size-default\">Partager :<\/h2>\t\t\t\t<\/div>\n\t\t\t\t<\/div>\n\t\t\t\t<div class=\"elementor-element elementor-element-897cc6b elementor-share-buttons--view-icon elementor-grid-tablet-3 elementor-grid-mobile-0 elementor-share-buttons--skin-gradient elementor-share-buttons--shape-square elementor-grid-0 elementor-share-buttons--color-official elementor-widget elementor-widget-share-buttons\" data-id=\"897cc6b\" data-element_type=\"widget\" data-e-type=\"widget\" data-widget_type=\"share-buttons.default\">\n\t\t\t\t<div class=\"elementor-widget-container\">\n\t\t\t\t\t\t\t<div class=\"elementor-grid\" role=\"list\">\n\t\t\t\t\t\t\t\t<div class=\"elementor-grid-item\" role=\"listitem\">\n\t\t\t\t\t\t<div class=\"elementor-share-btn elementor-share-btn_facebook\" role=\"button\" tabindex=\"0\" aria-label=\"Partager sur facebook\">\n\t\t\t\t\t\t\t\t\t\t\t\t\t\t\t<span class=\"elementor-share-btn__icon\">\n\t\t\t\t\t\t\t\t<i class=\"fab fa-facebook\" aria-hidden=\"true\"><\/i>\t\t\t\t\t\t\t<\/span>\n\t\t\t\t\t\t\t\t\t\t\t\t\t\t\t\t\t\t\t\t<\/div>\n\t\t\t\t\t<\/div>\n\t\t\t\t\t\t\t\t\t<div class=\"elementor-grid-item\" role=\"listitem\">\n\t\t\t\t\t\t<div class=\"elementor-share-btn elementor-share-btn_twitter\" role=\"button\" tabindex=\"0\" aria-label=\"Partager sur twitter\">\n\t\t\t\t\t\t\t\t\t\t\t\t\t\t\t<span class=\"elementor-share-btn__icon\">\n\t\t\t\t\t\t\t\t<i class=\"fab fa-twitter\" aria-hidden=\"true\"><\/i>\t\t\t\t\t\t\t<\/span>\n\t\t\t\t\t\t\t\t\t\t\t\t\t\t\t\t\t\t\t\t<\/div>\n\t\t\t\t\t<\/div>\n\t\t\t\t\t\t\t\t\t<div class=\"elementor-grid-item\" role=\"listitem\">\n\t\t\t\t\t\t<div class=\"elementor-share-btn elementor-share-btn_linkedin\" role=\"button\" tabindex=\"0\" aria-label=\"Partager sur linkedin\">\n\t\t\t\t\t\t\t\t\t\t\t\t\t\t\t<span class=\"elementor-share-btn__icon\">\n\t\t\t\t\t\t\t\t<i class=\"fab fa-linkedin\" aria-hidden=\"true\"><\/i>\t\t\t\t\t\t\t<\/span>\n\t\t\t\t\t\t\t\t\t\t\t\t\t\t\t\t\t\t\t\t<\/div>\n\t\t\t\t\t<\/div>\n\t\t\t\t\t\t\t\t\t<div class=\"elementor-grid-item\" role=\"listitem\">\n\t\t\t\t\t\t<div class=\"elementor-share-btn elementor-share-btn_whatsapp\" role=\"button\" tabindex=\"0\" aria-label=\"Partager sur whatsapp\">\n\t\t\t\t\t\t\t\t\t\t\t\t\t\t\t<span class=\"elementor-share-btn__icon\">\n\t\t\t\t\t\t\t\t<i class=\"fab fa-whatsapp\" aria-hidden=\"true\"><\/i>\t\t\t\t\t\t\t<\/span>\n\t\t\t\t\t\t\t\t\t\t\t\t\t\t\t\t\t\t\t\t<\/div>\n\t\t\t\t\t<\/div>\n\t\t\t\t\t\t<\/div>\n\t\t\t\t\t\t<\/div>\n\t\t\t\t<\/div>\n\t\t\t\t<div class=\"elementor-element elementor-element-9f3bd82 elementor-widget elementor-widget-spacer\" data-id=\"9f3bd82\" data-element_type=\"widget\" data-e-type=\"widget\" data-widget_type=\"spacer.default\">\n\t\t\t\t<div class=\"elementor-widget-container\">\n\t\t\t\t\t\t\t<div class=\"elementor-spacer\">\n\t\t\t<div class=\"elementor-spacer-inner\"><\/div>\n\t\t<\/div>\n\t\t\t\t\t\t<\/div>\n\t\t\t\t<\/div>\n\t\t\t\t<div class=\"elementor-element elementor-element-c8b3b4a elementor-widget elementor-widget-heading\" data-id=\"c8b3b4a\" data-element_type=\"widget\" data-e-type=\"widget\" data-widget_type=\"heading.default\">\n\t\t\t\t<div class=\"elementor-widget-container\">\n\t\t\t\t\t<h2 class=\"elementor-heading-title elementor-size-default\">Services : <\/h2>\t\t\t\t<\/div>\n\t\t\t\t<\/div>\n\t\t\t\t<div class=\"elementor-element elementor-element-a66a7a4 elementor-nav-menu--dropdown-tablet elementor-nav-menu__text-align-aside elementor-nav-menu--toggle elementor-nav-menu--burger elementor-widget elementor-widget-nav-menu\" data-id=\"a66a7a4\" data-element_type=\"widget\" data-e-type=\"widget\" data-settings=\"{&quot;layout&quot;:&quot;vertical&quot;,&quot;submenu_icon&quot;:{&quot;value&quot;:&quot;&lt;i class=\\&quot;fas fa-caret-down\\&quot; aria-hidden=\\&quot;true\\&quot;&gt;&lt;\\\/i&gt;&quot;,&quot;library&quot;:&quot;fa-solid&quot;},&quot;toggle&quot;:&quot;burger&quot;}\" data-widget_type=\"nav-menu.default\">\n\t\t\t\t<div class=\"elementor-widget-container\">\n\t\t\t\t\t\t\t\t<nav aria-label=\"Menu\" class=\"elementor-nav-menu--main elementor-nav-menu__container elementor-nav-menu--layout-vertical e--pointer-underline e--animation-fade\">\n\t\t\t\t<ul id=\"menu-1-a66a7a4\" class=\"elementor-nav-menu sm-vertical\"><li class=\"menu-item menu-item-type-post_type menu-item-object-page menu-item-2957\"><a href=\"https:\/\/lions.financial\/fr\/contact\/\" class=\"elementor-item menu-link\">Nous contacter<\/a><\/li>\n<li class=\"menu-item menu-item-type-post_type menu-item-object-page menu-item-2540\"><a href=\"https:\/\/lions.financial\/fr\/services\/business-plan\/\" class=\"elementor-item menu-link\">Plan d'affaires - Lions Financial<\/a><\/li>\n<li class=\"menu-item menu-item-type-post_type menu-item-object-page menu-item-2541\"><a href=\"https:\/\/lions.financial\/fr\/business-advisory-buy-sell-agreements\/\" class=\"elementor-item menu-link\">Contrats d'achat-vente<\/a><\/li>\n<li class=\"menu-item menu-item-type-post_type menu-item-object-page menu-item-2542\"><a href=\"https:\/\/lions.financial\/fr\/services\/business-advisory-deferred-compensation\/\" class=\"elementor-item menu-link\">R\u00e9mun\u00e9ration diff\u00e9r\u00e9e<\/a><\/li>\n<li class=\"menu-item menu-item-type-post_type menu-item-object-page menu-item-2543\"><a href=\"https:\/\/lions.financial\/fr\/services\/business-advisory-employee-benefits\/\" class=\"elementor-item menu-link\">Avantages collectifs des employ\u00e9s<\/a><\/li>\n<li class=\"menu-item menu-item-type-post_type menu-item-object-page menu-item-2544\"><a href=\"https:\/\/lions.financial\/fr\/services\/business-advisory-executive-compensation-tax-strategies\/\" class=\"elementor-item menu-link\">R\u00e9mun\u00e9ration des dirigeants<\/a><\/li>\n<li class=\"menu-item menu-item-type-post_type menu-item-object-page menu-item-2545\"><a href=\"https:\/\/lions.financial\/fr\/services\/business-advisory-succession-planning\/\" class=\"elementor-item menu-link\">Planification de la succession<\/a><\/li>\n<li class=\"menu-item menu-item-type-post_type menu-item-object-page menu-item-2949\"><a href=\"https:\/\/lions.financial\/fr\/services-risk-management\/\" class=\"elementor-item menu-link\">Service de conseil en gestion des risques<\/a><\/li>\n<li class=\"menu-item menu-item-type-post_type menu-item-object-page menu-item-2947\"><a href=\"https:\/\/lions.financial\/fr\/services-risk-management-premium-financing\/\" class=\"elementor-item menu-link\">Financement des primes<\/a><\/li>\n<li class=\"menu-item menu-item-type-post_type menu-item-object-page menu-item-2948\"><a href=\"https:\/\/lions.financial\/fr\/risk-management-key-person-coverage\/\" class=\"elementor-item menu-link\">Couverture des personnes cl\u00e9s<\/a><\/li>\n<li class=\"menu-item menu-item-type-post_type menu-item-object-page menu-item-2951\"><a href=\"https:\/\/lions.financial\/fr\/capital-markets\/\" class=\"elementor-item menu-link\">March\u00e9s des capitaux<\/a><\/li>\n<li class=\"menu-item menu-item-type-post_type menu-item-object-page menu-item-2955\"><a href=\"https:\/\/lions.financial\/fr\/services\/capital-markets-mergers-and-acquisitions\/\" class=\"elementor-item menu-link\">Fusions et acquisitions<\/a><\/li>\n<li class=\"menu-item menu-item-type-post_type menu-item-object-page menu-item-2950\"><a href=\"https:\/\/lions.financial\/fr\/due-diligence-and-valuation\/\" class=\"elementor-item menu-link\">Diligence raisonnable et \u00e9valuation<\/a><\/li>\n<li class=\"menu-item menu-item-type-post_type menu-item-object-page menu-item-2956\"><a href=\"https:\/\/lions.financial\/fr\/our-team\/\" class=\"elementor-item menu-link\">Notre \u00e9quipe<\/a><\/li>\n<li class=\"menu-item menu-item-type-post_type menu-item-object-page menu-item-2953\"><a href=\"https:\/\/lions.financial\/fr\/insights-professional-alliance-program\/\" class=\"elementor-item menu-link\">Programme d'alliance professionnelle<\/a><\/li>\n<\/ul>\t\t\t<\/nav>\n\t\t\t\t\t<div class=\"elementor-menu-toggle\" role=\"button\" tabindex=\"0\" aria-label=\"Permuter le menu\" aria-expanded=\"false\">\n\t\t\t<i aria-hidden=\"true\" role=\"presentation\" class=\"elementor-menu-toggle__icon--open eicon-menu-bar\"><\/i><i aria-hidden=\"true\" role=\"presentation\" class=\"elementor-menu-toggle__icon--close eicon-close\"><\/i>\t\t<\/div>\n\t\t\t\t\t<nav class=\"elementor-nav-menu--dropdown elementor-nav-menu__container\" aria-hidden=\"true\">\n\t\t\t\t<ul id=\"menu-2-a66a7a4\" class=\"elementor-nav-menu sm-vertical\"><li class=\"menu-item menu-item-type-post_type menu-item-object-page menu-item-2957\"><a href=\"https:\/\/lions.financial\/fr\/contact\/\" class=\"elementor-item menu-link\" tabindex=\"-1\">Nous contacter<\/a><\/li>\n<li class=\"menu-item menu-item-type-post_type menu-item-object-page menu-item-2540\"><a href=\"https:\/\/lions.financial\/fr\/services\/business-plan\/\" class=\"elementor-item menu-link\" tabindex=\"-1\">Plan d'affaires - Lions Financial<\/a><\/li>\n<li class=\"menu-item menu-item-type-post_type menu-item-object-page menu-item-2541\"><a href=\"https:\/\/lions.financial\/fr\/business-advisory-buy-sell-agreements\/\" class=\"elementor-item menu-link\" tabindex=\"-1\">Contrats d'achat-vente<\/a><\/li>\n<li class=\"menu-item menu-item-type-post_type menu-item-object-page menu-item-2542\"><a href=\"https:\/\/lions.financial\/fr\/services\/business-advisory-deferred-compensation\/\" class=\"elementor-item menu-link\" tabindex=\"-1\">R\u00e9mun\u00e9ration diff\u00e9r\u00e9e<\/a><\/li>\n<li class=\"menu-item menu-item-type-post_type menu-item-object-page menu-item-2543\"><a href=\"https:\/\/lions.financial\/fr\/services\/business-advisory-employee-benefits\/\" class=\"elementor-item menu-link\" tabindex=\"-1\">Avantages collectifs des employ\u00e9s<\/a><\/li>\n<li class=\"menu-item menu-item-type-post_type menu-item-object-page menu-item-2544\"><a href=\"https:\/\/lions.financial\/fr\/services\/business-advisory-executive-compensation-tax-strategies\/\" class=\"elementor-item menu-link\" tabindex=\"-1\">R\u00e9mun\u00e9ration des dirigeants<\/a><\/li>\n<li class=\"menu-item menu-item-type-post_type menu-item-object-page menu-item-2545\"><a href=\"https:\/\/lions.financial\/fr\/services\/business-advisory-succession-planning\/\" class=\"elementor-item menu-link\" tabindex=\"-1\">Planification de la succession<\/a><\/li>\n<li class=\"menu-item menu-item-type-post_type menu-item-object-page menu-item-2949\"><a href=\"https:\/\/lions.financial\/fr\/services-risk-management\/\" class=\"elementor-item menu-link\" tabindex=\"-1\">Service de conseil en gestion des risques<\/a><\/li>\n<li class=\"menu-item menu-item-type-post_type menu-item-object-page menu-item-2947\"><a href=\"https:\/\/lions.financial\/fr\/services-risk-management-premium-financing\/\" class=\"elementor-item menu-link\" tabindex=\"-1\">Financement des primes<\/a><\/li>\n<li class=\"menu-item menu-item-type-post_type menu-item-object-page menu-item-2948\"><a href=\"https:\/\/lions.financial\/fr\/risk-management-key-person-coverage\/\" class=\"elementor-item menu-link\" tabindex=\"-1\">Couverture des personnes cl\u00e9s<\/a><\/li>\n<li class=\"menu-item menu-item-type-post_type menu-item-object-page menu-item-2951\"><a href=\"https:\/\/lions.financial\/fr\/capital-markets\/\" class=\"elementor-item menu-link\" tabindex=\"-1\">March\u00e9s des capitaux<\/a><\/li>\n<li class=\"menu-item menu-item-type-post_type menu-item-object-page menu-item-2955\"><a href=\"https:\/\/lions.financial\/fr\/services\/capital-markets-mergers-and-acquisitions\/\" class=\"elementor-item menu-link\" tabindex=\"-1\">Fusions et acquisitions<\/a><\/li>\n<li class=\"menu-item menu-item-type-post_type menu-item-object-page menu-item-2950\"><a href=\"https:\/\/lions.financial\/fr\/due-diligence-and-valuation\/\" class=\"elementor-item menu-link\" tabindex=\"-1\">Diligence raisonnable et \u00e9valuation<\/a><\/li>\n<li class=\"menu-item menu-item-type-post_type menu-item-object-page menu-item-2956\"><a href=\"https:\/\/lions.financial\/fr\/our-team\/\" class=\"elementor-item menu-link\" tabindex=\"-1\">Notre \u00e9quipe<\/a><\/li>\n<li class=\"menu-item menu-item-type-post_type menu-item-object-page menu-item-2953\"><a href=\"https:\/\/lions.financial\/fr\/insights-professional-alliance-program\/\" class=\"elementor-item menu-link\" tabindex=\"-1\">Programme d'alliance professionnelle<\/a><\/li>\n<\/ul>\t\t\t<\/nav>\n\t\t\t\t\t\t<\/div>\n\t\t\t\t<\/div>\n\t\t\t\t<div class=\"elementor-element elementor-element-c7e0015 elementor-widget elementor-widget-spacer\" data-id=\"c7e0015\" data-element_type=\"widget\" data-e-type=\"widget\" data-widget_type=\"spacer.default\">\n\t\t\t\t<div class=\"elementor-widget-container\">\n\t\t\t\t\t\t\t<div class=\"elementor-spacer\">\n\t\t\t<div class=\"elementor-spacer-inner\"><\/div>\n\t\t<\/div>\n\t\t\t\t\t\t<\/div>\n\t\t\t\t<\/div>\n\t\t\t\t\t<\/div>\n\t\t<\/div>\n\t\t\t\t\t<\/div>\n\t\t<\/section>\n\t\t\t\t<\/div>","protected":false},"excerpt":{"rendered":"<p>Professional Alliance Program Together, we work better Want to better satisfy and connect with your clients? We offer you one simple and efficient solution &#8211; [&hellip;]<\/p>\n","protected":false},"author":3,"featured_media":0,"parent":0,"menu_order":0,"comment_status":"closed","ping_status":"closed","template":"","meta":{"_acf_changed":false,"content-type":"","site-sidebar-layout":"no-sidebar","site-content-layout":"page-builder","ast-site-content-layout":"default","site-content-style":"default","site-sidebar-style":"default","ast-global-header-display":"","ast-banner-title-visibility":"","ast-main-header-display":"","ast-hfb-above-header-display":"","ast-hfb-below-header-display":"","ast-hfb-mobile-header-display":"","site-post-title":"disabled","ast-breadcrumbs-content":"","ast-featured-img":"disabled","footer-sml-layout":"","theme-transparent-header-meta":"default","adv-header-id-meta":"","stick-header-meta":"default","header-above-stick-meta":"","header-main-stick-meta":"","header-below-stick-meta":"","astra-migrate-meta-layouts":"default","ast-page-background-enabled":"default","ast-page-background-meta":{"desktop":{"background-color":"","background-image":"","background-repeat":"repeat","background-position":"center center","background-size":"auto","background-attachment":"scroll","background-type":"","background-media":"","overlay-type":"","overlay-color":"","overlay-opacity":"","overlay-gradient":""},"tablet":{"background-color":"","background-image":"","background-repeat":"repeat","background-position":"center center","background-size":"auto","background-attachment":"scroll","background-type":"","background-media":"","overlay-type":"","overlay-color":"","overlay-opacity":"","overlay-gradient":""},"mobile":{"background-color":"","background-image":"","background-repeat":"repeat","background-position":"center center","background-size":"auto","background-attachment":"scroll","background-type":"","background-media":"","overlay-type":"","overlay-color":"","overlay-opacity":"","overlay-gradient":""}},"ast-content-background-meta":{"desktop":{"background-color":"var(--ast-global-color-5)","background-image":"","background-repeat":"repeat","background-position":"center center","background-size":"auto","background-attachment":"scroll","background-type":"","background-media":"","overlay-type":"","overlay-color":"","overlay-opacity":"","overlay-gradient":""},"tablet":{"background-color":"var(--ast-global-color-5)","background-image":"","background-repeat":"repeat","background-position":"center center","background-size":"auto","background-attachment":"scroll","background-type":"","background-media":"","overlay-type":"","overlay-color":"","overlay-opacity":"","overlay-gradient":""},"mobile":{"background-color":"var(--ast-global-color-5)","background-image":"","background-repeat":"repeat","background-position":"center center","background-size":"auto","background-attachment":"scroll","background-type":"","background-media":"","overlay-type":"","overlay-color":"","overlay-opacity":"","overlay-gradient":""}},"footnotes":""},"class_list":["post-2124","page","type-page","status-publish","hentry"],"acf":[],"_links":{"self":[{"href":"https:\/\/lions.financial\/fr\/wp-json\/wp\/v2\/pages\/2124","targetHints":{"allow":["GET"]}}],"collection":[{"href":"https:\/\/lions.financial\/fr\/wp-json\/wp\/v2\/pages"}],"about":[{"href":"https:\/\/lions.financial\/fr\/wp-json\/wp\/v2\/types\/page"}],"author":[{"embeddable":true,"href":"https:\/\/lions.financial\/fr\/wp-json\/wp\/v2\/users\/3"}],"replies":[{"embeddable":true,"href":"https:\/\/lions.financial\/fr\/wp-json\/wp\/v2\/comments?post=2124"}],"version-history":[{"count":10,"href":"https:\/\/lions.financial\/fr\/wp-json\/wp\/v2\/pages\/2124\/revisions"}],"predecessor-version":[{"id":6929,"href":"https:\/\/lions.financial\/fr\/wp-json\/wp\/v2\/pages\/2124\/revisions\/6929"}],"wp:attachment":[{"href":"https:\/\/lions.financial\/fr\/wp-json\/wp\/v2\/media?parent=2124"}],"curies":[{"name":"wp","href":"https:\/\/api.w.org\/{rel}","templated":true}]}}