{"id":10729,"date":"2020-11-04T23:42:57","date_gmt":"2020-11-05T04:42:57","guid":{"rendered":"https:\/\/lions.financial\/?page_id=10729"},"modified":"2023-06-25T19:03:43","modified_gmt":"2023-06-26T00:03:43","slug":"attributions","status":"publish","type":"page","link":"https:\/\/lions.financial\/fr\/attributions\/","title":{"rendered":"attributions"},"content":{"rendered":"<div data-elementor-type=\"wp-page\" data-elementor-id=\"10729\" class=\"elementor elementor-10729\" data-elementor-post-type=\"page\">\n\t\t\t\t<div class=\"elementor-element elementor-element-41b5682 e-flex e-con-boxed e-con e-parent\" data-id=\"41b5682\" data-element_type=\"container\" data-e-type=\"container\">\n\t\t\t\t\t<div class=\"e-con-inner\">\n\t\t\t\t<div class=\"elementor-element elementor-element-b28d037 elementor-widget elementor-widget-text-editor\" data-id=\"b28d037\" data-element_type=\"widget\" data-e-type=\"widget\" data-widget_type=\"text-editor.default\">\n\t\t\t\t<div class=\"elementor-widget-container\">\n\t\t\t\t\t\t\t\t\t<p>Attributions pour les images sous licence Creative Commons<\/p><p>Nous tenons \u00e0 exprimer notre gratitude aux artistes talentueux qui ont g\u00e9n\u00e9reusement partag\u00e9 leurs \u0153uvres sous licence Creative Commons. Vous trouverez ci-dessous une liste des images utilis\u00e9es sur notre site web, avec les attributions appropri\u00e9es et les liens vers les sources originales :<\/p><p>Photo par\u00a0<a href=\"https:\/\/unsplash.com\/photos\/KFIjzXYg1RM\">Jeremy Bishop<\/a>\u00a0sur\u00a0<a href=\"https:\/\/unsplash.com\/\">Unsplash<\/a><\/p><p><span style=\"font-size: 15px; color: var( --e-global-color-text ); font-family: var( --e-global-typography-text-font-family ), Sans-serif; text-align: var(--text-align);\">Si vous avez des questions concernant l'attribution des images ou si vous avez besoin d'informations compl\u00e9mentaires, veuillez nous contacter \u00e0 l'adresse service@lions.financial. Nous vous remercions de votre compr\u00e9hension et de votre soutien dans l'attribution des cr\u00e9dits aux artistes et dans la promotion du partage ouvert du contenu cr\u00e9atif.<\/span><\/p>\t\t\t\t\t\t\t\t<\/div>\n\t\t\t\t<\/div>\n\t\t\t\t\t<\/div>\n\t\t\t\t<\/div>\n\t\t\t\t<\/div>","protected":false},"excerpt":{"rendered":"<p>Attributions for Creative Commons Licensed Images We would like to express our gratitude to the talented artists who have generously shared their work under Creative [&hellip;]<\/p>\n","protected":false},"author":8,"featured_media":0,"parent":0,"menu_order":0,"comment_status":"closed","ping_status":"closed","template":"","meta":{"_acf_changed":false,"content-type":"","site-sidebar-layout":"no-sidebar","site-content-layout":"page-builder","ast-site-content-layout":"default","site-content-style":"default","site-sidebar-style":"default","ast-global-header-display":"","ast-banner-title-visibility":"","ast-main-header-display":"","ast-hfb-above-header-display":"","ast-hfb-below-header-display":"","ast-hfb-mobile-header-display":"","site-post-title":"disabled","ast-breadcrumbs-content":"","ast-featured-img":"disabled","footer-sml-layout":"","theme-transparent-header-meta":"default","adv-header-id-meta":"","stick-header-meta":"default","header-above-stick-meta":"","header-main-stick-meta":"","header-below-stick-meta":"","astra-migrate-meta-layouts":"default","ast-page-background-enabled":"default","ast-page-background-meta":{"desktop":{"background-color":"","background-image":"","background-repeat":"repeat","background-position":"center center","background-size":"auto","background-attachment":"scroll","background-type":"","background-media":"","overlay-type":"","overlay-color":"","overlay-opacity":"","overlay-gradient":""},"tablet":{"background-color":"","background-image":"","background-repeat":"repeat","background-position":"center center","background-size":"auto","background-attachment":"scroll","background-type":"","background-media":"","overlay-type":"","overlay-color":"","overlay-opacity":"","overlay-gradient":""},"mobile":{"background-color":"","background-image":"","background-repeat":"repeat","background-position":"center center","background-size":"auto","background-attachment":"scroll","background-type":"","background-media":"","overlay-type":"","overlay-color":"","overlay-opacity":"","overlay-gradient":""}},"ast-content-background-meta":{"desktop":{"background-color":"var(--ast-global-color-5)","background-image":"","background-repeat":"repeat","background-position":"center center","background-size":"auto","background-attachment":"scroll","background-type":"","background-media":"","overlay-type":"","overlay-color":"","overlay-opacity":"","overlay-gradient":""},"tablet":{"background-color":"var(--ast-global-color-5)","background-image":"","background-repeat":"repeat","background-position":"center center","background-size":"auto","background-attachment":"scroll","background-type":"","background-media":"","overlay-type":"","overlay-color":"","overlay-opacity":"","overlay-gradient":""},"mobile":{"background-color":"var(--ast-global-color-5)","background-image":"","background-repeat":"repeat","background-position":"center center","background-size":"auto","background-attachment":"scroll","background-type":"","background-media":"","overlay-type":"","overlay-color":"","overlay-opacity":"","overlay-gradient":""}},"footnotes":""},"class_list":["post-10729","page","type-page","status-publish","hentry"],"acf":[],"_links":{"self":[{"href":"https:\/\/lions.financial\/fr\/wp-json\/wp\/v2\/pages\/10729","targetHints":{"allow":["GET"]}}],"collection":[{"href":"https:\/\/lions.financial\/fr\/wp-json\/wp\/v2\/pages"}],"about":[{"href":"https:\/\/lions.financial\/fr\/wp-json\/wp\/v2\/types\/page"}],"author":[{"embeddable":true,"href":"https:\/\/lions.financial\/fr\/wp-json\/wp\/v2\/users\/8"}],"replies":[{"embeddable":true,"href":"https:\/\/lions.financial\/fr\/wp-json\/wp\/v2\/comments?post=10729"}],"version-history":[{"count":7,"href":"https:\/\/lions.financial\/fr\/wp-json\/wp\/v2\/pages\/10729\/revisions"}],"predecessor-version":[{"id":10878,"href":"https:\/\/lions.financial\/fr\/wp-json\/wp\/v2\/pages\/10729\/revisions\/10878"}],"wp:attachment":[{"href":"https:\/\/lions.financial\/fr\/wp-json\/wp\/v2\/media?parent=10729"}],"curies":[{"name":"wp","href":"https:\/\/api.w.org\/{rel}","templated":true}]}}