{"id":6237,"date":"2022-05-25T13:51:02","date_gmt":"2022-05-25T18:51:02","guid":{"rendered":"https:\/\/lions.financial\/?page_id=6237"},"modified":"2022-06-15T16:39:17","modified_gmt":"2022-06-15T21:39:17","slug":"funnel-page-2-quote-tool","status":"publish","type":"page","link":"https:\/\/lions.financial\/es\/funnel-page-2-quote-tool\/","title":{"rendered":"Embudo P\u00e1gina 2 - Herramienta de presupuesto"},"content":{"rendered":"<div data-elementor-type=\"wp-page\" data-elementor-id=\"6237\" class=\"elementor elementor-6237\" data-elementor-post-type=\"page\">\n\t\t\t\t\t\t<section class=\"elementor-section elementor-top-section elementor-element elementor-element-0f6ac15 elementor-section-boxed elementor-section-height-default elementor-section-height-default\" data-id=\"0f6ac15\" data-element_type=\"section\" data-e-type=\"section\">\n\t\t\t\t\t\t<div class=\"elementor-container elementor-column-gap-default\">\n\t\t\t\t\t<div class=\"elementor-column elementor-col-16 elementor-top-column elementor-element elementor-element-a121ba7\" data-id=\"a121ba7\" data-element_type=\"column\" data-e-type=\"column\">\n\t\t\t<div class=\"elementor-widget-wrap\">\n\t\t\t\t\t\t\t<\/div>\n\t\t<\/div>\n\t\t\t\t<div class=\"elementor-column elementor-col-66 elementor-top-column elementor-element elementor-element-4d98a19\" data-id=\"4d98a19\" data-element_type=\"column\" data-e-type=\"column\">\n\t\t\t<div class=\"elementor-widget-wrap elementor-element-populated\">\n\t\t\t\t\t\t<div class=\"elementor-element elementor-element-28e7f4b elementor-widget__width-initial elementor-widget-tablet__width-initial elementor-widget-mobile__width-inherit elementor-widget elementor-widget-text-editor\" data-id=\"28e7f4b\" data-element_type=\"widget\" data-e-type=\"widget\" data-widget_type=\"text-editor.default\">\n\t\t\t\t<div class=\"elementor-widget-container\">\n\t\t\t\t\t\t\t\t\t<p style=\"text-align: center;\"><span style=\"color: #3332ff;\"><span style=\"color: #000080;\"><span style=\"color: #000000;\">El <\/span><\/span><\/span><span style=\"color: #000080;\">Cita<\/span><span style=\"color: #3332ff;\"><span style=\"color: #000080;\"><span style=\"color: #000000;\"> &amp; Aplicaci\u00f3n <\/span><\/span><span style=\"color: #000080;\">Proceso<\/span><\/span><\/p>\t\t\t\t\t\t\t\t<\/div>\n\t\t\t\t<\/div>\n\t\t\t\t\t<\/div>\n\t\t<\/div>\n\t\t\t\t<div class=\"elementor-column elementor-col-16 elementor-top-column elementor-element elementor-element-b9bb4fd\" data-id=\"b9bb4fd\" data-element_type=\"column\" data-e-type=\"column\">\n\t\t\t<div class=\"elementor-widget-wrap\">\n\t\t\t\t\t\t\t<\/div>\n\t\t<\/div>\n\t\t\t\t\t<\/div>\n\t\t<\/section>\n\t\t\t\t<section class=\"elementor-section elementor-top-section elementor-element elementor-element-78dd0f0 elementor-section-full_width elementor-section-height-default elementor-section-height-default\" data-id=\"78dd0f0\" data-element_type=\"section\" data-e-type=\"section\">\n\t\t\t\t\t\t<div class=\"elementor-container elementor-column-gap-no\">\n\t\t\t\t\t<div class=\"elementor-column elementor-col-100 elementor-top-column elementor-element elementor-element-30da278\" data-id=\"30da278\" data-element_type=\"column\" data-e-type=\"column\">\n\t\t\t<div class=\"elementor-widget-wrap elementor-element-populated\">\n\t\t\t\t\t\t<section class=\"elementor-section elementor-inner-section elementor-element elementor-element-4926657 elementor-section-boxed elementor-section-height-default elementor-section-height-default\" data-id=\"4926657\" data-element_type=\"section\" data-e-type=\"section\">\n\t\t\t\t\t\t<div class=\"elementor-container elementor-column-gap-default\">\n\t\t\t\t\t<div class=\"elementor-column elementor-col-50 elementor-inner-column elementor-element elementor-element-725f3cd\" data-id=\"725f3cd\" data-element_type=\"column\" data-e-type=\"column\">\n\t\t\t<div class=\"elementor-widget-wrap elementor-element-populated\">\n\t\t\t\t\t\t<div class=\"elementor-element elementor-element-bca1393 elementor-widget elementor-widget-video\" data-id=\"bca1393\" data-element_type=\"widget\" data-e-type=\"widget\" data-settings=\"{&quot;video_type&quot;:&quot;hosted&quot;,&quot;controls&quot;:&quot;yes&quot;}\" data-widget_type=\"video.default\">\n\t\t\t\t<div class=\"elementor-widget-container\">\n\t\t\t\t\t\t\t<div class=\"e-hosted-video elementor-wrapper elementor-open-inline\">\n\t\t\t\t\t<video class=\"elementor-video\" src=\"https:\/\/lions.financial\/wp-content\/uploads\/2022\/06\/Life-Insurance-Application-Process_Final.mp4\" controls=\"\" preload=\"metadata\" controlslist=\"nodownload\"><\/video>\n\t\t\t\t<\/div>\n\t\t\t\t\t\t<\/div>\n\t\t\t\t<\/div>\n\t\t\t\t\t<\/div>\n\t\t<\/div>\n\t\t\t\t<div class=\"elementor-column elementor-col-50 elementor-inner-column elementor-element elementor-element-1f9e6ba\" data-id=\"1f9e6ba\" data-element_type=\"column\" data-e-type=\"column\">\n\t\t\t<div class=\"elementor-widget-wrap elementor-element-populated\">\n\t\t\t\t\t\t<div class=\"elementor-element elementor-element-cb796b0 animated-fast elementor-invisible elementor-widget elementor-widget-text-editor\" data-id=\"cb796b0\" data-element_type=\"widget\" data-e-type=\"widget\" data-settings=\"{&quot;_animation&quot;:&quot;fadeIn&quot;,&quot;_animation_delay&quot;:1400}\" data-widget_type=\"text-editor.default\">\n\t\t\t\t<div class=\"elementor-widget-container\">\n\t\t\t\t\t\t\t\t\t<p>En Lions Financial, le proporcionamos la informaci\u00f3n que necesita para decidir qu\u00e9 p\u00f3liza de seguro de vida es la m\u00e1s adecuada para usted. Nuestro proceso es sencillo y r\u00e1pido para que usted pueda centrarse en su negocio. Le mostraremos los n\u00fameros y los n\u00fameros que hay detr\u00e1s de los n\u00fameros -todas las valoraciones de las p\u00f3lizas, la suscripci\u00f3n, el coste y los rendimientos- para que pueda tomar una decisi\u00f3n informada para su futuro financiero. Cuando est\u00e9 listo para realizar la compra, le guiaremos a lo largo de todo el proceso.<\/p>\t\t\t\t\t\t\t\t<\/div>\n\t\t\t\t<\/div>\n\t\t\t\t\t<\/div>\n\t\t<\/div>\n\t\t\t\t\t<\/div>\n\t\t<\/section>\n\t\t\t\t<div class=\"elementor-element elementor-element-c796b96 animated-fast elementor-invisible elementor-widget elementor-widget-text-editor\" data-id=\"c796b96\" data-element_type=\"widget\" data-e-type=\"widget\" data-settings=\"{&quot;_animation&quot;:&quot;fadeIn&quot;,&quot;_animation_delay&quot;:1400}\" data-widget_type=\"text-editor.default\">\n\t\t\t\t<div class=\"elementor-widget-container\">\n\t\t\t\t\t\t\t\t\t<p style=\"text-align: center;\">Utilice nuestra herramienta a continuaci\u00f3n para obtener presupuestos y seleccionar la p\u00f3liza que le interesa. Una vez que rellene su informaci\u00f3n de contacto, le ayudaremos a concertar una cita con uno de nuestros agentes para responder a cualquier pregunta que pueda tener y ayudarle a completar el proceso.<\/p>\t\t\t\t\t\t\t\t<\/div>\n\t\t\t\t<\/div>\n\t\t\t\t<div class=\"elementor-element elementor-element-5261735 elementor-widget elementor-widget-html\" data-id=\"5261735\" data-element_type=\"widget\" data-e-type=\"widget\" data-widget_type=\"html.default\">\n\t\t\t\t<div class=\"elementor-widget-container\">\n\t\t\t\t\t<link href=\"https:\/\/wq.ixn.tech\/css\/reset.css\" rel=\"stylesheet\" type=\"text\/css\"> <script type=\"text\/javascript\"> window.IXN_QUOTER_CONFIG = { id: \"7f8b2312-ecef-4e1c-b270-c0680e8e3da1\" } <\/script> <div id=\"ixn-website-quoter\"><\/div> <script type=\"text\/javascript\" src=\"https:\/\/wq.ixn.tech\/js\/website_quoter.widget.js\"><\/script>\t\t\t\t<\/div>\n\t\t\t\t<\/div>\n\t\t\t\t\t<\/div>\n\t\t<\/div>\n\t\t\t\t\t<\/div>\n\t\t<\/section>\n\t\t\t\t<\/div>","protected":false},"excerpt":{"rendered":"<p>The Quote &amp; Application Process https:\/\/lions.financial\/wp-content\/uploads\/2022\/06\/Life-Insurance-Application-Process_Final.mp4 At Lions Financial, we empower you with the information you need to decide which life insurance policy is right [&hellip;]<\/p>\n","protected":false},"author":8,"featured_media":0,"parent":0,"menu_order":0,"comment_status":"closed","ping_status":"closed","template":"","meta":{"_acf_changed":false,"content-type":"","site-sidebar-layout":"no-sidebar","site-content-layout":"page-builder","ast-site-content-layout":"default","site-content-style":"default","site-sidebar-style":"default","ast-global-header-display":"","ast-banner-title-visibility":"","ast-main-header-display":"","ast-hfb-above-header-display":"","ast-hfb-below-header-display":"","ast-hfb-mobile-header-display":"","site-post-title":"disabled","ast-breadcrumbs-content":"","ast-featured-img":"disabled","footer-sml-layout":"","theme-transparent-header-meta":"default","adv-header-id-meta":"","stick-header-meta":"default","header-above-stick-meta":"","header-main-stick-meta":"","header-below-stick-meta":"","astra-migrate-meta-layouts":"default","ast-page-background-enabled":"default","ast-page-background-meta":{"desktop":{"background-color":"","background-image":"","background-repeat":"repeat","background-position":"center center","background-size":"auto","background-attachment":"scroll","background-type":"","background-media":"","overlay-type":"","overlay-color":"","overlay-opacity":"","overlay-gradient":""},"tablet":{"background-color":"","background-image":"","background-repeat":"repeat","background-position":"center center","background-size":"auto","background-attachment":"scroll","background-type":"","background-media":"","overlay-type":"","overlay-color":"","overlay-opacity":"","overlay-gradient":""},"mobile":{"background-color":"","background-image":"","background-repeat":"repeat","background-position":"center center","background-size":"auto","background-attachment":"scroll","background-type":"","background-media":"","overlay-type":"","overlay-color":"","overlay-opacity":"","overlay-gradient":""}},"ast-content-background-meta":{"desktop":{"background-color":"var(--ast-global-color-5)","background-image":"","background-repeat":"repeat","background-position":"center center","background-size":"auto","background-attachment":"scroll","background-type":"","background-media":"","overlay-type":"","overlay-color":"","overlay-opacity":"","overlay-gradient":""},"tablet":{"background-color":"var(--ast-global-color-5)","background-image":"","background-repeat":"repeat","background-position":"center center","background-size":"auto","background-attachment":"scroll","background-type":"","background-media":"","overlay-type":"","overlay-color":"","overlay-opacity":"","overlay-gradient":""},"mobile":{"background-color":"var(--ast-global-color-5)","background-image":"","background-repeat":"repeat","background-position":"center center","background-size":"auto","background-attachment":"scroll","background-type":"","background-media":"","overlay-type":"","overlay-color":"","overlay-opacity":"","overlay-gradient":""}},"footnotes":""},"class_list":["post-6237","page","type-page","status-publish","hentry"],"acf":[],"_links":{"self":[{"href":"https:\/\/lions.financial\/es\/wp-json\/wp\/v2\/pages\/6237","targetHints":{"allow":["GET"]}}],"collection":[{"href":"https:\/\/lions.financial\/es\/wp-json\/wp\/v2\/pages"}],"about":[{"href":"https:\/\/lions.financial\/es\/wp-json\/wp\/v2\/types\/page"}],"author":[{"embeddable":true,"href":"https:\/\/lions.financial\/es\/wp-json\/wp\/v2\/users\/8"}],"replies":[{"embeddable":true,"href":"https:\/\/lions.financial\/es\/wp-json\/wp\/v2\/comments?post=6237"}],"version-history":[{"count":25,"href":"https:\/\/lions.financial\/es\/wp-json\/wp\/v2\/pages\/6237\/revisions"}],"predecessor-version":[{"id":6328,"href":"https:\/\/lions.financial\/es\/wp-json\/wp\/v2\/pages\/6237\/revisions\/6328"}],"wp:attachment":[{"href":"https:\/\/lions.financial\/es\/wp-json\/wp\/v2\/media?parent=6237"}],"curies":[{"name":"wp","href":"https:\/\/api.w.org\/{rel}","templated":true}]}}