{"id":3558,"date":"2020-02-11T13:33:56","date_gmt":"2020-02-11T18:33:56","guid":{"rendered":"https:\/\/lions.financial\/?page_id=3558"},"modified":"2022-10-19T02:31:04","modified_gmt":"2022-10-19T07:31:04","slug":"ariel-serber","status":"publish","type":"page","link":"https:\/\/lions.financial\/es\/our-team\/ariel-serber\/","title":{"rendered":"Ariel Serber"},"content":{"rendered":"<div data-elementor-type=\"wp-page\" data-elementor-id=\"3558\" class=\"elementor elementor-3558\" data-elementor-post-type=\"page\">\n\t\t\t\t\t\t<section class=\"elementor-section elementor-top-section elementor-element elementor-element-31ecc41 elementor-section-boxed elementor-section-height-default elementor-section-height-default\" data-id=\"31ecc41\" data-element_type=\"section\" data-e-type=\"section\" data-settings=\"{&quot;background_background&quot;:&quot;classic&quot;}\">\n\t\t\t\t\t\t<div class=\"elementor-container elementor-column-gap-default\">\n\t\t\t\t\t<div class=\"elementor-column elementor-col-100 elementor-top-column elementor-element elementor-element-862014b\" data-id=\"862014b\" data-element_type=\"column\" data-e-type=\"column\">\n\t\t\t<div class=\"elementor-widget-wrap elementor-element-populated\">\n\t\t\t\t\t\t<section class=\"elementor-section elementor-inner-section elementor-element elementor-element-52f45f4 elementor-section-boxed elementor-section-height-default elementor-section-height-default\" data-id=\"52f45f4\" data-element_type=\"section\" data-e-type=\"section\">\n\t\t\t\t\t\t<div class=\"elementor-container elementor-column-gap-default\">\n\t\t\t\t\t<div class=\"elementor-column elementor-col-100 elementor-inner-column elementor-element elementor-element-0ed6405\" data-id=\"0ed6405\" data-element_type=\"column\" data-e-type=\"column\" data-settings=\"{&quot;background_background&quot;:&quot;classic&quot;}\">\n\t\t\t<div class=\"elementor-widget-wrap elementor-element-populated\">\n\t\t\t\t\t\t<div class=\"elementor-element elementor-element-f01b475 elementor-position-left elementor-vertical-align-middle elementor-widget elementor-widget-image-box\" data-id=\"f01b475\" data-element_type=\"widget\" data-e-type=\"widget\" data-widget_type=\"image-box.default\">\n\t\t\t\t<div class=\"elementor-widget-container\">\n\t\t\t\t\t<div class=\"elementor-image-box-wrapper\"><figure class=\"elementor-image-box-img\"><a href=\"http:\/\/35.227.21.112\/staff\/ariel-serber\/\" tabindex=\"-1\"><img fetchpriority=\"high\" decoding=\"async\" width=\"600\" height=\"600\" src=\"https:\/\/lions.financial\/wp-content\/uploads\/2020\/02\/Ariel-Serber.jpeg\" class=\"attachment-full size-full wp-image-3580\" alt=\"\" srcset=\"https:\/\/lions.financial\/wp-content\/uploads\/2020\/02\/Ariel-Serber.jpeg 600w, https:\/\/lions.financial\/wp-content\/uploads\/2020\/02\/Ariel-Serber-300x300.jpeg 300w, https:\/\/lions.financial\/wp-content\/uploads\/2020\/02\/Ariel-Serber-150x150.jpeg 150w\" sizes=\"(max-width: 600px) 100vw, 600px\" \/><\/a><\/figure><div class=\"elementor-image-box-content\"><h1 class=\"elementor-image-box-title\"><a href=\"http:\/\/35.227.21.112\/staff\/ariel-serber\/\">Ariel Serber<\/a><\/h1><p class=\"elementor-image-box-description\">Director de Gesti\u00f3n de Riesgos<\/p><\/div><\/div>\t\t\t\t<\/div>\n\t\t\t\t<\/div>\n\t\t\t\t<div class=\"elementor-element elementor-element-2263b5b elementor-widget elementor-widget-spacer\" data-id=\"2263b5b\" data-element_type=\"widget\" data-e-type=\"widget\" data-widget_type=\"spacer.default\">\n\t\t\t\t<div class=\"elementor-widget-container\">\n\t\t\t\t\t\t\t<div class=\"elementor-spacer\">\n\t\t\t<div class=\"elementor-spacer-inner\"><\/div>\n\t\t<\/div>\n\t\t\t\t\t\t<\/div>\n\t\t\t\t<\/div>\n\t\t\t\t<div class=\"elementor-element elementor-element-00d263a elementor-widget elementor-widget-text-editor\" data-id=\"00d263a\" data-element_type=\"widget\" data-e-type=\"widget\" data-widget_type=\"text-editor.default\">\n\t\t\t\t<div class=\"elementor-widget-container\">\n\t\t\t\t\t\t\t\t\t<p><strong style=\"font-size: 17px;\">Ariel Serber es director de Lions Financial, donde trabaja para beneficiar a sus clientes proporcion\u00e1ndoles servicios financieros con un gran enfoque en la gesti\u00f3n de riesgos. Ariel se especializa en los componentes clave a considerar cuando se eval\u00faan p\u00f3lizas de seguro complejas y la gesti\u00f3n de planes de beneficios grupales para empleados. Ariel presta apoyo a las cuentas empresariales para ayudar a mitigar los riesgos a los que se enfrentan dentro de su empresa mediante la aplicaci\u00f3n de estrategias y productos para los planes de protecci\u00f3n de personas clave, beneficios para ejecutivos e inversiones para la jubilaci\u00f3n. En tres a\u00f1os con Lions Financial, Ariel ha ayudado con \u00e9xito a ejecutivos de grandes organizaciones y peque\u00f1as empresas a alcanzar sus objetivos y adaptarse a un mercado din\u00e1mico. Tambi\u00e9n se asocia con otros asesores profesionales para ofrecer productos de seguros a medida y elaborar planes financieros y patrimoniales y planes de gesti\u00f3n de activos y patrimonios.<\/strong><\/p><p><strong style=\"font-size: 17px;\">Antes de unirse a Lions Financial, Ariel fue responsable de la gesti\u00f3n de patrimonios en AXA advisory durante ocho a\u00f1os. Mientras estuvo all\u00ed, ayud\u00f3 a los clientes a crear y ejecutar un plan de acci\u00f3n para sus objetivos financieros. Ariel trabaj\u00f3 para MetLife como representante de servicios financieros, trabaj\u00f3 con empresas y profesionales para construir una gran red dentro de la industria de servicios financieros. Ariel tiene una s\u00f3lida base en el asesoramiento financiero, con habilidades \u00e1giles que se adaptan al entorno empresarial cambiante y se aseguran de mantener el enfoque en las necesidades reales de un cliente en la gesti\u00f3n de riesgos.<\/strong><\/p><p><strong style=\"font-size: 17px;\">Con m\u00e1s de 15 a\u00f1os de experiencia en emprendimiento, gesti\u00f3n, planificaci\u00f3n de negocios, an\u00e1lisis financiero, operaciones y an\u00e1lisis de decisiones, Ariel tiene la amplitud y profundidad de la experiencia necesaria para entender r\u00e1pidamente los negocios de los empresarios. Se centra en mantener la relaci\u00f3n con los clientes para revisar continuamente la aplicaci\u00f3n de la soluci\u00f3n financiera. Cree que la tecnolog\u00eda evoluciona r\u00e1pidamente, pero las relaciones humanas son importantes para elaborar el plan m\u00e1s adecuado para la situaci\u00f3n de los clientes, que sigue siendo lo m\u00e1s importante en este negocio.<\/strong><\/p>\t\t\t\t\t\t\t\t<\/div>\n\t\t\t\t<\/div>\n\t\t\t\t\t<\/div>\n\t\t<\/div>\n\t\t\t\t\t<\/div>\n\t\t<\/section>\n\t\t\t\t\t<\/div>\n\t\t<\/div>\n\t\t\t\t\t<\/div>\n\t\t<\/section>\n\t\t\t\t<\/div>","protected":false},"excerpt":{"rendered":"<p>Ariel Serber Director-Risk Management Ariel Serber is a Director at Lions Financial, where he works to benefit his clients by providing financial services with a [&hellip;]<\/p>\n","protected":false},"author":8,"featured_media":0,"parent":2253,"menu_order":0,"comment_status":"closed","ping_status":"closed","template":"","meta":{"_acf_changed":false,"content-type":"","site-sidebar-layout":"no-sidebar","site-content-layout":"page-builder","ast-site-content-layout":"default","site-content-style":"default","site-sidebar-style":"default","ast-global-header-display":"","ast-banner-title-visibility":"","ast-main-header-display":"","ast-hfb-above-header-display":"","ast-hfb-below-header-display":"","ast-hfb-mobile-header-display":"","site-post-title":"disabled","ast-breadcrumbs-content":"","ast-featured-img":"disabled","footer-sml-layout":"","theme-transparent-header-meta":"default","adv-header-id-meta":"","stick-header-meta":"default","header-above-stick-meta":"","header-main-stick-meta":"","header-below-stick-meta":"","astra-migrate-meta-layouts":"default","ast-page-background-enabled":"default","ast-page-background-meta":{"desktop":{"background-color":"","background-image":"","background-repeat":"repeat","background-position":"center center","background-size":"auto","background-attachment":"scroll","background-type":"","background-media":"","overlay-type":"","overlay-color":"","overlay-opacity":"","overlay-gradient":""},"tablet":{"background-color":"","background-image":"","background-repeat":"repeat","background-position":"center center","background-size":"auto","background-attachment":"scroll","background-type":"","background-media":"","overlay-type":"","overlay-color":"","overlay-opacity":"","overlay-gradient":""},"mobile":{"background-color":"","background-image":"","background-repeat":"repeat","background-position":"center center","background-size":"auto","background-attachment":"scroll","background-type":"","background-media":"","overlay-type":"","overlay-color":"","overlay-opacity":"","overlay-gradient":""}},"ast-content-background-meta":{"desktop":{"background-color":"var(--ast-global-color-5)","background-image":"","background-repeat":"repeat","background-position":"center center","background-size":"auto","background-attachment":"scroll","background-type":"","background-media":"","overlay-type":"","overlay-color":"","overlay-opacity":"","overlay-gradient":""},"tablet":{"background-color":"var(--ast-global-color-5)","background-image":"","background-repeat":"repeat","background-position":"center center","background-size":"auto","background-attachment":"scroll","background-type":"","background-media":"","overlay-type":"","overlay-color":"","overlay-opacity":"","overlay-gradient":""},"mobile":{"background-color":"var(--ast-global-color-5)","background-image":"","background-repeat":"repeat","background-position":"center center","background-size":"auto","background-attachment":"scroll","background-type":"","background-media":"","overlay-type":"","overlay-color":"","overlay-opacity":"","overlay-gradient":""}},"footnotes":""},"class_list":["post-3558","page","type-page","status-publish","hentry"],"acf":[],"_links":{"self":[{"href":"https:\/\/lions.financial\/es\/wp-json\/wp\/v2\/pages\/3558","targetHints":{"allow":["GET"]}}],"collection":[{"href":"https:\/\/lions.financial\/es\/wp-json\/wp\/v2\/pages"}],"about":[{"href":"https:\/\/lions.financial\/es\/wp-json\/wp\/v2\/types\/page"}],"author":[{"embeddable":true,"href":"https:\/\/lions.financial\/es\/wp-json\/wp\/v2\/users\/8"}],"replies":[{"embeddable":true,"href":"https:\/\/lions.financial\/es\/wp-json\/wp\/v2\/comments?post=3558"}],"version-history":[{"count":6,"href":"https:\/\/lions.financial\/es\/wp-json\/wp\/v2\/pages\/3558\/revisions"}],"predecessor-version":[{"id":6904,"href":"https:\/\/lions.financial\/es\/wp-json\/wp\/v2\/pages\/3558\/revisions\/6904"}],"up":[{"embeddable":true,"href":"https:\/\/lions.financial\/es\/wp-json\/wp\/v2\/pages\/2253"}],"wp:attachment":[{"href":"https:\/\/lions.financial\/es\/wp-json\/wp\/v2\/media?parent=3558"}],"curies":[{"name":"wp","href":"https:\/\/api.w.org\/{rel}","templated":true}]}}