{"id":3554,"date":"2020-02-11T13:33:20","date_gmt":"2020-02-11T18:33:20","guid":{"rendered":"https:\/\/lions.financial\/?page_id=3554"},"modified":"2022-10-19T02:34:33","modified_gmt":"2022-10-19T07:34:33","slug":"michael-kikoz","status":"publish","type":"page","link":"https:\/\/lions.financial\/es\/our-team\/michael-kikoz\/","title":{"rendered":"Michael Kikoz"},"content":{"rendered":"<div data-elementor-type=\"wp-page\" data-elementor-id=\"3554\" class=\"elementor elementor-3554\" data-elementor-post-type=\"page\">\n\t\t\t\t\t\t<section class=\"elementor-section elementor-top-section elementor-element elementor-element-cf113b5 elementor-section-boxed elementor-section-height-default elementor-section-height-default\" data-id=\"cf113b5\" data-element_type=\"section\" data-e-type=\"section\" data-settings=\"{&quot;background_background&quot;:&quot;classic&quot;}\">\n\t\t\t\t\t\t<div class=\"elementor-container elementor-column-gap-default\">\n\t\t\t\t\t<div class=\"elementor-column elementor-col-100 elementor-top-column elementor-element elementor-element-e19d888\" data-id=\"e19d888\" data-element_type=\"column\" data-e-type=\"column\">\n\t\t\t<div class=\"elementor-widget-wrap elementor-element-populated\">\n\t\t\t\t\t\t<section class=\"elementor-section elementor-inner-section elementor-element elementor-element-2bc0be5 elementor-section-boxed elementor-section-height-default elementor-section-height-default\" data-id=\"2bc0be5\" data-element_type=\"section\" data-e-type=\"section\">\n\t\t\t\t\t\t<div class=\"elementor-container elementor-column-gap-default\">\n\t\t\t\t\t<div class=\"elementor-column elementor-col-100 elementor-inner-column elementor-element elementor-element-4497951\" data-id=\"4497951\" data-element_type=\"column\" data-e-type=\"column\" data-settings=\"{&quot;background_background&quot;:&quot;classic&quot;}\">\n\t\t\t<div class=\"elementor-widget-wrap elementor-element-populated\">\n\t\t\t\t\t\t<div class=\"elementor-element elementor-element-165c6af elementor-position-left elementor-vertical-align-middle elementor-widget elementor-widget-image-box\" data-id=\"165c6af\" data-element_type=\"widget\" data-e-type=\"widget\" data-widget_type=\"image-box.default\">\n\t\t\t\t<div class=\"elementor-widget-container\">\n\t\t\t\t\t<div class=\"elementor-image-box-wrapper\"><figure class=\"elementor-image-box-img\"><a href=\"http:\/\/35.227.21.112\/staff\/ariel-serber\/\" tabindex=\"-1\"><img fetchpriority=\"high\" decoding=\"async\" width=\"635\" height=\"582\" src=\"https:\/\/lions.financial\/wp-content\/uploads\/2020\/02\/Profile-1.jpg\" class=\"attachment-full size-full wp-image-3572\" alt=\"\" srcset=\"https:\/\/lions.financial\/wp-content\/uploads\/2020\/02\/Profile-1.jpg 635w, https:\/\/lions.financial\/wp-content\/uploads\/2020\/02\/Profile-1-300x275.jpg 300w\" sizes=\"(max-width: 635px) 100vw, 635px\" \/><\/a><\/figure><div class=\"elementor-image-box-content\"><h1 class=\"elementor-image-box-title\"><a href=\"http:\/\/35.227.21.112\/staff\/ariel-serber\/\">Michael Kikoz<\/a><\/h1><p class=\"elementor-image-box-description\">Director de Tecnolog\u00eda<\/p><\/div><\/div>\t\t\t\t<\/div>\n\t\t\t\t<\/div>\n\t\t\t\t<div class=\"elementor-element elementor-element-bc917bd elementor-widget elementor-widget-spacer\" data-id=\"bc917bd\" data-element_type=\"widget\" data-e-type=\"widget\" data-widget_type=\"spacer.default\">\n\t\t\t\t<div class=\"elementor-widget-container\">\n\t\t\t\t\t\t\t<div class=\"elementor-spacer\">\n\t\t\t<div class=\"elementor-spacer-inner\"><\/div>\n\t\t<\/div>\n\t\t\t\t\t\t<\/div>\n\t\t\t\t<\/div>\n\t\t\t\t<div class=\"elementor-element elementor-element-6c86698 elementor-widget elementor-widget-text-editor\" data-id=\"6c86698\" data-element_type=\"widget\" data-e-type=\"widget\" data-widget_type=\"text-editor.default\">\n\t\t\t\t<div class=\"elementor-widget-container\">\n\t\t\t\t\t\t\t\t\t<p><strong style=\"font-size: 17px;\">Michael es el Director de Tecnolog\u00eda de Lions Financial, y dirige el\u00a0<\/strong><span style=\"font-size: 17px; font-style: normal; font-weight: bold;\">La divisi\u00f3n Hasmo Consulting (nuestra\u00a0<\/span><span style=\"font-size: 17px; font-style: normal; font-weight: bold;\">divisi\u00f3n de consultor\u00eda tecnol\u00f3gica)<\/span><span style=\"font-style: normal; font-size: 17px; font-weight: bold;\">\u00a0como el\u00a0<\/span><span style=\"font-style: normal; font-size: 17px; font-weight: bold;\">Director de Tecnolog\u00eda y Operaciones.\u00a0<\/span><strong style=\"font-size: 17px;\">Se centra en asesorar a los clientes en el desarrollo de estrategias operativas y en proporcionar soluciones tecnol\u00f3gicas personalizadas para sus negocios. En Lions Financial, Michael crea y analiza los planes y objetivos de negocio mientras implementa soluciones tecnol\u00f3gicas para asegurar que la compa\u00f1\u00eda, y nuestros clientes, cumplan con las metas y objetivos de negocio. Proporciona un an\u00e1lisis exhaustivo de los sistemas y el dise\u00f1o de la tecnolog\u00eda empresarial, al tiempo que participa en la planificaci\u00f3n y ejecuci\u00f3n de las soluciones para las iniciativas de los clientes. Michael ha trabajado con clientes de los sectores de la automoci\u00f3n, la belleza, la energ\u00eda, las finanzas, la hosteler\u00eda, la log\u00edstica, la fabricaci\u00f3n, el comercio minorista y los viajes.<\/strong><\/p><p><strong style=\"font-size: 17px;\">Antes de incorporarse a Lions Financial, Michael fue responsable de la administraci\u00f3n de TI y seguridad en Gold Buyers at The Mall,\u00a0<\/strong><span style=\"font-size: 17px;\"><b>una empresa pionera en el mercado con una operaci\u00f3n de 325 (+) tiendas con 250 RMU y 75 locales en l\u00ednea que empleaba a una plantilla de 22 directores de distrito, 2 directores regionales y m\u00e1s de 750 empleados en 32 estados.<\/b><\/span><strong style=\"font-size: 17px;\">\u00a0Durante su estancia en la empresa, desarroll\u00f3 estrategias y procedimientos de cumplimiento y ciberseguridad y realiz\u00f3 evaluaciones t\u00e9cnicas de la infraestructura del sistema. Tambi\u00e9n dise\u00f1\u00f3 bases de datos y sistemas de protecci\u00f3n contra el fraude y el robo. Adem\u00e1s, implement\u00f3 informes avanzados para el equipo ejecutivo para ayudar en la toma de decisiones y la prevenci\u00f3n de p\u00e9rdidas. Michael tambi\u00e9n fue responsable del mantenimiento de los servidores y de la implementaci\u00f3n de la tecnolog\u00eda en la nube para la oficina corporativa y las tiendas minoristas. Adem\u00e1s del trabajo t\u00e9cnico realizado, asisti\u00f3 al equipo ejecutivo en el an\u00e1lisis y la creaci\u00f3n de un presupuesto de TI y Seguridad para alcanzar los objetivos de costes \u00f3ptimos. Este trabajo enriqueci\u00f3 la comprensi\u00f3n de Michael de la integraci\u00f3n de la tecnolog\u00eda para las grandes organizaciones y proporcion\u00f3 una visi\u00f3n profunda de las medidas de seguridad necesarias en un entorno empresarial a gran escala.<\/strong><\/p><p><strong style=\"font-size: 17px;\">A medida que la tecnolog\u00eda se integra m\u00e1s en las operaciones diarias en todos los sectores industriales, el panorama digital es esencial para que muchas empresas tengan \u00e9xito.  Con la experiencia y la comprensi\u00f3n de la nueva tecnolog\u00eda y las herramientas disponibles en el mercado hoy en d\u00eda, Michael es capaz de ofrecer soluciones tecnol\u00f3gicas \u00e1giles y de vanguardia para los clientes, al tiempo que proporciona un valioso asesoramiento sobre la estrategia y las operaciones empresariales integradas. Michael tambi\u00e9n est\u00e1 especializado en la optimizaci\u00f3n de sitios web y motores de b\u00fasqueda, tecnolog\u00eda en la nube, an\u00e1lisis de datos, comercio electr\u00f3nico, tecnolog\u00eda de marketing, recursos humanos y gesti\u00f3n de proyectos.\u00a0<\/strong><\/p>\t\t\t\t\t\t\t\t<\/div>\n\t\t\t\t<\/div>\n\t\t\t\t\t<\/div>\n\t\t<\/div>\n\t\t\t\t\t<\/div>\n\t\t<\/section>\n\t\t\t\t\t<\/div>\n\t\t<\/div>\n\t\t\t\t\t<\/div>\n\t\t<\/section>\n\t\t\t\t<\/div>","protected":false},"excerpt":{"rendered":"<p>Michael Kikoz Chief Technology Officer Michael is the Chief Technology Officer at Lions Financial, and leads the\u00a0Hasmo Consulting division (our\u00a0technology consulting division)\u00a0as the\u00a0Director of Technology [&hellip;]<\/p>\n","protected":false},"author":8,"featured_media":0,"parent":2253,"menu_order":0,"comment_status":"closed","ping_status":"closed","template":"","meta":{"_acf_changed":false,"content-type":"","site-sidebar-layout":"no-sidebar","site-content-layout":"page-builder","ast-site-content-layout":"default","site-content-style":"default","site-sidebar-style":"default","ast-global-header-display":"","ast-banner-title-visibility":"","ast-main-header-display":"","ast-hfb-above-header-display":"","ast-hfb-below-header-display":"","ast-hfb-mobile-header-display":"","site-post-title":"disabled","ast-breadcrumbs-content":"","ast-featured-img":"disabled","footer-sml-layout":"","theme-transparent-header-meta":"default","adv-header-id-meta":"","stick-header-meta":"default","header-above-stick-meta":"","header-main-stick-meta":"","header-below-stick-meta":"","astra-migrate-meta-layouts":"default","ast-page-background-enabled":"default","ast-page-background-meta":{"desktop":{"background-color":"","background-image":"","background-repeat":"repeat","background-position":"center center","background-size":"auto","background-attachment":"scroll","background-type":"","background-media":"","overlay-type":"","overlay-color":"","overlay-opacity":"","overlay-gradient":""},"tablet":{"background-color":"","background-image":"","background-repeat":"repeat","background-position":"center center","background-size":"auto","background-attachment":"scroll","background-type":"","background-media":"","overlay-type":"","overlay-color":"","overlay-opacity":"","overlay-gradient":""},"mobile":{"background-color":"","background-image":"","background-repeat":"repeat","background-position":"center center","background-size":"auto","background-attachment":"scroll","background-type":"","background-media":"","overlay-type":"","overlay-color":"","overlay-opacity":"","overlay-gradient":""}},"ast-content-background-meta":{"desktop":{"background-color":"var(--ast-global-color-5)","background-image":"","background-repeat":"repeat","background-position":"center center","background-size":"auto","background-attachment":"scroll","background-type":"","background-media":"","overlay-type":"","overlay-color":"","overlay-opacity":"","overlay-gradient":""},"tablet":{"background-color":"var(--ast-global-color-5)","background-image":"","background-repeat":"repeat","background-position":"center center","background-size":"auto","background-attachment":"scroll","background-type":"","background-media":"","overlay-type":"","overlay-color":"","overlay-opacity":"","overlay-gradient":""},"mobile":{"background-color":"var(--ast-global-color-5)","background-image":"","background-repeat":"repeat","background-position":"center center","background-size":"auto","background-attachment":"scroll","background-type":"","background-media":"","overlay-type":"","overlay-color":"","overlay-opacity":"","overlay-gradient":""}},"footnotes":""},"class_list":["post-3554","page","type-page","status-publish","hentry"],"acf":[],"_links":{"self":[{"href":"https:\/\/lions.financial\/es\/wp-json\/wp\/v2\/pages\/3554","targetHints":{"allow":["GET"]}}],"collection":[{"href":"https:\/\/lions.financial\/es\/wp-json\/wp\/v2\/pages"}],"about":[{"href":"https:\/\/lions.financial\/es\/wp-json\/wp\/v2\/types\/page"}],"author":[{"embeddable":true,"href":"https:\/\/lions.financial\/es\/wp-json\/wp\/v2\/users\/8"}],"replies":[{"embeddable":true,"href":"https:\/\/lions.financial\/es\/wp-json\/wp\/v2\/comments?post=3554"}],"version-history":[{"count":7,"href":"https:\/\/lions.financial\/es\/wp-json\/wp\/v2\/pages\/3554\/revisions"}],"predecessor-version":[{"id":11708,"href":"https:\/\/lions.financial\/es\/wp-json\/wp\/v2\/pages\/3554\/revisions\/11708"}],"up":[{"embeddable":true,"href":"https:\/\/lions.financial\/es\/wp-json\/wp\/v2\/pages\/2253"}],"wp:attachment":[{"href":"https:\/\/lions.financial\/es\/wp-json\/wp\/v2\/media?parent=3554"}],"curies":[{"name":"wp","href":"https:\/\/api.w.org\/{rel}","templated":true}]}}