{"id":2784,"date":"2019-03-04T13:49:20","date_gmt":"2019-03-04T18:49:20","guid":{"rendered":"http:\/\/www.lions.financial\/?page_id=2784"},"modified":"2022-10-19T02:46:37","modified_gmt":"2022-10-19T07:46:37","slug":"services-risk-management-premium-financing","status":"publish","type":"page","link":"https:\/\/lions.financial\/es\/services-risk-management-premium-financing\/","title":{"rendered":"Financiaci\u00f3n de la prima"},"content":{"rendered":"<div data-elementor-type=\"wp-post\" data-elementor-id=\"2784\" class=\"elementor elementor-2784\" data-elementor-post-type=\"page\">\n\t\t\t\t\t\t<section class=\"elementor-section elementor-top-section elementor-element elementor-element-59b49ebf elementor-section-height-min-height elementor-section-boxed elementor-section-height-default elementor-section-items-middle\" data-id=\"59b49ebf\" data-element_type=\"section\" data-e-type=\"section\" data-settings=\"{&quot;background_background&quot;:&quot;classic&quot;,&quot;shape_divider_bottom&quot;:&quot;triangle-asymmetrical&quot;,&quot;shape_divider_bottom_negative&quot;:&quot;yes&quot;}\">\n\t\t\t\t\t<div class=\"elementor-shape elementor-shape-bottom\" aria-hidden=\"true\" data-negative=\"true\">\n\t\t\t<svg xmlns=\"http:\/\/www.w3.org\/2000\/svg\" viewbox=\"0 0 1000 100\" preserveaspectratio=\"none\">\n\t<path class=\"elementor-shape-fill\" d=\"M737.9,94.7L0,0v100h1000V0L737.9,94.7z\"\/>\n<\/svg>\t\t<\/div>\n\t\t\t\t\t<div class=\"elementor-container elementor-column-gap-default\">\n\t\t\t\t\t<div class=\"elementor-column elementor-col-100 elementor-top-column elementor-element elementor-element-5124526e\" data-id=\"5124526e\" data-element_type=\"column\" data-e-type=\"column\">\n\t\t\t<div class=\"elementor-widget-wrap elementor-element-populated\">\n\t\t\t\t\t\t<div class=\"elementor-element elementor-element-6d9d1e0b elementor-widget elementor-widget-heading\" data-id=\"6d9d1e0b\" data-element_type=\"widget\" data-e-type=\"widget\" data-widget_type=\"heading.default\">\n\t\t\t\t<div class=\"elementor-widget-container\">\n\t\t\t\t\t<h1 class=\"elementor-heading-title elementor-size-default\">Financiaci\u00f3n de la prima<\/h1>\t\t\t\t<\/div>\n\t\t\t\t<\/div>\n\t\t\t\t\t<\/div>\n\t\t<\/div>\n\t\t\t\t\t<\/div>\n\t\t<\/section>\n\t\t\t\t<section class=\"elementor-section elementor-top-section elementor-element elementor-element-d6f12df elementor-section-boxed elementor-section-height-default elementor-section-height-default\" data-id=\"d6f12df\" data-element_type=\"section\" data-e-type=\"section\">\n\t\t\t\t\t\t<div class=\"elementor-container elementor-column-gap-wider\">\n\t\t\t\t\t<div class=\"elementor-column elementor-col-66 elementor-top-column elementor-element elementor-element-8f7fa10\" data-id=\"8f7fa10\" data-element_type=\"column\" data-e-type=\"column\">\n\t\t\t<div class=\"elementor-widget-wrap elementor-element-populated\">\n\t\t\t\t\t\t<div class=\"elementor-element elementor-element-bec235c elementor-widget elementor-widget-text-editor\" data-id=\"bec235c\" data-element_type=\"widget\" data-e-type=\"widget\" data-widget_type=\"text-editor.default\">\n\t\t\t\t<div class=\"elementor-widget-container\">\n\t\t\t\t\t\t\t\t\t<div style=\"user-select: text; -webkit-user-drag: none; -webkit-tap-highlight-color: transparent; overflow: visible; cursor: text; clear: both; position: relative; direction: ltr; font-family: 'Segoe UI', 'Segoe UI Web', Arial, Verdana, sans-serif; font-size: 17px; font-style: normal; font-weight: 400;\">\n<p>La financiaci\u00f3n de primas de seguros consiste en tomar un pr\u00e9stamo de terceros prestamistas para pagar las primas de la p\u00f3liza de seguro de vida con un valor en efectivo que pretende superar el coste del pr\u00e9stamo.  El titular de la p\u00f3liza puede crear un excedente suficiente y beneficiarse de esta estrategia de financiaci\u00f3n si la financiaci\u00f3n de las primas se dise\u00f1a adecuadamente. Puede ser una soluci\u00f3n eficaz para abordar los objetivos de planificaci\u00f3n patrimonial, en t\u00e9rminos de protecci\u00f3n, liquidez y acumulaci\u00f3n. Los prestatarios pueden conservar sus activos y los prestamistas pueden adquirir un pr\u00e9stamo seguro a largo plazo, mientras que las aseguradoras gestionan el riesgo de la esperanza de vida.<\/p>\n<p style=\"text-align: center;\"><strong style=\"font-size: 17px; text-align: center;\">\u00bfQu\u00e9 puede hacer Lions Financial por usted?<\/strong><\/p>\n<p>Lions Financial ayuda durante la financiaci\u00f3n de la prima del seguro de vida y asesora a los clientes sobre una estrategia de financiaci\u00f3n adecuada. Trabajamos con los clientes en cada paso del camino para asegurarnos de obtener los mejores resultados. Prestamos atenci\u00f3n a los detalles y, para ayudar de la mejor manera posible, aplicamos un proceso SIRE de cuatro pasos para crear valor para usted.<\/p>\n<ul>\n<li><strong>S<\/strong>uestionario: Comenzaremos el proceso con un cuestionario para tener una comprensi\u00f3n general de su necesidad de seguros e identificar la composici\u00f3n \u00fanica de los contratos \u00f3ptimos. Aclaramos sus objetivos y obtenemos una comprensi\u00f3n de los problemas actuales \u00fanicos que deben abordarse.<\/li>\n<li><strong>I<\/strong>nsight: Para tener una visi\u00f3n profunda de su problema espec\u00edfico, incorporaremos la investigaci\u00f3n de la industria y determinaremos las ofertas de productos disponibles de muchas fuentes. Crearemos una valoraci\u00f3n y evaluaci\u00f3n sobre las opciones de planes estructurales disponibles.<\/li>\n<li><strong>R<\/strong>ecomendaci\u00f3n: A continuaci\u00f3n, propondremos soluciones para un programa de financiaci\u00f3n de primas de seguros que se adapte a sus necesidades. Como empresa independiente, podemos presentar m\u00faltiples proveedores para crear un plan que ayude a crear valor en las opciones de las compa\u00f1\u00edas disponibles para usted.<\/li>\n<li><strong>E<\/strong>Ejecuci\u00f3n: Pondremos en marcha la estrategia que desee ejecutar en funci\u00f3n de las opciones proporcionadas y el presupuesto disponible. Ayudamos a conseguir un mejor resultado gracias a nuestra experiencia profesional, la integraci\u00f3n de la tecnolog\u00eda, la comprensi\u00f3n de sus necesidades y la atenci\u00f3n a los requisitos normativos y de cumplimiento.<strong style=\"font-size: 17px;\">&nbsp;<\/strong><\/li>\n<\/ul>\n<p style=\"text-align: center;\"><strong>Los elementos clave a tener en cuenta en la financiaci\u00f3n de las primas&nbsp; <\/strong><\/p>\n<p>Los clientes de alto valor neto pueden obtener pr\u00e9stamos de terceros prestamistas que pueden considerar la financiaci\u00f3n de la prima del seguro de vida con valor en efectivo.<br><span style=\"font-size: 17px;\">Esta estrategia funciona de la siguiente manera:<\/span><\/p>\n<p>En lugar de liquidar sus activos para pagar las primas de la p\u00f3liza de seguro de vida, los clientes de alto patrimonio pueden obtener pr\u00e9stamos de un prestamista externo para pagar las primas.  Esta estrategia funciona porque los intereses de los pr\u00e9stamos son menores que la revalorizaci\u00f3n de los otros activos que se apalancan.<\/p>\n<p>Los intereses del pr\u00e9stamo se pagan anualmente, y el capital del pr\u00e9stamo se puede reembolsar seg\u00fan las condiciones del contrato hasta el fallecimiento del cliente.  Si hay un saldo de pr\u00e9stamo a la muerte del cliente, una parte de la prestaci\u00f3n por fallecimiento del seguro de vida pagar\u00eda el pr\u00e9stamo y el resto ir\u00eda a los beneficiarios del cliente.<\/p>\n<p>En las circunstancias adecuadas, la financiaci\u00f3n de las primas de la p\u00f3liza de seguro de vida puede proporcionar al cliente una mejor tasa de rendimiento interno que el pago de las primas de su bolsillo.  Esto variar\u00e1 en gran medida en funci\u00f3n de las condiciones del pr\u00e9stamo de los clientes, el rendimiento de los activos no liquidados y el momento en que se reembolse el pr\u00e9stamo.<\/p>\n<ul>\n<li><strong><em>Clientes objetivo<\/em><\/strong><\/li>\n<\/ul>\n<p>Esta estrategia de financiaci\u00f3n se dirige a consumidores con un patrimonio neto m\u00ednimo de 2 millones de d\u00f3lares. Los clientes deben tener necesidad de un seguro, pero prefieren reducir el coste de su bolsillo y conservar sus activos para invertirlos en otros proyectos.<br><span style=\"font-size: 17px;\">Es adecuado para clientes con las siguientes caracter\u00edsticas:<\/span><\/p>\n<ul>\n<li>Inversores que necesitan una cantidad sustancial de seguros para la planificaci\u00f3n del patrimonio, la acumulaci\u00f3n de riqueza, la protecci\u00f3n de activos o los fines empresariales<\/li>\n<li>No quieren utilizar su capital existente para pagar las primas<\/li>\n<li>Es asegurable con tarifas est\u00e1ndar o mejores<\/li>\n<li>Cumple las normas de suscripci\u00f3n de la compa\u00f1\u00eda<\/li>\n<\/ul>\n<ul>\n<li><strong><em>Las ventajas de la financiaci\u00f3n de las primas<\/em><\/strong><\/li>\n<\/ul>\n<p>Muchos clientes tienden a elegir este acuerdo, ya que esta valiosa herramienta financiera tiene varias ventajas:<\/p>\n<ul>\n<li>Una oportunidad de ahorrar dinero al no pagar las primas para superar el coste del pr\u00e9stamo<\/li>\n<li>Dado un flujo de caja establecido, puede existir la oportunidad de comprar m\u00e1s seguro de vida que si el cliente pagara las primas de su bolsillo<\/li>\n<li>Se utiliza para reducir o eliminar los impuestos estatales y aprovechar la donaci\u00f3n generacional.<\/li>\n<\/ul>\n<p style=\"text-align: center;\"><strong style=\"font-size: 17px;\">\u00bfQu\u00e9 es lo siguiente?<\/strong><\/p>\n<p>P\u00f3ngase en contacto con Lions Financial para encontrar una estrategia mejor y un plan integral para usted. Lions Financial ayuda a los ejecutivos de negocios, junto con sus asesores fiscales y legales, a desarrollar las soluciones financieras \u00f3ptimas para el \u00e9xito. P\u00f3ngase en contacto con nosotros para una consulta inicial que le ayude con su necesidad empresarial actual.<\/p>\n<\/div>\t\t\t\t\t\t\t\t<\/div>\n\t\t\t\t<\/div>\n\t\t\t\t\t<\/div>\n\t\t<\/div>\n\t\t\t\t<div class=\"elementor-column elementor-col-33 elementor-top-column elementor-element elementor-element-dfbf1fd\" data-id=\"dfbf1fd\" data-element_type=\"column\" data-e-type=\"column\" data-settings=\"{&quot;background_background&quot;:&quot;classic&quot;}\">\n\t\t\t<div class=\"elementor-widget-wrap elementor-element-populated\">\n\t\t\t\t\t\t<div class=\"elementor-element elementor-element-b78919a elementor-widget elementor-widget-heading\" data-id=\"b78919a\" data-element_type=\"widget\" data-e-type=\"widget\" data-widget_type=\"heading.default\">\n\t\t\t\t<div class=\"elementor-widget-container\">\n\t\t\t\t\t<h2 class=\"elementor-heading-title elementor-size-default\">Comparte:<\/h2>\t\t\t\t<\/div>\n\t\t\t\t<\/div>\n\t\t\t\t<div class=\"elementor-element elementor-element-5fb2906 elementor-share-buttons--view-icon elementor-grid-tablet-3 elementor-grid-mobile-0 elementor-share-buttons--skin-gradient elementor-share-buttons--shape-square elementor-grid-0 elementor-share-buttons--color-official elementor-widget elementor-widget-share-buttons\" data-id=\"5fb2906\" data-element_type=\"widget\" data-e-type=\"widget\" data-widget_type=\"share-buttons.default\">\n\t\t\t\t<div class=\"elementor-widget-container\">\n\t\t\t\t\t\t\t<div class=\"elementor-grid\" role=\"list\">\n\t\t\t\t\t\t\t\t<div class=\"elementor-grid-item\" role=\"listitem\">\n\t\t\t\t\t\t<div class=\"elementor-share-btn elementor-share-btn_facebook\" role=\"button\" tabindex=\"0\" aria-label=\"Compartir en facebook\">\n\t\t\t\t\t\t\t\t\t\t\t\t\t\t\t<span class=\"elementor-share-btn__icon\">\n\t\t\t\t\t\t\t\t<i class=\"fab fa-facebook\" aria-hidden=\"true\"><\/i>\t\t\t\t\t\t\t<\/span>\n\t\t\t\t\t\t\t\t\t\t\t\t\t\t\t\t\t\t\t\t<\/div>\n\t\t\t\t\t<\/div>\n\t\t\t\t\t\t\t\t\t<div class=\"elementor-grid-item\" role=\"listitem\">\n\t\t\t\t\t\t<div class=\"elementor-share-btn elementor-share-btn_twitter\" role=\"button\" tabindex=\"0\" aria-label=\"Compartir en twitter\">\n\t\t\t\t\t\t\t\t\t\t\t\t\t\t\t<span class=\"elementor-share-btn__icon\">\n\t\t\t\t\t\t\t\t<i class=\"fab fa-twitter\" aria-hidden=\"true\"><\/i>\t\t\t\t\t\t\t<\/span>\n\t\t\t\t\t\t\t\t\t\t\t\t\t\t\t\t\t\t\t\t<\/div>\n\t\t\t\t\t<\/div>\n\t\t\t\t\t\t\t\t\t<div class=\"elementor-grid-item\" role=\"listitem\">\n\t\t\t\t\t\t<div class=\"elementor-share-btn elementor-share-btn_linkedin\" role=\"button\" tabindex=\"0\" aria-label=\"Compartir en linkedin\">\n\t\t\t\t\t\t\t\t\t\t\t\t\t\t\t<span class=\"elementor-share-btn__icon\">\n\t\t\t\t\t\t\t\t<i class=\"fab fa-linkedin\" aria-hidden=\"true\"><\/i>\t\t\t\t\t\t\t<\/span>\n\t\t\t\t\t\t\t\t\t\t\t\t\t\t\t\t\t\t\t\t<\/div>\n\t\t\t\t\t<\/div>\n\t\t\t\t\t\t\t\t\t<div class=\"elementor-grid-item\" role=\"listitem\">\n\t\t\t\t\t\t<div class=\"elementor-share-btn elementor-share-btn_whatsapp\" role=\"button\" tabindex=\"0\" aria-label=\"Compartir en whatsapp\">\n\t\t\t\t\t\t\t\t\t\t\t\t\t\t\t<span class=\"elementor-share-btn__icon\">\n\t\t\t\t\t\t\t\t<i class=\"fab fa-whatsapp\" aria-hidden=\"true\"><\/i>\t\t\t\t\t\t\t<\/span>\n\t\t\t\t\t\t\t\t\t\t\t\t\t\t\t\t\t\t\t\t<\/div>\n\t\t\t\t\t<\/div>\n\t\t\t\t\t\t<\/div>\n\t\t\t\t\t\t<\/div>\n\t\t\t\t<\/div>\n\t\t\t\t<div class=\"elementor-element elementor-element-9bd67ce elementor-widget elementor-widget-spacer\" data-id=\"9bd67ce\" data-element_type=\"widget\" data-e-type=\"widget\" data-widget_type=\"spacer.default\">\n\t\t\t\t<div class=\"elementor-widget-container\">\n\t\t\t\t\t\t\t<div class=\"elementor-spacer\">\n\t\t\t<div class=\"elementor-spacer-inner\"><\/div>\n\t\t<\/div>\n\t\t\t\t\t\t<\/div>\n\t\t\t\t<\/div>\n\t\t\t\t<div class=\"elementor-element elementor-element-2cdbbff elementor-widget elementor-widget-heading\" data-id=\"2cdbbff\" data-element_type=\"widget\" data-e-type=\"widget\" data-widget_type=\"heading.default\">\n\t\t\t\t<div class=\"elementor-widget-container\">\n\t\t\t\t\t<h2 class=\"elementor-heading-title elementor-size-default\">Servicios: <\/h2>\t\t\t\t<\/div>\n\t\t\t\t<\/div>\n\t\t\t\t<div class=\"elementor-element elementor-element-4ad5dd7 elementor-nav-menu--dropdown-tablet elementor-nav-menu__text-align-aside elementor-nav-menu--toggle elementor-nav-menu--burger elementor-widget elementor-widget-nav-menu\" data-id=\"4ad5dd7\" data-element_type=\"widget\" data-e-type=\"widget\" data-settings=\"{&quot;layout&quot;:&quot;vertical&quot;,&quot;submenu_icon&quot;:{&quot;value&quot;:&quot;&lt;i class=\\&quot;fas fa-caret-down\\&quot; aria-hidden=\\&quot;true\\&quot;&gt;&lt;\\\/i&gt;&quot;,&quot;library&quot;:&quot;fa-solid&quot;},&quot;toggle&quot;:&quot;burger&quot;}\" data-widget_type=\"nav-menu.default\">\n\t\t\t\t<div class=\"elementor-widget-container\">\n\t\t\t\t\t\t\t\t<nav aria-label=\"Men\u00fa\" class=\"elementor-nav-menu--main elementor-nav-menu__container elementor-nav-menu--layout-vertical e--pointer-underline e--animation-fade\">\n\t\t\t\t<ul id=\"menu-1-4ad5dd7\" class=\"elementor-nav-menu sm-vertical\"><li class=\"menu-item menu-item-type-post_type menu-item-object-page menu-item-2957\"><a href=\"https:\/\/lions.financial\/es\/contact\/\" class=\"elementor-item menu-link\">Contacto<\/a><\/li>\n<li class=\"menu-item menu-item-type-post_type menu-item-object-page menu-item-2540\"><a href=\"https:\/\/lions.financial\/es\/services\/business-plan\/\" class=\"elementor-item menu-link\">Plan de empresa - Lions Financial<\/a><\/li>\n<li class=\"menu-item menu-item-type-post_type menu-item-object-page menu-item-2541\"><a href=\"https:\/\/lions.financial\/es\/business-advisory-buy-sell-agreements\/\" class=\"elementor-item menu-link\">Acuerdos de compraventa<\/a><\/li>\n<li class=\"menu-item menu-item-type-post_type menu-item-object-page menu-item-2542\"><a href=\"https:\/\/lions.financial\/es\/services\/business-advisory-deferred-compensation\/\" class=\"elementor-item menu-link\">Compensaci\u00f3n diferida<\/a><\/li>\n<li class=\"menu-item menu-item-type-post_type menu-item-object-page menu-item-2543\"><a href=\"https:\/\/lions.financial\/es\/services\/business-advisory-employee-benefits\/\" class=\"elementor-item menu-link\">Beneficios para el grupo de empleados<\/a><\/li>\n<li class=\"menu-item menu-item-type-post_type menu-item-object-page menu-item-2544\"><a href=\"https:\/\/lions.financial\/es\/services\/business-advisory-executive-compensation-tax-strategies\/\" class=\"elementor-item menu-link\">Remuneraci\u00f3n de los ejecutivos<\/a><\/li>\n<li class=\"menu-item menu-item-type-post_type menu-item-object-page menu-item-2545\"><a href=\"https:\/\/lions.financial\/es\/services\/business-advisory-succession-planning\/\" class=\"elementor-item menu-link\">Planificaci\u00f3n de la sucesi\u00f3n<\/a><\/li>\n<li class=\"menu-item menu-item-type-post_type menu-item-object-page menu-item-2949\"><a href=\"https:\/\/lions.financial\/es\/services-risk-management\/\" class=\"elementor-item menu-link\">Servicio de consultor\u00eda en gesti\u00f3n de riesgos<\/a><\/li>\n<li class=\"menu-item menu-item-type-post_type menu-item-object-page menu-item-2947\"><a href=\"https:\/\/lions.financial\/es\/services-risk-management-premium-financing\/\" class=\"elementor-item menu-link\">Financiaci\u00f3n de la prima<\/a><\/li>\n<li class=\"menu-item menu-item-type-post_type menu-item-object-page menu-item-2948\"><a href=\"https:\/\/lions.financial\/es\/risk-management-key-person-coverage\/\" class=\"elementor-item menu-link\">Cobertura de la persona clave<\/a><\/li>\n<li class=\"menu-item menu-item-type-post_type menu-item-object-page menu-item-2951\"><a href=\"https:\/\/lions.financial\/es\/capital-markets\/\" class=\"elementor-item menu-link\">Mercados de capitales<\/a><\/li>\n<li class=\"menu-item menu-item-type-post_type menu-item-object-page menu-item-2955\"><a href=\"https:\/\/lions.financial\/es\/services\/capital-markets-mergers-and-acquisitions\/\" class=\"elementor-item menu-link\">Fusiones y adquisiciones<\/a><\/li>\n<li class=\"menu-item menu-item-type-post_type menu-item-object-page menu-item-2950\"><a href=\"https:\/\/lions.financial\/es\/due-diligence-and-valuation\/\" class=\"elementor-item menu-link\">Diligencia debida y valoraci\u00f3n<\/a><\/li>\n<li class=\"menu-item menu-item-type-post_type menu-item-object-page menu-item-2956\"><a href=\"https:\/\/lions.financial\/es\/our-team\/\" class=\"elementor-item menu-link\">Nuestro equipo<\/a><\/li>\n<li class=\"menu-item menu-item-type-post_type menu-item-object-page menu-item-2953\"><a href=\"https:\/\/lions.financial\/es\/insights-professional-alliance-program\/\" class=\"elementor-item menu-link\">Programa de Alianza Profesional<\/a><\/li>\n<\/ul>\t\t\t<\/nav>\n\t\t\t\t\t<div class=\"elementor-menu-toggle\" role=\"button\" tabindex=\"0\" aria-label=\"Men\u00fa Toggle\" aria-expanded=\"false\">\n\t\t\t<i aria-hidden=\"true\" role=\"presentation\" class=\"elementor-menu-toggle__icon--open eicon-menu-bar\"><\/i><i aria-hidden=\"true\" role=\"presentation\" class=\"elementor-menu-toggle__icon--close eicon-close\"><\/i>\t\t<\/div>\n\t\t\t\t\t<nav class=\"elementor-nav-menu--dropdown elementor-nav-menu__container\" aria-hidden=\"true\">\n\t\t\t\t<ul id=\"menu-2-4ad5dd7\" class=\"elementor-nav-menu sm-vertical\"><li class=\"menu-item menu-item-type-post_type menu-item-object-page menu-item-2957\"><a href=\"https:\/\/lions.financial\/es\/contact\/\" class=\"elementor-item menu-link\" tabindex=\"-1\">Contacto<\/a><\/li>\n<li class=\"menu-item menu-item-type-post_type menu-item-object-page menu-item-2540\"><a href=\"https:\/\/lions.financial\/es\/services\/business-plan\/\" class=\"elementor-item menu-link\" tabindex=\"-1\">Plan de empresa - Lions Financial<\/a><\/li>\n<li class=\"menu-item menu-item-type-post_type menu-item-object-page menu-item-2541\"><a href=\"https:\/\/lions.financial\/es\/business-advisory-buy-sell-agreements\/\" class=\"elementor-item menu-link\" tabindex=\"-1\">Acuerdos de compraventa<\/a><\/li>\n<li class=\"menu-item menu-item-type-post_type menu-item-object-page menu-item-2542\"><a href=\"https:\/\/lions.financial\/es\/services\/business-advisory-deferred-compensation\/\" class=\"elementor-item menu-link\" tabindex=\"-1\">Compensaci\u00f3n diferida<\/a><\/li>\n<li class=\"menu-item menu-item-type-post_type menu-item-object-page menu-item-2543\"><a href=\"https:\/\/lions.financial\/es\/services\/business-advisory-employee-benefits\/\" class=\"elementor-item menu-link\" tabindex=\"-1\">Beneficios para el grupo de empleados<\/a><\/li>\n<li class=\"menu-item menu-item-type-post_type menu-item-object-page menu-item-2544\"><a href=\"https:\/\/lions.financial\/es\/services\/business-advisory-executive-compensation-tax-strategies\/\" class=\"elementor-item menu-link\" tabindex=\"-1\">Remuneraci\u00f3n de los ejecutivos<\/a><\/li>\n<li class=\"menu-item menu-item-type-post_type menu-item-object-page menu-item-2545\"><a href=\"https:\/\/lions.financial\/es\/services\/business-advisory-succession-planning\/\" class=\"elementor-item menu-link\" tabindex=\"-1\">Planificaci\u00f3n de la sucesi\u00f3n<\/a><\/li>\n<li class=\"menu-item menu-item-type-post_type menu-item-object-page menu-item-2949\"><a href=\"https:\/\/lions.financial\/es\/services-risk-management\/\" class=\"elementor-item menu-link\" tabindex=\"-1\">Servicio de consultor\u00eda en gesti\u00f3n de riesgos<\/a><\/li>\n<li class=\"menu-item menu-item-type-post_type menu-item-object-page menu-item-2947\"><a href=\"https:\/\/lions.financial\/es\/services-risk-management-premium-financing\/\" class=\"elementor-item menu-link\" tabindex=\"-1\">Financiaci\u00f3n de la prima<\/a><\/li>\n<li class=\"menu-item menu-item-type-post_type menu-item-object-page menu-item-2948\"><a href=\"https:\/\/lions.financial\/es\/risk-management-key-person-coverage\/\" class=\"elementor-item menu-link\" tabindex=\"-1\">Cobertura de la persona clave<\/a><\/li>\n<li class=\"menu-item menu-item-type-post_type menu-item-object-page menu-item-2951\"><a href=\"https:\/\/lions.financial\/es\/capital-markets\/\" class=\"elementor-item menu-link\" tabindex=\"-1\">Mercados de capitales<\/a><\/li>\n<li class=\"menu-item menu-item-type-post_type menu-item-object-page menu-item-2955\"><a href=\"https:\/\/lions.financial\/es\/services\/capital-markets-mergers-and-acquisitions\/\" class=\"elementor-item menu-link\" tabindex=\"-1\">Fusiones y adquisiciones<\/a><\/li>\n<li class=\"menu-item menu-item-type-post_type menu-item-object-page menu-item-2950\"><a href=\"https:\/\/lions.financial\/es\/due-diligence-and-valuation\/\" class=\"elementor-item menu-link\" tabindex=\"-1\">Diligencia debida y valoraci\u00f3n<\/a><\/li>\n<li class=\"menu-item menu-item-type-post_type menu-item-object-page menu-item-2956\"><a href=\"https:\/\/lions.financial\/es\/our-team\/\" class=\"elementor-item menu-link\" tabindex=\"-1\">Nuestro equipo<\/a><\/li>\n<li class=\"menu-item menu-item-type-post_type menu-item-object-page menu-item-2953\"><a href=\"https:\/\/lions.financial\/es\/insights-professional-alliance-program\/\" class=\"elementor-item menu-link\" tabindex=\"-1\">Programa de Alianza Profesional<\/a><\/li>\n<\/ul>\t\t\t<\/nav>\n\t\t\t\t\t\t<\/div>\n\t\t\t\t<\/div>\n\t\t\t\t<div class=\"elementor-element elementor-element-3061aea elementor-widget elementor-widget-spacer\" data-id=\"3061aea\" data-element_type=\"widget\" data-e-type=\"widget\" data-widget_type=\"spacer.default\">\n\t\t\t\t<div class=\"elementor-widget-container\">\n\t\t\t\t\t\t\t<div class=\"elementor-spacer\">\n\t\t\t<div class=\"elementor-spacer-inner\"><\/div>\n\t\t<\/div>\n\t\t\t\t\t\t<\/div>\n\t\t\t\t<\/div>\n\t\t\t\t\t<\/div>\n\t\t<\/div>\n\t\t\t\t\t<\/div>\n\t\t<\/section>\n\t\t\t\t<\/div>","protected":false},"excerpt":{"rendered":"<p>Premium Financing Insurance Premium Financing is taking a loan from third party lenders to pay for life insurance policy premiums with a cash value that [&hellip;]<\/p>\n","protected":false},"author":3,"featured_media":0,"parent":0,"menu_order":0,"comment_status":"closed","ping_status":"closed","template":"","meta":{"_acf_changed":false,"content-type":"","site-sidebar-layout":"no-sidebar","site-content-layout":"page-builder","ast-site-content-layout":"default","site-content-style":"default","site-sidebar-style":"default","ast-global-header-display":"","ast-banner-title-visibility":"","ast-main-header-display":"","ast-hfb-above-header-display":"","ast-hfb-below-header-display":"","ast-hfb-mobile-header-display":"","site-post-title":"disabled","ast-breadcrumbs-content":"","ast-featured-img":"disabled","footer-sml-layout":"","ast-disable-related-posts":"","theme-transparent-header-meta":"default","adv-header-id-meta":"","stick-header-meta":"default","header-above-stick-meta":"","header-main-stick-meta":"","header-below-stick-meta":"","astra-migrate-meta-layouts":"default","ast-page-background-enabled":"default","ast-page-background-meta":{"desktop":{"background-color":"","background-image":"","background-repeat":"repeat","background-position":"center center","background-size":"auto","background-attachment":"scroll","background-type":"","background-media":"","overlay-type":"","overlay-color":"","overlay-opacity":"","overlay-gradient":""},"tablet":{"background-color":"","background-image":"","background-repeat":"repeat","background-position":"center center","background-size":"auto","background-attachment":"scroll","background-type":"","background-media":"","overlay-type":"","overlay-color":"","overlay-opacity":"","overlay-gradient":""},"mobile":{"background-color":"","background-image":"","background-repeat":"repeat","background-position":"center center","background-size":"auto","background-attachment":"scroll","background-type":"","background-media":"","overlay-type":"","overlay-color":"","overlay-opacity":"","overlay-gradient":""}},"ast-content-background-meta":{"desktop":{"background-color":"var(--ast-global-color-5)","background-image":"","background-repeat":"repeat","background-position":"center center","background-size":"auto","background-attachment":"scroll","background-type":"","background-media":"","overlay-type":"","overlay-color":"","overlay-opacity":"","overlay-gradient":""},"tablet":{"background-color":"var(--ast-global-color-5)","background-image":"","background-repeat":"repeat","background-position":"center center","background-size":"auto","background-attachment":"scroll","background-type":"","background-media":"","overlay-type":"","overlay-color":"","overlay-opacity":"","overlay-gradient":""},"mobile":{"background-color":"var(--ast-global-color-5)","background-image":"","background-repeat":"repeat","background-position":"center center","background-size":"auto","background-attachment":"scroll","background-type":"","background-media":"","overlay-type":"","overlay-color":"","overlay-opacity":"","overlay-gradient":""}},"footnotes":""},"class_list":["post-2784","page","type-page","status-publish","hentry"],"acf":[],"_links":{"self":[{"href":"https:\/\/lions.financial\/es\/wp-json\/wp\/v2\/pages\/2784","targetHints":{"allow":["GET"]}}],"collection":[{"href":"https:\/\/lions.financial\/es\/wp-json\/wp\/v2\/pages"}],"about":[{"href":"https:\/\/lions.financial\/es\/wp-json\/wp\/v2\/types\/page"}],"author":[{"embeddable":true,"href":"https:\/\/lions.financial\/es\/wp-json\/wp\/v2\/users\/3"}],"replies":[{"embeddable":true,"href":"https:\/\/lions.financial\/es\/wp-json\/wp\/v2\/comments?post=2784"}],"version-history":[{"count":9,"href":"https:\/\/lions.financial\/es\/wp-json\/wp\/v2\/pages\/2784\/revisions"}],"predecessor-version":[{"id":6917,"href":"https:\/\/lions.financial\/es\/wp-json\/wp\/v2\/pages\/2784\/revisions\/6917"}],"wp:attachment":[{"href":"https:\/\/lions.financial\/es\/wp-json\/wp\/v2\/media?parent=2784"}],"curies":[{"name":"wp","href":"https:\/\/api.w.org\/{rel}","templated":true}]}}