{"id":2779,"date":"2019-03-04T13:26:37","date_gmt":"2019-03-04T18:26:37","guid":{"rendered":"http:\/\/www.lions.financial\/?page_id=2779"},"modified":"2022-10-19T02:48:05","modified_gmt":"2022-10-19T07:48:05","slug":"risk-management-key-person-coverage","status":"publish","type":"page","link":"https:\/\/lions.financial\/es\/risk-management-key-person-coverage\/","title":{"rendered":"Cobertura de la persona clave"},"content":{"rendered":"<div data-elementor-type=\"wp-post\" data-elementor-id=\"2779\" class=\"elementor elementor-2779\" data-elementor-post-type=\"page\">\n\t\t\t\t\t\t<section class=\"elementor-section elementor-top-section elementor-element elementor-element-6a738e32 elementor-section-height-min-height elementor-section-boxed elementor-section-height-default elementor-section-items-middle\" data-id=\"6a738e32\" data-element_type=\"section\" data-e-type=\"section\" data-settings=\"{&quot;background_background&quot;:&quot;classic&quot;,&quot;shape_divider_bottom&quot;:&quot;triangle-asymmetrical&quot;,&quot;shape_divider_bottom_negative&quot;:&quot;yes&quot;}\">\n\t\t\t\t\t<div class=\"elementor-shape elementor-shape-bottom\" aria-hidden=\"true\" data-negative=\"true\">\n\t\t\t<svg xmlns=\"http:\/\/www.w3.org\/2000\/svg\" viewbox=\"0 0 1000 100\" preserveaspectratio=\"none\">\n\t<path class=\"elementor-shape-fill\" d=\"M737.9,94.7L0,0v100h1000V0L737.9,94.7z\"\/>\n<\/svg>\t\t<\/div>\n\t\t\t\t\t<div class=\"elementor-container elementor-column-gap-default\">\n\t\t\t\t\t<div class=\"elementor-column elementor-col-100 elementor-top-column elementor-element elementor-element-527d7554\" data-id=\"527d7554\" data-element_type=\"column\" data-e-type=\"column\">\n\t\t\t<div class=\"elementor-widget-wrap elementor-element-populated\">\n\t\t\t\t\t\t<div class=\"elementor-element elementor-element-77249224 elementor-widget elementor-widget-heading\" data-id=\"77249224\" data-element_type=\"widget\" data-e-type=\"widget\" data-widget_type=\"heading.default\">\n\t\t\t\t<div class=\"elementor-widget-container\">\n\t\t\t\t\t<h1 class=\"elementor-heading-title elementor-size-default\">Cobertura de la persona clave<\/h1>\t\t\t\t<\/div>\n\t\t\t\t<\/div>\n\t\t\t\t\t<\/div>\n\t\t<\/div>\n\t\t\t\t\t<\/div>\n\t\t<\/section>\n\t\t\t\t<section class=\"elementor-section elementor-top-section elementor-element elementor-element-6ae4b1d elementor-section-boxed elementor-section-height-default elementor-section-height-default\" data-id=\"6ae4b1d\" data-element_type=\"section\" data-e-type=\"section\">\n\t\t\t\t\t\t<div class=\"elementor-container elementor-column-gap-wider\">\n\t\t\t\t\t<div class=\"elementor-column elementor-col-66 elementor-top-column elementor-element elementor-element-e730360\" data-id=\"e730360\" data-element_type=\"column\" data-e-type=\"column\">\n\t\t\t<div class=\"elementor-widget-wrap elementor-element-populated\">\n\t\t\t\t\t\t<div class=\"elementor-element elementor-element-47e2099 elementor-widget elementor-widget-text-editor\" data-id=\"47e2099\" data-element_type=\"widget\" data-e-type=\"widget\" data-widget_type=\"text-editor.default\">\n\t\t\t\t<div class=\"elementor-widget-container\">\n\t\t\t\t\t\t\t\t\t<div style=\"user-select: text; -webkit-user-drag: none; -webkit-tap-highlight-color: transparent; overflow: visible; cursor: text; clear: both; position: relative; direction: ltr; font-family: 'Segoe UI', 'Segoe UI Web', Arial, Verdana, sans-serif; font-size: 17px; font-style: normal; font-weight: 400;\">\n<p>El seguro de persona clave cubre a un empleado que es crucial para el \u00e9xito de la empresa. Esta estrategia de seguro ayuda a proteger a una empresa de una p\u00e9rdida econ\u00f3mica cuando un empleado importante no puede funcionar dentro de la empresa a una capacidad normal. Para muchas peque\u00f1as y medianas empresas, las personas clave son los propietarios y la planificaci\u00f3n del seguro debe tener en cuenta los riesgos a los que se enfrentan.<\/p>\n<p style=\"text-align: center;\"><strong style=\"font-size: 17px;\">\u00bfQu\u00e9 puede hacer Lions Financial por usted?<\/strong><\/p>\n<p>Lions Financial ayuda a los clientes a encontrar la soluci\u00f3n adecuada de planificaci\u00f3n de seguros para personas clave. A continuaci\u00f3n, asesoramos a nuestros clientes sobre lo que pueden hacer en cada paso para obtener los mejores resultados. Para ayudarle mejor, aplicamos el proceso SIRE de cuatro pasos para crear valor para usted.<\/p>\n<ul>\n<li><strong>S<\/strong>uestionario: Comenzamos el proceso con un cuestionario para tener un conocimiento general de su negocio e identificar la composici\u00f3n \u00fanica de los empleados clave. Aclararemos los objetivos de su empresa y comprenderemos los problemas actuales \u00fanicos que deben abordarse.<\/li>\n<li><strong>I<\/strong>nsight: Para tener una visi\u00f3n profunda de su negocio espec\u00edfico, incorporaremos la investigaci\u00f3n de la industria, determinaremos las ofertas de productos disponibles de muchas fuentes, crearemos una valoraci\u00f3n y evaluaci\u00f3n sobre las opciones del plan estructural de las personas clave de su empresa.<\/li>\n<li><strong>R<\/strong>ecomendaci\u00f3n: A continuaci\u00f3n, propondremos soluciones para un programa de seguros para personas clave que se adapte a su empresa. Como empresa independiente, podemos presentar m\u00faltiples proveedores para crear un plan que ayude a crear valor para atraer y retener el talento en su empresa.<\/li>\n<li><strong>E<\/strong>Ejecuci\u00f3n: Pondremos en marcha la estrategia que su empresa desee ejecutar en funci\u00f3n de las opciones proporcionadas y del presupuesto disponible. Ayudamos a conseguir un mejor resultado gracias a nuestra experiencia profesional, la integraci\u00f3n de la tecnolog\u00eda, la comprensi\u00f3n de su sector y la atenci\u00f3n a los requisitos de cumplimiento y regulaci\u00f3n.<\/li>\n<\/ul>\n<p style=\"text-align: center;\"><strong>Los elementos clave que hay que tener en cuenta<\/strong><strong> en Seguro de persona clave<\/strong><\/p>\n<ul>\n<li><strong><em>C\u00f3mo definir una persona clave <\/em><\/strong><\/li>\n<\/ul>\n<p>Una persona clave en la empresa es alguien que aporta un valor significativo en la actualidad y es componente del \u00e9xito financiero actual. La persona clave puede ser uno de los propietarios de la empresa. Existe un riesgo para la empresa si esta persona est\u00e1 inactiva, lo que puede tener implicaciones negativas para la empresa que se miden con p\u00e9rdidas financieras.<\/p>\n<ul>\n<li><strong><em>La importancia de tener este seguro<\/em><\/strong><\/li>\n<\/ul>\n<p>Las empresas corren el riesgo de sufrir la incapacidad de un empleado clave en su trabajo. Es importante entender que una persona clave tiene habilidades de gesti\u00f3n espec\u00edficas y la experiencia puede no ser reemplazable en un corto per\u00edodo de tiempo. Una p\u00e9rdida significativa puede influir en la toma de decisiones de la direcci\u00f3n si la empresa se enfrenta a un acuerdo importante. La interrupci\u00f3n del negocio puede causar retrasos en los clientes, en las asociaciones y en la valoraci\u00f3n de la l\u00ednea de cr\u00e9dito. El seguro de persona clave puede ser una buena opci\u00f3n para mitigar los riesgos financieros que se atribuir\u00edan a estas p\u00e9rdidas.<strong style=\"font-size: 17px;\"><em>&nbsp;<\/em><\/strong><\/p>\n<ul>\n<li><strong><em>Beneficio del seguro de persona clave<\/em><\/strong><\/li>\n<\/ul>\n<p>Si el empleado clave es propietario de la empresa, la p\u00f3liza puede ayudar a financiar la compra de su participaci\u00f3n en la empresa en caso de discapacidad o fallecimiento.<strong style=\"font-size: 17px;\"><em>&nbsp;<\/em><\/strong><\/p>\n<ul>\n<li><strong><em>Proceso de cobertura<\/em><\/strong><\/li>\n<li>Identificar a la persona clave<\/li>\n<li>Notificar al empleado su intenci\u00f3n de contratar el seguro<\/li>\n<li>Obtener el consentimiento del empleado clave<\/li>\n<li>La aseguradora paga el importe de la p\u00f3liza<\/li>\n<li>Revisar los factores relacionados con los impuestos<strong style=\"font-size: 17px;\">&nbsp;<\/strong><\/li>\n<\/ul>\n<p style=\"text-align: center;\"><strong>\u00bfQu\u00e9 es lo siguiente?<\/strong><\/p>\n<p>P\u00f3ngase en contacto con Lions Financial para encontrar una estrategia mejor y un plan integral para usted. Lions Financial ayuda a los ejecutivos de negocios, junto con sus asesores fiscales y legales, a desarrollar las soluciones financieras \u00f3ptimas para el \u00e9xito. P\u00f3ngase en contacto con nosotros para una consulta inicial que le ayude con su necesidad empresarial actual.<\/p>\n<\/div>\t\t\t\t\t\t\t\t<\/div>\n\t\t\t\t<\/div>\n\t\t\t\t\t<\/div>\n\t\t<\/div>\n\t\t\t\t<div class=\"elementor-column elementor-col-33 elementor-top-column elementor-element elementor-element-8b9d1a5\" data-id=\"8b9d1a5\" data-element_type=\"column\" data-e-type=\"column\" data-settings=\"{&quot;background_background&quot;:&quot;classic&quot;}\">\n\t\t\t<div class=\"elementor-widget-wrap elementor-element-populated\">\n\t\t\t\t\t\t<div class=\"elementor-element elementor-element-e4c05c5 elementor-widget elementor-widget-heading\" data-id=\"e4c05c5\" data-element_type=\"widget\" data-e-type=\"widget\" data-widget_type=\"heading.default\">\n\t\t\t\t<div class=\"elementor-widget-container\">\n\t\t\t\t\t<h2 class=\"elementor-heading-title elementor-size-default\">Comparte:<\/h2>\t\t\t\t<\/div>\n\t\t\t\t<\/div>\n\t\t\t\t<div class=\"elementor-element elementor-element-7403423 elementor-share-buttons--view-icon elementor-grid-tablet-3 elementor-grid-mobile-0 elementor-share-buttons--skin-gradient elementor-share-buttons--shape-square elementor-grid-0 elementor-share-buttons--color-official elementor-widget elementor-widget-share-buttons\" data-id=\"7403423\" data-element_type=\"widget\" data-e-type=\"widget\" data-widget_type=\"share-buttons.default\">\n\t\t\t\t<div class=\"elementor-widget-container\">\n\t\t\t\t\t\t\t<div class=\"elementor-grid\" role=\"list\">\n\t\t\t\t\t\t\t\t<div class=\"elementor-grid-item\" role=\"listitem\">\n\t\t\t\t\t\t<div class=\"elementor-share-btn elementor-share-btn_facebook\" role=\"button\" tabindex=\"0\" aria-label=\"Compartir en facebook\">\n\t\t\t\t\t\t\t\t\t\t\t\t\t\t\t<span class=\"elementor-share-btn__icon\">\n\t\t\t\t\t\t\t\t<i class=\"fab fa-facebook\" aria-hidden=\"true\"><\/i>\t\t\t\t\t\t\t<\/span>\n\t\t\t\t\t\t\t\t\t\t\t\t\t\t\t\t\t\t\t\t<\/div>\n\t\t\t\t\t<\/div>\n\t\t\t\t\t\t\t\t\t<div class=\"elementor-grid-item\" role=\"listitem\">\n\t\t\t\t\t\t<div class=\"elementor-share-btn elementor-share-btn_twitter\" role=\"button\" tabindex=\"0\" aria-label=\"Compartir en twitter\">\n\t\t\t\t\t\t\t\t\t\t\t\t\t\t\t<span class=\"elementor-share-btn__icon\">\n\t\t\t\t\t\t\t\t<i class=\"fab fa-twitter\" aria-hidden=\"true\"><\/i>\t\t\t\t\t\t\t<\/span>\n\t\t\t\t\t\t\t\t\t\t\t\t\t\t\t\t\t\t\t\t<\/div>\n\t\t\t\t\t<\/div>\n\t\t\t\t\t\t\t\t\t<div class=\"elementor-grid-item\" role=\"listitem\">\n\t\t\t\t\t\t<div class=\"elementor-share-btn elementor-share-btn_linkedin\" role=\"button\" tabindex=\"0\" aria-label=\"Compartir en linkedin\">\n\t\t\t\t\t\t\t\t\t\t\t\t\t\t\t<span class=\"elementor-share-btn__icon\">\n\t\t\t\t\t\t\t\t<i class=\"fab fa-linkedin\" aria-hidden=\"true\"><\/i>\t\t\t\t\t\t\t<\/span>\n\t\t\t\t\t\t\t\t\t\t\t\t\t\t\t\t\t\t\t\t<\/div>\n\t\t\t\t\t<\/div>\n\t\t\t\t\t\t\t\t\t<div class=\"elementor-grid-item\" role=\"listitem\">\n\t\t\t\t\t\t<div class=\"elementor-share-btn elementor-share-btn_whatsapp\" role=\"button\" tabindex=\"0\" aria-label=\"Compartir en whatsapp\">\n\t\t\t\t\t\t\t\t\t\t\t\t\t\t\t<span class=\"elementor-share-btn__icon\">\n\t\t\t\t\t\t\t\t<i class=\"fab fa-whatsapp\" aria-hidden=\"true\"><\/i>\t\t\t\t\t\t\t<\/span>\n\t\t\t\t\t\t\t\t\t\t\t\t\t\t\t\t\t\t\t\t<\/div>\n\t\t\t\t\t<\/div>\n\t\t\t\t\t\t<\/div>\n\t\t\t\t\t\t<\/div>\n\t\t\t\t<\/div>\n\t\t\t\t<div class=\"elementor-element elementor-element-f2f3516 elementor-widget elementor-widget-video\" data-id=\"f2f3516\" data-element_type=\"widget\" data-e-type=\"widget\" data-settings=\"{&quot;youtube_url&quot;:&quot;https:\\\/\\\/youtu.be\\\/DHhEILmqnZU&quot;,&quot;video_type&quot;:&quot;youtube&quot;,&quot;controls&quot;:&quot;yes&quot;}\" data-widget_type=\"video.default\">\n\t\t\t\t<div class=\"elementor-widget-container\">\n\t\t\t\t\t\t\t<div class=\"elementor-wrapper elementor-open-inline\">\n\t\t\t<div class=\"elementor-video\"><\/div>\t\t<\/div>\n\t\t\t\t\t\t<\/div>\n\t\t\t\t<\/div>\n\t\t\t\t<div class=\"elementor-element elementor-element-c72322a elementor-widget elementor-widget-spacer\" data-id=\"c72322a\" data-element_type=\"widget\" data-e-type=\"widget\" data-widget_type=\"spacer.default\">\n\t\t\t\t<div class=\"elementor-widget-container\">\n\t\t\t\t\t\t\t<div class=\"elementor-spacer\">\n\t\t\t<div class=\"elementor-spacer-inner\"><\/div>\n\t\t<\/div>\n\t\t\t\t\t\t<\/div>\n\t\t\t\t<\/div>\n\t\t\t\t<div class=\"elementor-element elementor-element-1519eff elementor-widget elementor-widget-heading\" data-id=\"1519eff\" data-element_type=\"widget\" data-e-type=\"widget\" data-widget_type=\"heading.default\">\n\t\t\t\t<div class=\"elementor-widget-container\">\n\t\t\t\t\t<h2 class=\"elementor-heading-title elementor-size-default\">Servicios: <\/h2>\t\t\t\t<\/div>\n\t\t\t\t<\/div>\n\t\t\t\t<div class=\"elementor-element elementor-element-26c1f13 elementor-nav-menu--dropdown-tablet elementor-nav-menu__text-align-aside elementor-nav-menu--toggle elementor-nav-menu--burger elementor-widget elementor-widget-nav-menu\" data-id=\"26c1f13\" data-element_type=\"widget\" data-e-type=\"widget\" data-settings=\"{&quot;layout&quot;:&quot;vertical&quot;,&quot;submenu_icon&quot;:{&quot;value&quot;:&quot;&lt;i class=\\&quot;fas fa-caret-down\\&quot; aria-hidden=\\&quot;true\\&quot;&gt;&lt;\\\/i&gt;&quot;,&quot;library&quot;:&quot;fa-solid&quot;},&quot;toggle&quot;:&quot;burger&quot;}\" data-widget_type=\"nav-menu.default\">\n\t\t\t\t<div class=\"elementor-widget-container\">\n\t\t\t\t\t\t\t\t<nav aria-label=\"Men\u00fa\" class=\"elementor-nav-menu--main elementor-nav-menu__container elementor-nav-menu--layout-vertical e--pointer-underline e--animation-fade\">\n\t\t\t\t<ul id=\"menu-1-26c1f13\" class=\"elementor-nav-menu sm-vertical\"><li class=\"menu-item menu-item-type-post_type menu-item-object-page menu-item-2957\"><a href=\"https:\/\/lions.financial\/es\/contact\/\" class=\"elementor-item menu-link\">Contacto<\/a><\/li>\n<li class=\"menu-item menu-item-type-post_type menu-item-object-page menu-item-2540\"><a href=\"https:\/\/lions.financial\/es\/services\/business-plan\/\" class=\"elementor-item menu-link\">Plan de empresa - Lions Financial<\/a><\/li>\n<li class=\"menu-item menu-item-type-post_type menu-item-object-page menu-item-2541\"><a href=\"https:\/\/lions.financial\/es\/business-advisory-buy-sell-agreements\/\" class=\"elementor-item menu-link\">Acuerdos de compraventa<\/a><\/li>\n<li class=\"menu-item menu-item-type-post_type menu-item-object-page menu-item-2542\"><a href=\"https:\/\/lions.financial\/es\/services\/business-advisory-deferred-compensation\/\" class=\"elementor-item menu-link\">Compensaci\u00f3n diferida<\/a><\/li>\n<li class=\"menu-item menu-item-type-post_type menu-item-object-page menu-item-2543\"><a href=\"https:\/\/lions.financial\/es\/services\/business-advisory-employee-benefits\/\" class=\"elementor-item menu-link\">Beneficios para el grupo de empleados<\/a><\/li>\n<li class=\"menu-item menu-item-type-post_type menu-item-object-page menu-item-2544\"><a href=\"https:\/\/lions.financial\/es\/services\/business-advisory-executive-compensation-tax-strategies\/\" class=\"elementor-item menu-link\">Remuneraci\u00f3n de los ejecutivos<\/a><\/li>\n<li class=\"menu-item menu-item-type-post_type menu-item-object-page menu-item-2545\"><a href=\"https:\/\/lions.financial\/es\/services\/business-advisory-succession-planning\/\" class=\"elementor-item menu-link\">Planificaci\u00f3n de la sucesi\u00f3n<\/a><\/li>\n<li class=\"menu-item menu-item-type-post_type menu-item-object-page menu-item-2949\"><a href=\"https:\/\/lions.financial\/es\/services-risk-management\/\" class=\"elementor-item menu-link\">Servicio de consultor\u00eda en gesti\u00f3n de riesgos<\/a><\/li>\n<li class=\"menu-item menu-item-type-post_type menu-item-object-page menu-item-2947\"><a href=\"https:\/\/lions.financial\/es\/services-risk-management-premium-financing\/\" class=\"elementor-item menu-link\">Financiaci\u00f3n de la prima<\/a><\/li>\n<li class=\"menu-item menu-item-type-post_type menu-item-object-page menu-item-2948\"><a href=\"https:\/\/lions.financial\/es\/risk-management-key-person-coverage\/\" class=\"elementor-item menu-link\">Cobertura de la persona clave<\/a><\/li>\n<li class=\"menu-item menu-item-type-post_type menu-item-object-page menu-item-2951\"><a href=\"https:\/\/lions.financial\/es\/capital-markets\/\" class=\"elementor-item menu-link\">Mercados de capitales<\/a><\/li>\n<li class=\"menu-item menu-item-type-post_type menu-item-object-page menu-item-2955\"><a href=\"https:\/\/lions.financial\/es\/services\/capital-markets-mergers-and-acquisitions\/\" class=\"elementor-item menu-link\">Fusiones y adquisiciones<\/a><\/li>\n<li class=\"menu-item menu-item-type-post_type menu-item-object-page menu-item-2950\"><a href=\"https:\/\/lions.financial\/es\/due-diligence-and-valuation\/\" class=\"elementor-item menu-link\">Diligencia debida y valoraci\u00f3n<\/a><\/li>\n<li class=\"menu-item menu-item-type-post_type menu-item-object-page menu-item-2956\"><a href=\"https:\/\/lions.financial\/es\/our-team\/\" class=\"elementor-item menu-link\">Nuestro equipo<\/a><\/li>\n<li class=\"menu-item menu-item-type-post_type menu-item-object-page menu-item-2953\"><a href=\"https:\/\/lions.financial\/es\/insights-professional-alliance-program\/\" class=\"elementor-item menu-link\">Programa de Alianza Profesional<\/a><\/li>\n<\/ul>\t\t\t<\/nav>\n\t\t\t\t\t<div class=\"elementor-menu-toggle\" role=\"button\" tabindex=\"0\" aria-label=\"Men\u00fa Toggle\" aria-expanded=\"false\">\n\t\t\t<i aria-hidden=\"true\" role=\"presentation\" class=\"elementor-menu-toggle__icon--open eicon-menu-bar\"><\/i><i aria-hidden=\"true\" role=\"presentation\" class=\"elementor-menu-toggle__icon--close eicon-close\"><\/i>\t\t<\/div>\n\t\t\t\t\t<nav class=\"elementor-nav-menu--dropdown elementor-nav-menu__container\" aria-hidden=\"true\">\n\t\t\t\t<ul id=\"menu-2-26c1f13\" class=\"elementor-nav-menu sm-vertical\"><li class=\"menu-item menu-item-type-post_type menu-item-object-page menu-item-2957\"><a href=\"https:\/\/lions.financial\/es\/contact\/\" class=\"elementor-item menu-link\" tabindex=\"-1\">Contacto<\/a><\/li>\n<li class=\"menu-item menu-item-type-post_type menu-item-object-page menu-item-2540\"><a href=\"https:\/\/lions.financial\/es\/services\/business-plan\/\" class=\"elementor-item menu-link\" tabindex=\"-1\">Plan de empresa - Lions Financial<\/a><\/li>\n<li class=\"menu-item menu-item-type-post_type menu-item-object-page menu-item-2541\"><a href=\"https:\/\/lions.financial\/es\/business-advisory-buy-sell-agreements\/\" class=\"elementor-item menu-link\" tabindex=\"-1\">Acuerdos de compraventa<\/a><\/li>\n<li class=\"menu-item menu-item-type-post_type menu-item-object-page menu-item-2542\"><a href=\"https:\/\/lions.financial\/es\/services\/business-advisory-deferred-compensation\/\" class=\"elementor-item menu-link\" tabindex=\"-1\">Compensaci\u00f3n diferida<\/a><\/li>\n<li class=\"menu-item menu-item-type-post_type menu-item-object-page menu-item-2543\"><a href=\"https:\/\/lions.financial\/es\/services\/business-advisory-employee-benefits\/\" class=\"elementor-item menu-link\" tabindex=\"-1\">Beneficios para el grupo de empleados<\/a><\/li>\n<li class=\"menu-item menu-item-type-post_type menu-item-object-page menu-item-2544\"><a href=\"https:\/\/lions.financial\/es\/services\/business-advisory-executive-compensation-tax-strategies\/\" class=\"elementor-item menu-link\" tabindex=\"-1\">Remuneraci\u00f3n de los ejecutivos<\/a><\/li>\n<li class=\"menu-item menu-item-type-post_type menu-item-object-page menu-item-2545\"><a href=\"https:\/\/lions.financial\/es\/services\/business-advisory-succession-planning\/\" class=\"elementor-item menu-link\" tabindex=\"-1\">Planificaci\u00f3n de la sucesi\u00f3n<\/a><\/li>\n<li class=\"menu-item menu-item-type-post_type menu-item-object-page menu-item-2949\"><a href=\"https:\/\/lions.financial\/es\/services-risk-management\/\" class=\"elementor-item menu-link\" tabindex=\"-1\">Servicio de consultor\u00eda en gesti\u00f3n de riesgos<\/a><\/li>\n<li class=\"menu-item menu-item-type-post_type menu-item-object-page menu-item-2947\"><a href=\"https:\/\/lions.financial\/es\/services-risk-management-premium-financing\/\" class=\"elementor-item menu-link\" tabindex=\"-1\">Financiaci\u00f3n de la prima<\/a><\/li>\n<li class=\"menu-item menu-item-type-post_type menu-item-object-page menu-item-2948\"><a href=\"https:\/\/lions.financial\/es\/risk-management-key-person-coverage\/\" class=\"elementor-item menu-link\" tabindex=\"-1\">Cobertura de la persona clave<\/a><\/li>\n<li class=\"menu-item menu-item-type-post_type menu-item-object-page menu-item-2951\"><a href=\"https:\/\/lions.financial\/es\/capital-markets\/\" class=\"elementor-item menu-link\" tabindex=\"-1\">Mercados de capitales<\/a><\/li>\n<li class=\"menu-item menu-item-type-post_type menu-item-object-page menu-item-2955\"><a href=\"https:\/\/lions.financial\/es\/services\/capital-markets-mergers-and-acquisitions\/\" class=\"elementor-item menu-link\" tabindex=\"-1\">Fusiones y adquisiciones<\/a><\/li>\n<li class=\"menu-item menu-item-type-post_type menu-item-object-page menu-item-2950\"><a href=\"https:\/\/lions.financial\/es\/due-diligence-and-valuation\/\" class=\"elementor-item menu-link\" tabindex=\"-1\">Diligencia debida y valoraci\u00f3n<\/a><\/li>\n<li class=\"menu-item menu-item-type-post_type menu-item-object-page menu-item-2956\"><a href=\"https:\/\/lions.financial\/es\/our-team\/\" class=\"elementor-item menu-link\" tabindex=\"-1\">Nuestro equipo<\/a><\/li>\n<li class=\"menu-item menu-item-type-post_type menu-item-object-page menu-item-2953\"><a href=\"https:\/\/lions.financial\/es\/insights-professional-alliance-program\/\" class=\"elementor-item menu-link\" tabindex=\"-1\">Programa de Alianza Profesional<\/a><\/li>\n<\/ul>\t\t\t<\/nav>\n\t\t\t\t\t\t<\/div>\n\t\t\t\t<\/div>\n\t\t\t\t<div class=\"elementor-element elementor-element-64e5bca elementor-widget elementor-widget-spacer\" data-id=\"64e5bca\" data-element_type=\"widget\" data-e-type=\"widget\" data-widget_type=\"spacer.default\">\n\t\t\t\t<div class=\"elementor-widget-container\">\n\t\t\t\t\t\t\t<div class=\"elementor-spacer\">\n\t\t\t<div class=\"elementor-spacer-inner\"><\/div>\n\t\t<\/div>\n\t\t\t\t\t\t<\/div>\n\t\t\t\t<\/div>\n\t\t\t\t\t<\/div>\n\t\t<\/div>\n\t\t\t\t\t<\/div>\n\t\t<\/section>\n\t\t\t\t<\/div>","protected":false},"excerpt":{"rendered":"<p>Key Person Coverage Key person insurance covers an employee who is crucial to the success of the business. This insurance strategy helps protect a business [&hellip;]<\/p>\n","protected":false},"author":3,"featured_media":0,"parent":0,"menu_order":0,"comment_status":"closed","ping_status":"closed","template":"","meta":{"_acf_changed":false,"content-type":"","site-sidebar-layout":"no-sidebar","site-content-layout":"page-builder","ast-site-content-layout":"default","site-content-style":"default","site-sidebar-style":"default","ast-global-header-display":"","ast-banner-title-visibility":"","ast-main-header-display":"","ast-hfb-above-header-display":"","ast-hfb-below-header-display":"","ast-hfb-mobile-header-display":"","site-post-title":"disabled","ast-breadcrumbs-content":"","ast-featured-img":"disabled","footer-sml-layout":"","ast-disable-related-posts":"","theme-transparent-header-meta":"default","adv-header-id-meta":"","stick-header-meta":"default","header-above-stick-meta":"","header-main-stick-meta":"","header-below-stick-meta":"","astra-migrate-meta-layouts":"default","ast-page-background-enabled":"default","ast-page-background-meta":{"desktop":{"background-color":"","background-image":"","background-repeat":"repeat","background-position":"center center","background-size":"auto","background-attachment":"scroll","background-type":"","background-media":"","overlay-type":"","overlay-color":"","overlay-opacity":"","overlay-gradient":""},"tablet":{"background-color":"","background-image":"","background-repeat":"repeat","background-position":"center center","background-size":"auto","background-attachment":"scroll","background-type":"","background-media":"","overlay-type":"","overlay-color":"","overlay-opacity":"","overlay-gradient":""},"mobile":{"background-color":"","background-image":"","background-repeat":"repeat","background-position":"center center","background-size":"auto","background-attachment":"scroll","background-type":"","background-media":"","overlay-type":"","overlay-color":"","overlay-opacity":"","overlay-gradient":""}},"ast-content-background-meta":{"desktop":{"background-color":"var(--ast-global-color-5)","background-image":"","background-repeat":"repeat","background-position":"center center","background-size":"auto","background-attachment":"scroll","background-type":"","background-media":"","overlay-type":"","overlay-color":"","overlay-opacity":"","overlay-gradient":""},"tablet":{"background-color":"var(--ast-global-color-5)","background-image":"","background-repeat":"repeat","background-position":"center center","background-size":"auto","background-attachment":"scroll","background-type":"","background-media":"","overlay-type":"","overlay-color":"","overlay-opacity":"","overlay-gradient":""},"mobile":{"background-color":"var(--ast-global-color-5)","background-image":"","background-repeat":"repeat","background-position":"center center","background-size":"auto","background-attachment":"scroll","background-type":"","background-media":"","overlay-type":"","overlay-color":"","overlay-opacity":"","overlay-gradient":""}},"footnotes":""},"class_list":["post-2779","page","type-page","status-publish","hentry"],"acf":[],"_links":{"self":[{"href":"https:\/\/lions.financial\/es\/wp-json\/wp\/v2\/pages\/2779","targetHints":{"allow":["GET"]}}],"collection":[{"href":"https:\/\/lions.financial\/es\/wp-json\/wp\/v2\/pages"}],"about":[{"href":"https:\/\/lions.financial\/es\/wp-json\/wp\/v2\/types\/page"}],"author":[{"embeddable":true,"href":"https:\/\/lions.financial\/es\/wp-json\/wp\/v2\/users\/3"}],"replies":[{"embeddable":true,"href":"https:\/\/lions.financial\/es\/wp-json\/wp\/v2\/comments?post=2779"}],"version-history":[{"count":16,"href":"https:\/\/lions.financial\/es\/wp-json\/wp\/v2\/pages\/2779\/revisions"}],"predecessor-version":[{"id":6926,"href":"https:\/\/lions.financial\/es\/wp-json\/wp\/v2\/pages\/2779\/revisions\/6926"}],"wp:attachment":[{"href":"https:\/\/lions.financial\/es\/wp-json\/wp\/v2\/media?parent=2779"}],"curies":[{"name":"wp","href":"https:\/\/api.w.org\/{rel}","templated":true}]}}