{"id":2765,"date":"2019-03-04T12:22:59","date_gmt":"2019-03-04T17:22:59","guid":{"rendered":"http:\/\/www.lions.financial\/?page_id=2765"},"modified":"2023-01-31T07:27:33","modified_gmt":"2023-01-31T12:27:33","slug":"services-risk-management","status":"publish","type":"page","link":"https:\/\/lions.financial\/es\/services-risk-management\/","title":{"rendered":"Servicio de consultor\u00eda en gesti\u00f3n de riesgos"},"content":{"rendered":"<div data-elementor-type=\"wp-post\" data-elementor-id=\"2765\" class=\"elementor elementor-2765\" data-elementor-post-type=\"page\">\n\t\t\t\t\t\t<section class=\"elementor-section elementor-top-section elementor-element elementor-element-58dc58a6 elementor-section-height-min-height elementor-section-boxed elementor-section-height-default elementor-section-items-middle\" data-id=\"58dc58a6\" data-element_type=\"section\" data-e-type=\"section\" data-settings=\"{&quot;background_background&quot;:&quot;classic&quot;,&quot;shape_divider_bottom&quot;:&quot;triangle-asymmetrical&quot;,&quot;shape_divider_bottom_negative&quot;:&quot;yes&quot;}\">\n\t\t\t\t\t<div class=\"elementor-shape elementor-shape-bottom\" aria-hidden=\"true\" data-negative=\"true\">\n\t\t\t<svg xmlns=\"http:\/\/www.w3.org\/2000\/svg\" viewbox=\"0 0 1000 100\" preserveaspectratio=\"none\">\n\t<path class=\"elementor-shape-fill\" d=\"M737.9,94.7L0,0v100h1000V0L737.9,94.7z\"\/>\n<\/svg>\t\t<\/div>\n\t\t\t\t\t<div class=\"elementor-container elementor-column-gap-default\">\n\t\t\t\t\t<div class=\"elementor-column elementor-col-100 elementor-top-column elementor-element elementor-element-7b530dcd\" data-id=\"7b530dcd\" data-element_type=\"column\" data-e-type=\"column\">\n\t\t\t<div class=\"elementor-widget-wrap elementor-element-populated\">\n\t\t\t\t\t\t<div class=\"elementor-element elementor-element-5da023f8 elementor-widget elementor-widget-heading\" data-id=\"5da023f8\" data-element_type=\"widget\" data-e-type=\"widget\" data-widget_type=\"heading.default\">\n\t\t\t\t<div class=\"elementor-widget-container\">\n\t\t\t\t\t<h1 class=\"elementor-heading-title elementor-size-default\">Gesti\u00f3n de riesgos<\/h1>\t\t\t\t<\/div>\n\t\t\t\t<\/div>\n\t\t\t\t\t<\/div>\n\t\t<\/div>\n\t\t\t\t\t<\/div>\n\t\t<\/section>\n\t\t\t\t<section class=\"elementor-section elementor-top-section elementor-element elementor-element-26b0b58 elementor-section-boxed elementor-section-height-default elementor-section-height-default\" data-id=\"26b0b58\" data-element_type=\"section\" data-e-type=\"section\">\n\t\t\t\t\t\t<div class=\"elementor-container elementor-column-gap-wider\">\n\t\t\t\t\t<div class=\"elementor-column elementor-col-66 elementor-top-column elementor-element elementor-element-56ddba3\" data-id=\"56ddba3\" data-element_type=\"column\" data-e-type=\"column\">\n\t\t\t<div class=\"elementor-widget-wrap elementor-element-populated\">\n\t\t\t\t\t\t<div class=\"elementor-element elementor-element-99353dd elementor-widget elementor-widget-text-editor\" data-id=\"99353dd\" data-element_type=\"widget\" data-e-type=\"widget\" data-widget_type=\"text-editor.default\">\n\t\t\t\t<div class=\"elementor-widget-container\">\n\t\t\t\t\t\t\t\t\t<div style=\"user-select: text; -webkit-user-drag: none; -webkit-tap-highlight-color: transparent; overflow: visible; cursor: text; clear: both; position: relative; direction: ltr; font-family: 'Segoe UI', 'Segoe UI Web', Arial, Verdana, sans-serif; font-size: 17px; font-style: normal; font-weight: 400;\">\n\nLas empresas se enfrentan a muchos riesgos, al igual que las personas que las dirigen. Para alcanzar con \u00e9xito los objetivos de la empresa, la gesti\u00f3n de los riesgos debe estar en el centro de la planificaci\u00f3n.\u00a0<span style=\"font-size: 17px; font-style: normal; font-weight: 400;\">El riesgo se identifica como la incertidumbre de un evento o las consecuencias potenciales.<\/span><span style=\"font-size: 17px; font-style: normal; font-weight: 400;\">\u00a0<\/span><span style=\"font-size: 17px;\">La gesti\u00f3n de riesgos es la pr\u00e1ctica de identificar, evaluar y elaborar planes estrat\u00e9gicos para mitigar la incertidumbre. La planificaci\u00f3n de la gesti\u00f3n de riesgos le ayuda a asignar los activos de forma m\u00e1s eficaz, a mejorar la toma de decisiones y a minimizar la posibilidad de p\u00e9rdidas. Para hacer frente a los riesgos, se puede considerar la posibilidad de transferirlos, lo que suele hacerse mediante productos de seguros. En esta circunstancia, es esencial elegir el plan de seguros adecuado para protegerse del riesgo.<\/span>\n<h2 style=\"text-align: center;\"><span style=\"font-size: 17px;\"><b>\u00bfC\u00f3mo trabajamos?\n<\/b><\/span><\/h2>\n<p style=\"text-align: center;\"><span style=\"font-size: 17px;\">Lions Financial sigue varios pasos para ayudar a los clientes en los servicios de gesti\u00f3n de riesgos eficaces:<\/span><\/p>\n<p style=\"text-align: center;\"><strong>Paso 1:\n<\/strong>Ejecutar la encuesta est\u00e1ndar y tener una visi\u00f3n profunda de la situaci\u00f3n de los clientes<\/p>\n<p style=\"text-align: center;\"><strong>Paso 2:\n<\/strong>Identificar y descubrir el riesgo que puede afectar al resultado<\/p>\n<p style=\"text-align: center;\"><strong>Paso 3<\/strong>:\n- Evaluar o clasificar el riesgo<\/p>\n<p style=\"text-align: center;\">- Determinar la magnitud del riesgo<\/p>\n<p style=\"text-align: center;\">- Identificar la probabilidad y la consecuencia<\/p>\n<p style=\"text-align: center;\">- Evaluar la tolerancia al riesgo<\/p>\n<p style=\"text-align: center;\"><strong>Paso 4<\/strong>:\nEvaluar el riesgo m\u00e1s elevado<\/p>\n<p style=\"text-align: center;\"><strong>Paso 5:<\/strong>\nCrear un plan y una estrategia para tratar el riesgo<\/p>\n<p style=\"text-align: center;\"><strong>Paso 6:<\/strong>\nPoner en pr\u00e1ctica el m\u00e9todo y proporcionar un producto procesable<\/p>\n<p style=\"text-align: center;\"><strong>Paso 7:<\/strong>\nControlar y revisar el riesgo<\/p>\n<p style=\"text-align: center;\"><strong>Servicios que ofrecemos <\/strong><\/p>\n\n<ul>\n \t<li><strong>Financiaci\u00f3n de la prima<\/strong><\/li>\n<\/ul>\nLa financiaci\u00f3n de primas es una estrategia con terceros prestamistas de financiaci\u00f3n para pagar las primas de las p\u00f3lizas de seguro de vida. <a href=\"https:\/\/lions.financial\/es\/premium-financing\/\"><em><span style=\"text-decoration: underline;\">M\u00e1s informaci\u00f3n<\/span><\/em><\/a>\n<ul>\n \t<li><strong>Cobertura de la persona clave<\/strong><\/li>\n<\/ul>\nLa persona clave cubre la vida del empleado que es crucial para el \u00e9xito del negocio. Este seguro ayuda a reembolsar a la empresa las p\u00e9rdidas econ\u00f3micas cuando un empleado importante no puede funcionar en el negocio.<a href=\"https:\/\/lions.financial\/es\/key-person-insurance\/\"><em><u> M\u00e1s informaci\u00f3n<\/u><\/em><\/a>\n<ul>\n \t<li><b>Organizaci\u00f3n Profesional de Empleadores (OPE)<\/b><\/li>\n<\/ul>\nUna organizaci\u00f3n profesional de empleadores en la subcontrataci\u00f3n de empresas que proporciona un servicio integral de recursos humanos a las peque\u00f1as y medianas empresas.<a href=\"https:\/\/lions.financial\/es\/professional-employer-organizations\/\"><em><u> M\u00e1s informaci\u00f3n<\/u><\/em><\/a>\n<h2 style=\"text-align: center;\"><strong><span style=\"font-size: 17px;\">Cliente con el que trabajamos<\/strong><\/h2>\n<ul>\n \t<li>Dirigida por un empresario y de propiedad privada<\/li>\n \t<li>Empresario individual, empresa familiar o socio<\/li>\n \t<li>Fundada al menos tres a\u00f1os, con ingresos anuales de entre $3 millones -$50 millones y en fase de crecimiento<\/li>\n<\/ul>\n<p style=\"text-align: center;\"><strong>Proveedores de capital con los que nos asociamos*.<\/strong><\/p>\n\n<ul>\n \t<li>Bancos de inversi\u00f3n<\/li>\n \t<li>Empresas de capital riesgo<\/li>\n \t<li>Empresas de capital riesgo<\/li>\n \t<li>Empresas de asesoramiento de capital<\/li>\n \t<li>Plataformas de inversores acreditados<\/li>\n \t<li>Empresas financieras especializadas<\/li>\n \t<li>Bancos comerciales<\/li>\n<\/ul>\n*LAF apoya a los registrados<span style=\"font-size: 17px; font-style: normal; font-weight: 400;\">\u00a0<\/span><a href=\"https:\/\/www.finra.org\/#\/\" target=\"_blank\" rel=\"noopener\">FINRA<\/a>\/<a href=\"https:\/\/www.sipc.org\/\" target=\"_blank\" rel=\"noopener\">SIPC<\/a>\u00a0miembros en regla, y que son\u00a0<span style=\"font-size: 17px; font-style: normal; font-weight: 400;\">Cumple con la SEC<\/span>\n<p style=\"text-align: center;\"><strong>Industria en la que nos centramos<\/strong><\/p>\n\n<ul>\n \t<li>Autom\u00f3viles y camiones<\/li>\n \t<li>Bienes inmuebles comerciales<\/li>\n \t<li>Hospitalidad<\/li>\n \t<li>Venta al por menor y comercio electr\u00f3nico<\/li>\n \t<li>Servicios financieros<\/li>\n \t<li>Productos biofarmac\u00e9uticos + Sanidad<\/li>\n \t<li>Marketing y publicidad<\/li>\n \t<li>Ingenier\u00eda\/Energ\u00eda renovable<\/li> \n<\/ul>\n<\/div>\t\t\t\t\t\t\t\t<\/div>\n\t\t\t\t<\/div>\n\t\t\t\t\t<\/div>\n\t\t<\/div>\n\t\t\t\t<div class=\"elementor-column elementor-col-33 elementor-top-column elementor-element elementor-element-8f16a68\" data-id=\"8f16a68\" data-element_type=\"column\" data-e-type=\"column\" data-settings=\"{&quot;background_background&quot;:&quot;classic&quot;}\">\n\t\t\t<div class=\"elementor-widget-wrap elementor-element-populated\">\n\t\t\t\t\t\t<div class=\"elementor-element elementor-element-1956901 elementor-widget elementor-widget-heading\" data-id=\"1956901\" data-element_type=\"widget\" data-e-type=\"widget\" data-widget_type=\"heading.default\">\n\t\t\t\t<div class=\"elementor-widget-container\">\n\t\t\t\t\t<h2 class=\"elementor-heading-title elementor-size-default\">Comparte:<\/h2>\t\t\t\t<\/div>\n\t\t\t\t<\/div>\n\t\t\t\t<div class=\"elementor-element elementor-element-0085072 elementor-share-buttons--view-icon elementor-grid-tablet-3 elementor-grid-mobile-0 elementor-share-buttons--skin-gradient elementor-share-buttons--shape-square elementor-grid-0 elementor-share-buttons--color-official elementor-widget elementor-widget-share-buttons\" data-id=\"0085072\" data-element_type=\"widget\" data-e-type=\"widget\" data-widget_type=\"share-buttons.default\">\n\t\t\t\t<div class=\"elementor-widget-container\">\n\t\t\t\t\t\t\t<div class=\"elementor-grid\" role=\"list\">\n\t\t\t\t\t\t\t\t<div class=\"elementor-grid-item\" role=\"listitem\">\n\t\t\t\t\t\t<div class=\"elementor-share-btn elementor-share-btn_facebook\" role=\"button\" tabindex=\"0\" aria-label=\"Compartir en facebook\">\n\t\t\t\t\t\t\t\t\t\t\t\t\t\t\t<span class=\"elementor-share-btn__icon\">\n\t\t\t\t\t\t\t\t<i class=\"fab fa-facebook\" aria-hidden=\"true\"><\/i>\t\t\t\t\t\t\t<\/span>\n\t\t\t\t\t\t\t\t\t\t\t\t\t\t\t\t\t\t\t\t<\/div>\n\t\t\t\t\t<\/div>\n\t\t\t\t\t\t\t\t\t<div class=\"elementor-grid-item\" role=\"listitem\">\n\t\t\t\t\t\t<div class=\"elementor-share-btn elementor-share-btn_twitter\" role=\"button\" tabindex=\"0\" aria-label=\"Compartir en twitter\">\n\t\t\t\t\t\t\t\t\t\t\t\t\t\t\t<span class=\"elementor-share-btn__icon\">\n\t\t\t\t\t\t\t\t<i class=\"fab fa-twitter\" aria-hidden=\"true\"><\/i>\t\t\t\t\t\t\t<\/span>\n\t\t\t\t\t\t\t\t\t\t\t\t\t\t\t\t\t\t\t\t<\/div>\n\t\t\t\t\t<\/div>\n\t\t\t\t\t\t\t\t\t<div class=\"elementor-grid-item\" role=\"listitem\">\n\t\t\t\t\t\t<div class=\"elementor-share-btn elementor-share-btn_linkedin\" role=\"button\" tabindex=\"0\" aria-label=\"Compartir en linkedin\">\n\t\t\t\t\t\t\t\t\t\t\t\t\t\t\t<span class=\"elementor-share-btn__icon\">\n\t\t\t\t\t\t\t\t<i class=\"fab fa-linkedin\" aria-hidden=\"true\"><\/i>\t\t\t\t\t\t\t<\/span>\n\t\t\t\t\t\t\t\t\t\t\t\t\t\t\t\t\t\t\t\t<\/div>\n\t\t\t\t\t<\/div>\n\t\t\t\t\t\t\t\t\t<div class=\"elementor-grid-item\" role=\"listitem\">\n\t\t\t\t\t\t<div class=\"elementor-share-btn elementor-share-btn_whatsapp\" role=\"button\" tabindex=\"0\" aria-label=\"Compartir en whatsapp\">\n\t\t\t\t\t\t\t\t\t\t\t\t\t\t\t<span class=\"elementor-share-btn__icon\">\n\t\t\t\t\t\t\t\t<i class=\"fab fa-whatsapp\" aria-hidden=\"true\"><\/i>\t\t\t\t\t\t\t<\/span>\n\t\t\t\t\t\t\t\t\t\t\t\t\t\t\t\t\t\t\t\t<\/div>\n\t\t\t\t\t<\/div>\n\t\t\t\t\t\t<\/div>\n\t\t\t\t\t\t<\/div>\n\t\t\t\t<\/div>\n\t\t\t\t<div class=\"elementor-element elementor-element-eef7279 elementor-widget elementor-widget-spacer\" data-id=\"eef7279\" data-element_type=\"widget\" data-e-type=\"widget\" data-widget_type=\"spacer.default\">\n\t\t\t\t<div class=\"elementor-widget-container\">\n\t\t\t\t\t\t\t<div class=\"elementor-spacer\">\n\t\t\t<div class=\"elementor-spacer-inner\"><\/div>\n\t\t<\/div>\n\t\t\t\t\t\t<\/div>\n\t\t\t\t<\/div>\n\t\t\t\t<div class=\"elementor-element elementor-element-5112a09 elementor-widget elementor-widget-heading\" data-id=\"5112a09\" data-element_type=\"widget\" data-e-type=\"widget\" data-widget_type=\"heading.default\">\n\t\t\t\t<div class=\"elementor-widget-container\">\n\t\t\t\t\t<h2 class=\"elementor-heading-title elementor-size-default\">Servicios: <\/h2>\t\t\t\t<\/div>\n\t\t\t\t<\/div>\n\t\t\t\t<div class=\"elementor-element elementor-element-d2b23ad elementor-nav-menu--dropdown-tablet elementor-nav-menu__text-align-aside elementor-nav-menu--toggle elementor-nav-menu--burger elementor-widget elementor-widget-nav-menu\" data-id=\"d2b23ad\" data-element_type=\"widget\" data-e-type=\"widget\" data-settings=\"{&quot;layout&quot;:&quot;vertical&quot;,&quot;submenu_icon&quot;:{&quot;value&quot;:&quot;&lt;i class=\\&quot;fas fa-caret-down\\&quot; aria-hidden=\\&quot;true\\&quot;&gt;&lt;\\\/i&gt;&quot;,&quot;library&quot;:&quot;fa-solid&quot;},&quot;toggle&quot;:&quot;burger&quot;}\" data-widget_type=\"nav-menu.default\">\n\t\t\t\t<div class=\"elementor-widget-container\">\n\t\t\t\t\t\t\t\t<nav aria-label=\"Men\u00fa\" class=\"elementor-nav-menu--main elementor-nav-menu__container elementor-nav-menu--layout-vertical e--pointer-underline e--animation-fade\">\n\t\t\t\t<ul id=\"menu-1-d2b23ad\" class=\"elementor-nav-menu sm-vertical\"><li class=\"menu-item menu-item-type-post_type menu-item-object-page menu-item-2957\"><a href=\"https:\/\/lions.financial\/es\/contact\/\" class=\"elementor-item menu-link\">Contacto<\/a><\/li>\n<li class=\"menu-item menu-item-type-post_type menu-item-object-page menu-item-2540\"><a href=\"https:\/\/lions.financial\/es\/services\/business-plan\/\" class=\"elementor-item menu-link\">Plan de empresa - Lions Financial<\/a><\/li>\n<li class=\"menu-item menu-item-type-post_type menu-item-object-page menu-item-2541\"><a href=\"https:\/\/lions.financial\/es\/business-advisory-buy-sell-agreements\/\" class=\"elementor-item menu-link\">Acuerdos de compraventa<\/a><\/li>\n<li class=\"menu-item menu-item-type-post_type menu-item-object-page menu-item-2542\"><a href=\"https:\/\/lions.financial\/es\/services\/business-advisory-deferred-compensation\/\" class=\"elementor-item menu-link\">Compensaci\u00f3n diferida<\/a><\/li>\n<li class=\"menu-item menu-item-type-post_type menu-item-object-page menu-item-2543\"><a href=\"https:\/\/lions.financial\/es\/services\/business-advisory-employee-benefits\/\" class=\"elementor-item menu-link\">Beneficios para el grupo de empleados<\/a><\/li>\n<li class=\"menu-item menu-item-type-post_type menu-item-object-page menu-item-2544\"><a href=\"https:\/\/lions.financial\/es\/services\/business-advisory-executive-compensation-tax-strategies\/\" class=\"elementor-item menu-link\">Remuneraci\u00f3n de los ejecutivos<\/a><\/li>\n<li class=\"menu-item menu-item-type-post_type menu-item-object-page menu-item-2545\"><a href=\"https:\/\/lions.financial\/es\/services\/business-advisory-succession-planning\/\" class=\"elementor-item menu-link\">Planificaci\u00f3n de la sucesi\u00f3n<\/a><\/li>\n<li class=\"menu-item menu-item-type-post_type menu-item-object-page menu-item-2949\"><a href=\"https:\/\/lions.financial\/es\/services-risk-management\/\" class=\"elementor-item menu-link\">Servicio de consultor\u00eda en gesti\u00f3n de riesgos<\/a><\/li>\n<li class=\"menu-item menu-item-type-post_type menu-item-object-page menu-item-2947\"><a href=\"https:\/\/lions.financial\/es\/services-risk-management-premium-financing\/\" class=\"elementor-item menu-link\">Financiaci\u00f3n de la prima<\/a><\/li>\n<li class=\"menu-item menu-item-type-post_type menu-item-object-page menu-item-2948\"><a href=\"https:\/\/lions.financial\/es\/risk-management-key-person-coverage\/\" class=\"elementor-item menu-link\">Cobertura de la persona clave<\/a><\/li>\n<li class=\"menu-item menu-item-type-post_type menu-item-object-page menu-item-2951\"><a href=\"https:\/\/lions.financial\/es\/capital-markets\/\" class=\"elementor-item menu-link\">Mercados de capitales<\/a><\/li>\n<li class=\"menu-item menu-item-type-post_type menu-item-object-page menu-item-2955\"><a href=\"https:\/\/lions.financial\/es\/services\/capital-markets-mergers-and-acquisitions\/\" class=\"elementor-item menu-link\">Fusiones y adquisiciones<\/a><\/li>\n<li class=\"menu-item menu-item-type-post_type menu-item-object-page menu-item-2950\"><a href=\"https:\/\/lions.financial\/es\/due-diligence-and-valuation\/\" class=\"elementor-item menu-link\">Diligencia debida y valoraci\u00f3n<\/a><\/li>\n<li class=\"menu-item menu-item-type-post_type menu-item-object-page menu-item-2956\"><a href=\"https:\/\/lions.financial\/es\/our-team\/\" class=\"elementor-item menu-link\">Nuestro equipo<\/a><\/li>\n<li class=\"menu-item menu-item-type-post_type menu-item-object-page menu-item-2953\"><a href=\"https:\/\/lions.financial\/es\/insights-professional-alliance-program\/\" class=\"elementor-item menu-link\">Programa de Alianza Profesional<\/a><\/li>\n<\/ul>\t\t\t<\/nav>\n\t\t\t\t\t<div class=\"elementor-menu-toggle\" role=\"button\" tabindex=\"0\" aria-label=\"Men\u00fa Toggle\" aria-expanded=\"false\">\n\t\t\t<i aria-hidden=\"true\" role=\"presentation\" class=\"elementor-menu-toggle__icon--open eicon-menu-bar\"><\/i><i aria-hidden=\"true\" role=\"presentation\" class=\"elementor-menu-toggle__icon--close eicon-close\"><\/i>\t\t<\/div>\n\t\t\t\t\t<nav class=\"elementor-nav-menu--dropdown elementor-nav-menu__container\" aria-hidden=\"true\">\n\t\t\t\t<ul id=\"menu-2-d2b23ad\" class=\"elementor-nav-menu sm-vertical\"><li class=\"menu-item menu-item-type-post_type menu-item-object-page menu-item-2957\"><a href=\"https:\/\/lions.financial\/es\/contact\/\" class=\"elementor-item menu-link\" tabindex=\"-1\">Contacto<\/a><\/li>\n<li class=\"menu-item menu-item-type-post_type menu-item-object-page menu-item-2540\"><a href=\"https:\/\/lions.financial\/es\/services\/business-plan\/\" class=\"elementor-item menu-link\" tabindex=\"-1\">Plan de empresa - Lions Financial<\/a><\/li>\n<li class=\"menu-item menu-item-type-post_type menu-item-object-page menu-item-2541\"><a href=\"https:\/\/lions.financial\/es\/business-advisory-buy-sell-agreements\/\" class=\"elementor-item menu-link\" tabindex=\"-1\">Acuerdos de compraventa<\/a><\/li>\n<li class=\"menu-item menu-item-type-post_type menu-item-object-page menu-item-2542\"><a href=\"https:\/\/lions.financial\/es\/services\/business-advisory-deferred-compensation\/\" class=\"elementor-item menu-link\" tabindex=\"-1\">Compensaci\u00f3n diferida<\/a><\/li>\n<li class=\"menu-item menu-item-type-post_type menu-item-object-page menu-item-2543\"><a href=\"https:\/\/lions.financial\/es\/services\/business-advisory-employee-benefits\/\" class=\"elementor-item menu-link\" tabindex=\"-1\">Beneficios para el grupo de empleados<\/a><\/li>\n<li class=\"menu-item menu-item-type-post_type menu-item-object-page menu-item-2544\"><a href=\"https:\/\/lions.financial\/es\/services\/business-advisory-executive-compensation-tax-strategies\/\" class=\"elementor-item menu-link\" tabindex=\"-1\">Remuneraci\u00f3n de los ejecutivos<\/a><\/li>\n<li class=\"menu-item menu-item-type-post_type menu-item-object-page menu-item-2545\"><a href=\"https:\/\/lions.financial\/es\/services\/business-advisory-succession-planning\/\" class=\"elementor-item menu-link\" tabindex=\"-1\">Planificaci\u00f3n de la sucesi\u00f3n<\/a><\/li>\n<li class=\"menu-item menu-item-type-post_type menu-item-object-page menu-item-2949\"><a href=\"https:\/\/lions.financial\/es\/services-risk-management\/\" class=\"elementor-item menu-link\" tabindex=\"-1\">Servicio de consultor\u00eda en gesti\u00f3n de riesgos<\/a><\/li>\n<li class=\"menu-item menu-item-type-post_type menu-item-object-page menu-item-2947\"><a href=\"https:\/\/lions.financial\/es\/services-risk-management-premium-financing\/\" class=\"elementor-item menu-link\" tabindex=\"-1\">Financiaci\u00f3n de la prima<\/a><\/li>\n<li class=\"menu-item menu-item-type-post_type menu-item-object-page menu-item-2948\"><a href=\"https:\/\/lions.financial\/es\/risk-management-key-person-coverage\/\" class=\"elementor-item menu-link\" tabindex=\"-1\">Cobertura de la persona clave<\/a><\/li>\n<li class=\"menu-item menu-item-type-post_type menu-item-object-page menu-item-2951\"><a href=\"https:\/\/lions.financial\/es\/capital-markets\/\" class=\"elementor-item menu-link\" tabindex=\"-1\">Mercados de capitales<\/a><\/li>\n<li class=\"menu-item menu-item-type-post_type menu-item-object-page menu-item-2955\"><a href=\"https:\/\/lions.financial\/es\/services\/capital-markets-mergers-and-acquisitions\/\" class=\"elementor-item menu-link\" tabindex=\"-1\">Fusiones y adquisiciones<\/a><\/li>\n<li class=\"menu-item menu-item-type-post_type menu-item-object-page menu-item-2950\"><a href=\"https:\/\/lions.financial\/es\/due-diligence-and-valuation\/\" class=\"elementor-item menu-link\" tabindex=\"-1\">Diligencia debida y valoraci\u00f3n<\/a><\/li>\n<li class=\"menu-item menu-item-type-post_type menu-item-object-page menu-item-2956\"><a href=\"https:\/\/lions.financial\/es\/our-team\/\" class=\"elementor-item menu-link\" tabindex=\"-1\">Nuestro equipo<\/a><\/li>\n<li class=\"menu-item menu-item-type-post_type menu-item-object-page menu-item-2953\"><a href=\"https:\/\/lions.financial\/es\/insights-professional-alliance-program\/\" class=\"elementor-item menu-link\" tabindex=\"-1\">Programa de Alianza Profesional<\/a><\/li>\n<\/ul>\t\t\t<\/nav>\n\t\t\t\t\t\t<\/div>\n\t\t\t\t<\/div>\n\t\t\t\t<div class=\"elementor-element elementor-element-7785b5e elementor-widget elementor-widget-spacer\" data-id=\"7785b5e\" data-element_type=\"widget\" data-e-type=\"widget\" data-widget_type=\"spacer.default\">\n\t\t\t\t<div class=\"elementor-widget-container\">\n\t\t\t\t\t\t\t<div class=\"elementor-spacer\">\n\t\t\t<div class=\"elementor-spacer-inner\"><\/div>\n\t\t<\/div>\n\t\t\t\t\t\t<\/div>\n\t\t\t\t<\/div>\n\t\t\t\t\t<\/div>\n\t\t<\/div>\n\t\t\t\t\t<\/div>\n\t\t<\/section>\n\t\t\t\t<\/div>","protected":false},"excerpt":{"rendered":"<p>Risk Management Businesses face many risks as do the individuals operating those companies, to successfully achieve company&#8217;s objectives, risk management should be at the center [&hellip;]<\/p>\n","protected":false},"author":3,"featured_media":0,"parent":0,"menu_order":0,"comment_status":"closed","ping_status":"closed","template":"","meta":{"_acf_changed":false,"content-type":"","site-sidebar-layout":"no-sidebar","site-content-layout":"page-builder","ast-site-content-layout":"default","site-content-style":"default","site-sidebar-style":"default","ast-global-header-display":"","ast-banner-title-visibility":"","ast-main-header-display":"","ast-hfb-above-header-display":"","ast-hfb-below-header-display":"","ast-hfb-mobile-header-display":"","site-post-title":"disabled","ast-breadcrumbs-content":"","ast-featured-img":"disabled","footer-sml-layout":"","theme-transparent-header-meta":"default","adv-header-id-meta":"","stick-header-meta":"default","header-above-stick-meta":"","header-main-stick-meta":"","header-below-stick-meta":"","astra-migrate-meta-layouts":"default","ast-page-background-enabled":"default","ast-page-background-meta":{"desktop":{"background-color":"","background-image":"","background-repeat":"repeat","background-position":"center center","background-size":"auto","background-attachment":"scroll","background-type":"","background-media":"","overlay-type":"","overlay-color":"","overlay-opacity":"","overlay-gradient":""},"tablet":{"background-color":"","background-image":"","background-repeat":"repeat","background-position":"center center","background-size":"auto","background-attachment":"scroll","background-type":"","background-media":"","overlay-type":"","overlay-color":"","overlay-opacity":"","overlay-gradient":""},"mobile":{"background-color":"","background-image":"","background-repeat":"repeat","background-position":"center center","background-size":"auto","background-attachment":"scroll","background-type":"","background-media":"","overlay-type":"","overlay-color":"","overlay-opacity":"","overlay-gradient":""}},"ast-content-background-meta":{"desktop":{"background-color":"var(--ast-global-color-5)","background-image":"","background-repeat":"repeat","background-position":"center center","background-size":"auto","background-attachment":"scroll","background-type":"","background-media":"","overlay-type":"","overlay-color":"","overlay-opacity":"","overlay-gradient":""},"tablet":{"background-color":"var(--ast-global-color-5)","background-image":"","background-repeat":"repeat","background-position":"center center","background-size":"auto","background-attachment":"scroll","background-type":"","background-media":"","overlay-type":"","overlay-color":"","overlay-opacity":"","overlay-gradient":""},"mobile":{"background-color":"var(--ast-global-color-5)","background-image":"","background-repeat":"repeat","background-position":"center center","background-size":"auto","background-attachment":"scroll","background-type":"","background-media":"","overlay-type":"","overlay-color":"","overlay-opacity":"","overlay-gradient":""}},"footnotes":""},"class_list":["post-2765","page","type-page","status-publish","hentry"],"acf":[],"_links":{"self":[{"href":"https:\/\/lions.financial\/es\/wp-json\/wp\/v2\/pages\/2765","targetHints":{"allow":["GET"]}}],"collection":[{"href":"https:\/\/lions.financial\/es\/wp-json\/wp\/v2\/pages"}],"about":[{"href":"https:\/\/lions.financial\/es\/wp-json\/wp\/v2\/types\/page"}],"author":[{"embeddable":true,"href":"https:\/\/lions.financial\/es\/wp-json\/wp\/v2\/users\/3"}],"replies":[{"embeddable":true,"href":"https:\/\/lions.financial\/es\/wp-json\/wp\/v2\/comments?post=2765"}],"version-history":[{"count":34,"href":"https:\/\/lions.financial\/es\/wp-json\/wp\/v2\/pages\/2765\/revisions"}],"predecessor-version":[{"id":8706,"href":"https:\/\/lions.financial\/es\/wp-json\/wp\/v2\/pages\/2765\/revisions\/8706"}],"wp:attachment":[{"href":"https:\/\/lions.financial\/es\/wp-json\/wp\/v2\/media?parent=2765"}],"curies":[{"name":"wp","href":"https:\/\/api.w.org\/{rel}","templated":true}]}}